{"id":3893,"date":"2024-02-01T21:01:14","date_gmt":"2024-02-01T21:01:14","guid":{"rendered":"https:\/\/wp2.yogsthemes.com\/thewp\/oment\/?page_id=3893"},"modified":"2026-01-09T11:47:42","modified_gmt":"2026-01-09T11:47:42","slug":"ziyaretci","status":"publish","type":"page","link":"https:\/\/kayserifurniturefair.com\/ar\/ziyaretci\/","title":{"rendered":"\u0632\u0627\u0626\u0631"},"content":{"rendered":"<div data-elementor-type=\"wp-page\" data-elementor-id=\"3893\" class=\"elementor elementor-3893\">\n\t\t\t\t<div class=\"elementor-element elementor-element-2780368 e-flex e-con-boxed e-con e-parent\" data-id=\"2780368\" data-element_type=\"container\">\n\t\t\t\t\t<div class=\"e-con-inner\">\n\t\t\t\t\t<\/div>\n\t\t\t\t<\/div>\n\t\t<div class=\"elementor-element elementor-element-9ccd703 e-flex e-con-boxed e-con e-parent\" data-id=\"9ccd703\" data-element_type=\"container\">\n\t\t\t\t\t<div class=\"e-con-inner\">\n\t\t<div class=\"elementor-element elementor-element-9930c06 e-con-full e-flex e-con e-child\" data-id=\"9930c06\" data-element_type=\"container\">\n\t\t\t\t<div class=\"elementor-element elementor-element-b7138c2 elementor-widget elementor-widget-heading\" data-id=\"b7138c2\" data-element_type=\"widget\" data-widget_type=\"heading.default\">\n\t\t\t\t\t<h2 class=\"elementor-heading-title elementor-size-default\">\u0644\u0645\u0627\u0630\u0627 \u064a\u062c\u0628 \u0623\u0646 \u062a\u0635\u0628\u062d \u0632\u0627\u0626\u0631\u0627\u064b\u061f<\/h2>\t\t\t\t<\/div>\n\t\t\t\t<\/div>\n\t\t\t\t\t<\/div>\n\t\t\t\t<\/div>\n\t\t<div class=\"elementor-element elementor-element-5cc3e49 e-flex e-con-boxed e-con e-parent\" data-id=\"5cc3e49\" data-element_type=\"container\">\n\t\t\t\t\t<div class=\"e-con-inner\">\n\t\t\t\t<div class=\"elementor-element elementor-element-ec4a3fa elementor-widget elementor-widget-text-editor\" data-id=\"ec4a3fa\" data-element_type=\"widget\" data-widget_type=\"text-editor.default\">\n\t\t\t\t\t\t\t\t\t<p data-start=\"164\" data-end=\"594\"><strong>\u064a\u0642\u062f\u0645 \u0645\u0639\u0631\u0636\u0646\u0627 \u0644\u0644\u0623\u062b\u0627\u062b \u0645\u0646\u0635\u0629 \u0641\u0631\u064a\u062f\u0629 \u0645\u0646 \u0646\u0648\u0639\u0647\u0627 \u062a\u062c\u0645\u0639 \u0628\u064a\u0646 \u0623\u0643\u062b\u0631 \u0627\u0644\u0627\u062a\u062c\u0627\u0647\u0627\u062a \u0627\u0628\u062a\u0643\u0627\u0631\u0627\u064b \u0648\u062d\u062f\u0627\u062b\u0629 \u0641\u064a \u0647\u0630\u0647 \u0627\u0644\u0635\u0646\u0627\u0639\u0629. \u0633\u0648\u0627\u0621 \u0643\u0646\u062a \u0645\u0635\u0645\u0645 \u062f\u064a\u0643\u0648\u0631 \u062f\u0627\u062e\u0644\u064a \u0623\u0648 \u0635\u0627\u062d\u0628 \u0645\u062a\u062c\u0631 \u0628\u064a\u0639 \u0628\u0627\u0644\u062a\u062c\u0632\u0626\u0629 \u0623\u0648 \u0641\u0631\u062f\u0627\u064b \u0645\u062a\u062d\u0645\u0633\u0627\u064b \u0644\u0644\u062a\u0635\u0645\u064a\u0645\u060c \u0641\u0625\u0646 \u0645\u0639\u0631\u0636\u0646\u0627 \u064a\u0642\u062f\u0645 \u062a\u062c\u0627\u0631\u0628 \u0645\u0644\u0647\u0645\u0629 \u0644\u0643\u0644 \u0632\u0627\u0626\u0631. \u0633\u062a\u062a\u0627\u062d \u0644\u0643 \u0627\u0644\u0641\u0631\u0635\u0629 \u0644\u0645\u0634\u0627\u0647\u062f\u0629 \u0627\u0644\u0645\u062c\u0645\u0648\u0639\u0627\u062a \u0627\u0644\u062c\u062f\u064a\u062f\u0629 \u0645\u0628\u0627\u0634\u0631\u0629\u064b \u0648\u0627\u0644\u062a\u0648\u0627\u0635\u0644 \u0645\u0628\u0627\u0634\u0631\u0629\u064b \u0645\u0639 \u0645\u062e\u062a\u0644\u0641 \u0627\u0644\u0645\u0635\u0646\u0639\u064a\u0646 \u0648\u0627\u0644\u062a\u0639\u0644\u0645 \u0645\u0646 \u0643\u0628\u0627\u0631 \u0627\u0644\u0645\u062a\u062e\u0635\u0635\u064a\u0646 \u0641\u064a \u0647\u0630\u0627 \u0627\u0644\u0645\u062c\u0627\u0644.<\/strong><\/p><p data-start=\"596\" data-end=\"978\"><strong>\u0644\u0627 \u064a\u0633\u0645\u062d \u0644\u0643 \u0645\u0639\u0631\u0636\u0646\u0627 \u0628\u0645\u0634\u0627\u0647\u062f\u0629 \u0627\u0644\u0645\u0646\u062a\u062c\u0627\u062a \u0641\u062d\u0633\u0628\u060c \u0628\u0644 \u064a\u062a\u064a\u062d \u0644\u0643 \u0623\u064a\u0636\u0627\u064b \u0627\u0644\u062d\u0635\u0648\u0644 \u0639\u0644\u0649 \u0646\u0638\u0631\u0629 \u062b\u0627\u0642\u0628\u0629 \u0644\u0645\u0633\u062a\u0642\u0628\u0644 \u0627\u0644\u0635\u0646\u0627\u0639\u0629\u060c \u0648\u0627\u0643\u062a\u0634\u0627\u0641 \u0627\u0644\u062a\u0635\u0627\u0645\u064a\u0645 \u0627\u0644\u0645\u0628\u062a\u0643\u0631\u0629 \u0648\u062a\u0648\u0633\u064a\u0639 \u0634\u0628\u0643\u0629 \u0623\u0639\u0645\u0627\u0644\u0643. \u062a\u062a\u0627\u062d \u0627\u0644\u0641\u0631\u0635\u0629 \u0644\u0644\u062d\u0636\u0648\u0631 \u0644\u0644\u0627\u0637\u0644\u0627\u0639 \u0639\u0644\u0649 \u0623\u062d\u062f\u062b \u0627\u0644\u062a\u0642\u0646\u064a\u0627\u062a \u0648\u0627\u0644\u0645\u0648\u0627\u062f \u0648\u0627\u0644\u0627\u062a\u062c\u0627\u0647\u0627\u062a \u0641\u064a \u0645\u062c\u0627\u0644 \u0627\u0644\u0623\u062b\u0627\u062b \u0648\u0627\u0644\u062f\u064a\u0643\u0648\u0631\u060c \u0645\u0639 \u0632\u064a\u0627\u062f\u0629 \u0645\u0639\u0631\u0641\u062a\u0647\u0645 \u0648\u062e\u0628\u0631\u062a\u0647\u0645 \u0645\u0646 \u062e\u0644\u0627\u0644 \u0648\u0631\u0634 \u0627\u0644\u0639\u0645\u0644 \u0648\u0627\u0644\u0639\u0631\u0648\u0636 \u0627\u0644\u062a\u0642\u062f\u064a\u0645\u064a\u0629 \u0627\u0644\u0627\u062d\u062a\u0631\u0627\u0641\u064a\u0629.<\/strong><\/p><p data-start=\"980\" data-end=\"1189\"><strong>\u0628\u0627\u062e\u062a\u0635\u0627\u0631\u060c \u0645\u0639\u0631\u0636\u0646\u0627 \u0644\u0644\u0623\u062b\u0627\u062b \u0647\u0648 \u0646\u0642\u0637\u0629 \u0627\u0644\u062a\u0642\u0627\u0621 \u0644\u0627 \u064a\u0645\u0643\u0646 \u062a\u0641\u0648\u064a\u062a\u0647\u0627 \u0644\u0643\u0644 \u0645\u0646 \u064a\u0631\u064a\u062f \u0645\u062a\u0627\u0628\u0639\u0629 \u0627\u0644\u062a\u0637\u0648\u0631\u0627\u062a \u0641\u064a \u0647\u0630\u0627 \u0627\u0644\u0642\u0637\u0627\u0639 \u0648\u0627\u0643\u062a\u0634\u0627\u0641 \u0641\u0631\u0635 \u0639\u0645\u0644 \u062c\u062f\u064a\u062f\u0629 \u0648\u062a\u0628\u0627\u062f\u0644 \u0627\u0644\u0623\u0641\u0643\u0627\u0631 \u0641\u064a \u0628\u064a\u0626\u0629 \u0645\u0644\u064a\u0626\u0629 \u0628\u0627\u0644\u0625\u0644\u0647\u0627\u0645.<\/strong><\/p>\t\t\t\t\t\t\t\t<\/div>\n\t\t\t\t\t<\/div>\n\t\t\t\t<\/div>\n\t\t<div class=\"elementor-element elementor-element-41aade4 e-grid e-con-boxed e-con e-parent\" data-id=\"41aade4\" data-element_type=\"container\">\n\t\t\t\t\t<div class=\"e-con-inner\">\n\t\t\t\t<div class=\"elementor-element elementor-element-28cabf9 elementor-widget elementor-widget-text-editor\" data-id=\"28cabf9\" data-element_type=\"widget\" data-widget_type=\"text-editor.default\">\n\t\t\t\t\t\t\t\t\t<h3><strong>\u062a\u062c\u0627\u0631 \u0627\u0644\u062c\u0645\u0644\u0629 \u0648\u0627\u0644\u0645\u0648\u0632\u0639\u0648\u0646<\/strong><\/h3><p>\u00a0<\/p><p>\u064a\u0639\u062f \u0645\u0639\u0631\u0636\u0646\u0627 \u0646\u0642\u0637\u0629 \u0627\u0644\u062a\u0642\u0627\u0621 \u0645\u0647\u0645\u0629 \u0644\u062a\u062c\u0627\u0631 \u0627\u0644\u062c\u0645\u0644\u0629 \u0648\u0627\u0644\u0645\u0648\u0632\u0639\u064a\u0646 \u0627\u0644\u0630\u064a\u0646 \u064a\u0631\u063a\u0628\u0648\u0646 \u0641\u064a \u0632\u064a\u0627\u062f\u0629 \u0645\u062c\u0645\u0648\u0639\u0629 \u0645\u0646\u062a\u062c\u0627\u062a\u0647\u0645 \u0648\u0625\u0642\u0627\u0645\u0629 \u0634\u0631\u0627\u0643\u0627\u062a \u062a\u062c\u0627\u0631\u064a\u0629 \u0642\u0648\u064a\u0629 \u0648\u0627\u0643\u062a\u0634\u0627\u0641 \u0623\u0633\u0648\u0627\u0642 \u062c\u062f\u064a\u062f\u0629 \u0641\u064a \u0642\u0637\u0627\u0639 \u0627\u0644\u0623\u062b\u0627\u062b. \u0645\u0639 \u0645\u062c\u0645\u0648\u0639\u0629 \u0645\u0646\u062a\u062c\u0627\u062a \u063a\u0646\u064a\u0629 \u0648\u062a\u0635\u0627\u0645\u064a\u0645 \u0645\u0628\u062a\u0643\u0631\u0629 \u0648\u0645\u0632\u0627\u064a\u0627 \u0633\u0639\u0631\u064a\u0629 \u062a\u0646\u0627\u0641\u0633\u064a\u0629\u060c \u0633\u062a\u062a\u0627\u062d \u0627\u0644\u0641\u0631\u0635\u0629 \u0644\u0644\u0639\u0627\u0631\u0636\u064a\u0646 \u0644\u062f\u064a\u0646\u0627 \u0644\u062a\u0648\u0633\u064a\u0639 \u0634\u0628\u0643\u0627\u062a \u0623\u0639\u0645\u0627\u0644\u0647\u0645 \u0648\u0627\u0644\u0639\u0645\u0644 \u0645\u0639 \u0639\u0644\u0627\u0645\u0627\u062a \u062a\u062c\u0627\u0631\u064a\u0629 \u062c\u062f\u064a\u062f\u0629.<\/p>\t\t\t\t\t\t\t\t<\/div>\n\t\t\t\t<div class=\"elementor-element elementor-element-88f5962 elementor-widget elementor-widget-text-editor\" data-id=\"88f5962\" data-element_type=\"widget\" data-widget_type=\"text-editor.default\">\n\t\t\t\t\t\t\t\t\t<h3><strong>\u0623\u0635\u062d\u0627\u0628 \u0645\u062a\u0627\u062c\u0631 \u0627\u0644\u0628\u064a\u0639 \u0628\u0627\u0644\u062a\u062c\u0632\u0626\u0629<\/strong><\/h3><p data-start=\"88\" data-end=\"445\">\u00a0<\/p><p data-start=\"88\" data-end=\"445\">\u064a\u0639\u062f \u0645\u0639\u0631\u0636\u0646\u0627 \u0646\u0642\u0637\u0629 \u0627\u0644\u062a\u0642\u0627\u0621 \u0645\u0644\u0647\u0645\u0629 \u0644\u0623\u0635\u062d\u0627\u0628 \u0645\u062a\u0627\u062c\u0631 \u0627\u0644\u062a\u062c\u0632\u0626\u0629 \u0627\u0644\u0630\u064a\u0646 \u064a\u0631\u063a\u0628\u0648\u0646 \u0641\u064a \u062a\u0642\u062f\u064a\u0645 \u0645\u0646\u062a\u062c\u0627\u062a \u0645\u062e\u062a\u0644\u0641\u0629 \u0648\u0639\u0627\u0644\u064a\u0629 \u0627\u0644\u062c\u0648\u062f\u0629 \u0641\u064a \u0645\u062a\u0627\u062c\u0631\u0647\u0645. \u064a\u0645\u0643\u0646 \u0644\u0644\u0632\u0648\u0627\u0631 \u0645\u062a\u0627\u0628\u0639\u0629 \u0627\u0644\u0627\u062a\u062c\u0627\u0647\u0627\u062a \u0645\u0646 \u062e\u0644\u0627\u0644 \u0627\u0644\u0627\u0637\u0644\u0627\u0639 \u0639\u0646 \u0643\u062b\u0628 \u0639\u0644\u0649 \u0623\u062d\u062f\u062b \u0645\u062c\u0645\u0648\u0639\u0627\u062a \u0627\u0644\u0623\u062b\u0627\u062b \u0648\u0625\u064a\u062c\u0627\u062f \u0627\u0644\u0641\u0631\u0635\u0629 \u0644\u062a\u0639\u0632\u064a\u0632 \u0645\u062d\u0627\u0641\u0638 \u0645\u062a\u0627\u062c\u0631\u0647\u0645 \u0645\u0646 \u062e\u0644\u0627\u0644 \u0627\u062e\u062a\u064a\u0627\u0631 \u0627\u0644\u0645\u0646\u062a\u062c\u0627\u062a \u0627\u0644\u0645\u0646\u0627\u0633\u0628\u0629 \u0644\u0637\u0644\u0628\u0627\u062a \u0627\u0644\u0639\u0645\u0644\u0627\u0621.<\/p>\t\t\t\t\t\t\t\t<\/div>\n\t\t\t\t<div class=\"elementor-element elementor-element-8a584c7 elementor-widget elementor-widget-text-editor\" data-id=\"8a584c7\" data-element_type=\"widget\" data-widget_type=\"text-editor.default\">\n\t\t\t\t\t\t\t\t\t<h3><strong>\u0645\u0647\u0646\u062f\u0633\u0648 \u0648\u0645\u0635\u0645\u0645\u0648 \u0627\u0644\u062f\u064a\u0643\u0648\u0631 \u0627\u0644\u062f\u0627\u062e\u0644\u064a<\/strong><\/h3><p>\u00a0<\/p><p>\u064a\u0642\u062f\u0645 \u0645\u0639\u0631\u0636\u0646\u0627 \u0627\u0644\u0641\u0631\u0635\u0629 \u0644\u0627\u0643\u062a\u0634\u0627\u0641 \u0623\u062d\u062f\u062b \u0635\u064a\u062d\u0627\u062a \u0627\u0644\u0623\u062b\u0627\u062b \u0644\u0645\u0635\u0645\u0645\u064a \u0627\u0644\u062f\u064a\u0643\u0648\u0631 \u0627\u0644\u062f\u0627\u062e\u0644\u064a \u0648\u0645\u0635\u0645\u0645\u064a \u0627\u0644\u062f\u064a\u0643\u0648\u0631 \u0627\u0644\u0630\u064a\u0646 \u064a\u0631\u063a\u0628\u0648\u0646 \u0641\u064a \u0625\u0636\u0627\u0641\u0629 \u062c\u0645\u0627\u0644\u064a\u0627\u062a \u0648\u0648\u0638\u0627\u0626\u0641 \u0639\u0645\u0644\u064a\u0629 \u0625\u0644\u0649 \u0645\u0633\u0627\u062d\u0627\u062a\u0647\u0645. \u064a\u0645\u0643\u0646 \u0644\u0644\u0645\u0634\u0627\u0631\u0643\u064a\u0646 \u0627\u0644\u0627\u0637\u0644\u0627\u0639 \u0639\u0644\u0649 \u0627\u0644\u0623\u062b\u0627\u062b \u0627\u0644\u0630\u064a \u0633\u064a\u0636\u064a\u0641 \u0642\u064a\u0645\u0629 \u0644\u0645\u0634\u0627\u0631\u064a\u0639\u0647\u0645 \u0628\u062a\u0635\u0627\u0645\u064a\u0645\u0647 \u0627\u0644\u0623\u0635\u0644\u064a\u0629 \u0648\u062d\u0644\u0648\u0644\u0647\u0627 \u0627\u0644\u0645\u0628\u062a\u0643\u0631\u0629\u060c \u0648\u0627\u0644\u0627\u0637\u0644\u0627\u0639 \u0639\u0644\u0649 \u0623\u062d\u062f\u062b \u062e\u064a\u0627\u0631\u0627\u062a \u0627\u0644\u0645\u0648\u0627\u062f \u0648\u0627\u0644\u0623\u0633\u0644\u0648\u0628 \u0641\u064a \u0647\u0630\u0627 \u0627\u0644\u0642\u0637\u0627\u0639.<\/p>\t\t\t\t\t\t\t\t<\/div>\n\t\t\t\t\t<\/div>\n\t\t\t\t<\/div>\n\t\t<div class=\"elementor-element elementor-element-f4160eb e-grid e-con-boxed e-con e-parent\" data-id=\"f4160eb\" data-element_type=\"container\">\n\t\t\t\t\t<div class=\"e-con-inner\">\n\t\t\t\t<div class=\"elementor-element elementor-element-6e743bc elementor-widget elementor-widget-text-editor\" data-id=\"6e743bc\" data-element_type=\"widget\" data-widget_type=\"text-editor.default\">\n\t\t\t\t\t\t\t\t\t<h3><strong>\u0627\u0644\u062a\u062c\u0627\u0631\u0629 \u0627\u0644\u0625\u0644\u0643\u062a\u0631\u0648\u0646\u064a\u0629 \u0648\u0627\u0644\u0628\u0627\u0626\u0639\u0648\u0646 \u0639\u0628\u0631 \u0627\u0644\u0625\u0646\u062a\u0631\u0646\u062a<\/strong><\/h3><p>\u00a0<\/p><p>\u0628\u0627\u0644\u0646\u0633\u0628\u0629 \u0644\u0628\u0627\u0626\u0639\u064a \u0627\u0644\u062a\u062c\u0627\u0631\u0629 \u0627\u0644\u0625\u0644\u0643\u062a\u0631\u0648\u0646\u064a\u0629 \u0648\u0627\u0644\u0628\u0627\u0626\u0639\u064a\u0646 \u0639\u0628\u0631 \u0627\u0644\u0625\u0646\u062a\u0631\u0646\u062a \u0627\u0644\u0630\u064a\u0646 \u064a\u0631\u063a\u0628\u0648\u0646 \u0641\u064a \u0632\u064a\u0627\u062f\u0629 \u0642\u062f\u0631\u062a\u0647\u0645 \u0627\u0644\u062a\u0646\u0627\u0641\u0633\u064a\u0629 \u0641\u064a \u0627\u0644\u0633\u0648\u0642 \u0627\u0644\u0631\u0642\u0645\u064a\u0629\u060c \u064a\u0642\u062f\u0645 \u0645\u0639\u0631\u0636\u0646\u0627 \u0645\u062c\u0645\u0648\u0639\u0629 \u0648\u0627\u0633\u0639\u0629 \u0645\u0646 \u0627\u0644\u0645\u0646\u062a\u062c\u0627\u062a \u0648\u0627\u0644\u062a\u0635\u0627\u0645\u064a\u0645 \u0627\u0644\u0645\u0628\u062a\u0643\u0631\u0629 \u062a\u062d\u062a \u0633\u0642\u0641 \u0648\u0627\u062d\u062f. \u064a\u0645\u0643\u0646 \u0644\u0644\u0639\u0627\u0631\u0636\u064a\u0646 \u062a\u0639\u0632\u064a\u0632 \u0645\u062e\u0632\u0648\u0646\u0647\u0645 \u0645\u0646 \u062e\u0644\u0627\u0644 \u0625\u0642\u0627\u0645\u0629 \u0627\u062a\u0635\u0627\u0644\u0627\u062a \u0645\u0628\u0627\u0634\u0631\u0629 \u0645\u0639 \u0627\u0644\u0645\u0648\u0631\u062f\u064a\u0646 \u0627\u0644\u0645\u0648\u062b\u0648\u0642\u064a\u0646\u060c \u0643\u0645\u0627 \u064a\u0645\u0643\u0646\u0647\u0645 \u0627\u0644\u062d\u0635\u0648\u0644 \u0639\u0644\u0649 \u0641\u0631\u0635\u0629 \u062a\u0648\u0635\u064a\u0644 \u0627\u0644\u0623\u062b\u0627\u062b \u0627\u0644\u0639\u0635\u0631\u064a \u0628\u0633\u0631\u0639\u0629 \u0625\u0644\u0649 \u0639\u0645\u0644\u0627\u0626\u0647\u0645.<\/p>\t\t\t\t\t\t\t\t<\/div>\n\t\t\t\t<div class=\"elementor-element elementor-element-59afecc elementor-widget elementor-widget-text-editor\" data-id=\"59afecc\" data-element_type=\"widget\" data-widget_type=\"text-editor.default\">\n\t\t\t\t\t\t\t\t\t<h3><strong data-start=\"17\" data-end=\"50\">\u0645\u0645\u062b\u0644\u0648 \u0625\u0643\u0633\u0633\u0648\u0627\u0631\u0627\u062a \u0627\u0644\u0623\u062b\u0627\u062b<\/strong><\/h3><p>\u00a0<\/p><p>\u064a\u0648\u0641\u0631 \u0645\u0639\u0631\u0636\u0646\u0627 \u0645\u0646\u0635\u0629 \u0623\u0639\u0645\u0627\u0644 \u0642\u0648\u064a\u0629 \u0644\u0645\u0645\u062b\u0644\u064a \u0627\u0644\u0625\u0643\u0633\u0633\u0648\u0627\u0631\u0627\u062a \u0627\u0644\u0630\u064a\u0646 \u064a\u0642\u062f\u0645\u0648\u0646 \u0645\u0646\u062a\u062c\u0627\u062a \u062a\u0643\u0645\u064a\u0644\u064a\u0629 \u0641\u064a \u0635\u0646\u0627\u0639\u0629 \u0627\u0644\u0623\u062b\u0627\u062b. \u064a\u0645\u0643\u0646 \u0644\u0644\u0639\u0627\u0631\u0636\u064a\u0646 \u0627\u0644\u062a\u0631\u0648\u064a\u062c \u0644\u0645\u0646\u062a\u062c\u0627\u062a\u0647\u0645 \u0645\u0646 \u062e\u0644\u0627\u0644 \u0627\u0644\u062a\u0648\u0627\u0635\u0644 \u0627\u0644\u0645\u0628\u0627\u0634\u0631 \u0645\u0639 \u0645\u0635\u0646\u0639\u064a \u0627\u0644\u0623\u062b\u0627\u062b \u0648\u062a\u062c\u0627\u0631 \u0627\u0644\u062a\u062c\u0632\u0626\u0629 \u0648\u062a\u0637\u0648\u064a\u0631 \u0634\u0631\u0627\u0643\u0627\u062a \u062a\u062c\u0627\u0631\u064a\u0629 \u062c\u062f\u064a\u062f\u0629 \u0648\u0625\u062a\u0627\u062d\u0629 \u0627\u0644\u0641\u0631\u0635\u0629 \u0644\u0644\u0648\u0635\u0648\u0644 \u0625\u0644\u0649 \u062c\u0645\u0647\u0648\u0631 \u0623\u0648\u0633\u0639 \u0641\u064a \u0627\u0644\u0633\u0648\u0642.<\/p>\t\t\t\t\t\t\t\t<\/div>\n\t\t\t\t<div class=\"elementor-element elementor-element-65ebd75 elementor-widget elementor-widget-text-editor\" data-id=\"65ebd75\" data-element_type=\"widget\" data-widget_type=\"text-editor.default\">\n\t\t\t\t\t\t\t\t\t<h3><strong data-start=\"14\" data-end=\"58\">\u0627\u0644\u0645\u0624\u0633\u0633\u0627\u062a \u0627\u0644\u0639\u0627\u0645\u0629 \u0648\u0633\u0644\u0637\u0627\u062a \u0627\u0644\u0645\u0634\u062a\u0631\u064a\u0627\u062a \u0627\u0644\u0639\u0627\u0645\u0629<\/strong><\/h3><p>\u00a0<\/p><p>\u062a\u0644\u062a\u0642\u064a \u0627\u0644\u0633\u0644\u0637\u0627\u062a \u0627\u0644\u062a\u064a \u062a\u0642\u0648\u0645 \u0628\u0634\u0631\u0627\u0621 \u0627\u0644\u0623\u062b\u0627\u062b \u0628\u0627\u0644\u062c\u0645\u0644\u0629 \u0644\u0644\u0645\u062f\u0627\u0631\u0633 \u0648\u0627\u0644\u0645\u0633\u062a\u0634\u0641\u064a\u0627\u062a \u0648\u0627\u0644\u0628\u0644\u062f\u064a\u0627\u062a \u0648\u0627\u0644\u0645\u0624\u0633\u0633\u0627\u062a \u0627\u0644\u0639\u0627\u0645\u0629 \u0627\u0644\u0623\u062e\u0631\u0649 \u0645\u0639 \u0627\u0644\u0634\u0631\u0643\u0627\u062a \u0627\u0644\u0645\u0635\u0646\u0639\u0629 \u0627\u0644\u0645\u0648\u062b\u0648\u0642\u0629 \u0641\u064a \u0645\u0639\u0631\u0636\u0646\u0627. \u0648\u0628\u0641\u0636\u0644 \u0627\u0644\u0645\u062c\u0645\u0648\u0639\u0629 \u0627\u0644\u0648\u0627\u0633\u0639\u0629 \u0645\u0646 \u0627\u0644\u0645\u0646\u062a\u062c\u0627\u062a\u060c \u064a\u0645\u0643\u0646\u0647\u0645 \u0641\u062d\u0635 \u062d\u0644\u0648\u0644 \u0627\u0644\u0623\u062b\u0627\u062b \u0627\u0644\u0645\u062a\u064a\u0646\u0629 \u0648\u0627\u0644\u0648\u0638\u064a\u0641\u064a\u0629 \u0627\u0644\u0645\u0646\u0627\u0633\u0628\u0629 \u0644\u0627\u062d\u062a\u064a\u0627\u062c\u0627\u062a\u0647\u0645 \u0641\u064a \u0646\u0642\u0637\u0629 \u0648\u0627\u062d\u062f\u0629 \u0648\u064a\u062c\u062f\u0648\u0646 \u0627\u0644\u0641\u0631\u0635\u0629 \u0644\u062a\u0642\u064a\u064a\u0645 \u0627\u0644\u0628\u062f\u0627\u0626\u0644 \u0627\u0644\u0645\u0646\u0627\u0633\u0628\u0629 \u0644\u0644\u0645\u064a\u0632\u0627\u0646\u064a\u0629 \u0648\u0627\u0644\u062c\u0648\u062f\u0629.<\/p>\t\t\t\t\t\t\t\t<\/div>\n\t\t\t\t\t<\/div>\n\t\t\t\t<\/div>\n\t\t<div class=\"elementor-element elementor-element-f421e53 e-grid e-con-boxed e-con e-parent\" data-id=\"f421e53\" data-element_type=\"container\">\n\t\t\t\t\t<div class=\"e-con-inner\">\n\t\t\t\t<div class=\"elementor-element elementor-element-c93e648 elementor-widget elementor-widget-text-editor\" data-id=\"c93e648\" data-element_type=\"widget\" data-widget_type=\"text-editor.default\">\n\t\t\t\t\t\t\t\t\t<h3 class=\"s3\"><span class=\"s2\"><strong>\u0627\u0644\u0631\u0645\u0632 \u0627\u0644\u0639\u0627\u062f\u0644<\/strong><\/span><\/h3><p class=\"s5\"><strong><span class=\"s2\">\u0627\u0633\u0645 \u0627\u0644\u0645\u0639\u0631\u0636<\/span><\/strong><span class=\"s7\"> \u0643\u064a\u0647 \u0625\u0641 \u0625\u0641 \u0625\u0641 - \u0642\u064a\u0635\u0631\u064a <\/span><span class=\"s7\">\u0627\u0644\u0623\u062b\u0627\u062b<\/span> <span class=\"s7\">\u0639\u0627\u062f\u0644\u0629<\/span><span class=\"s7\"><br \/><\/span><strong><span class=\"s2\">\u0627\u0644\u062a\u0627\u0631\u064a\u062e:<\/span><\/strong><span class=\"s7\"> 31 \u064a\u0646\u0627\u064a\u0631 - 4 \u0641\u0628\u0631\u0627\u064a\u0631 2026<\/span><span class=\"s7\"><br \/><\/span><strong><span class=\"s2\">\u0627\u0644\u0645\u0648\u0642\u0639:<\/span><\/strong><span class=\"s7\"> \u0645\u0631\u0643\u0632 \u0645\u0639\u0627\u0631\u0636 \u0642\u064a\u0635\u0631\u064a OSB \u0627\u0644\u062f\u0648\u0644\u064a<\/span><span class=\"s7\"><br \/><\/span><strong><span class=\"s2\">\u0627\u0644\u0645\u0646\u0638\u0645<\/span><\/strong><span class=\"s7\"> \u0646\u0648\u0628\u0644 \u0625\u0643\u0633\u0628\u0648 \u0641\u0648\u0627\u0631\u0633\u064a\u0644\u064a\u0643 \u0623. \u0633. - <\/span><a href=\"http:\/\/www.nobelexpo.com\/\"><span class=\"s11\">www.nobelexpo.com<\/span><\/a><span class=\"s7\"><br \/><\/span><strong><span class=\"s2\">\u0633\u0627\u0639\u0627\u062a \u0627\u0644\u0632\u064a\u0627\u0631\u0629:<\/span><\/strong><span class=\"s7\"> 10:00 - 18:00 (31 \u064a\u0646\u0627\u064a\u0631 - 3 \u0641\u0628\u0631\u0627\u064a\u0631) \/ 10:00 - 17:00 (4 \u0641\u0628\u0631\u0627\u064a\u0631)<\/span><\/p>\t\t\t\t\t\t\t\t<\/div>\n\t\t\t\t<div class=\"elementor-element elementor-element-3ba90f8 elementor-widget elementor-widget-image\" data-id=\"3ba90f8\" data-element_type=\"widget\" data-widget_type=\"image.default\">\n\t\t\t\t\t\t\t\t\t\t\t\t\t\t\t<img fetchpriority=\"high\" decoding=\"async\" width=\"525\" height=\"218\" src=\"https:\/\/kayserifurniturefair.com\/wp-content\/uploads\/2025\/11\/WhatsApp-Image-2025-11-11-at-13.36.22-1024x426.jpeg\" class=\"attachment-large size-large wp-image-4120\" alt=\"\" srcset=\"https:\/\/kayserifurniturefair.com\/wp-content\/uploads\/2025\/11\/WhatsApp-Image-2025-11-11-at-13.36.22-1024x426.jpeg 1024w, https:\/\/kayserifurniturefair.com\/wp-content\/uploads\/2025\/11\/WhatsApp-Image-2025-11-11-at-13.36.22-300x125.jpeg 300w, https:\/\/kayserifurniturefair.com\/wp-content\/uploads\/2025\/11\/WhatsApp-Image-2025-11-11-at-13.36.22-768x320.jpeg 768w, https:\/\/kayserifurniturefair.com\/wp-content\/uploads\/2025\/11\/WhatsApp-Image-2025-11-11-at-13.36.22-1536x639.jpeg 1536w, https:\/\/kayserifurniturefair.com\/wp-content\/uploads\/2025\/11\/WhatsApp-Image-2025-11-11-at-13.36.22.jpeg 1600w\" sizes=\"(max-width: 525px) 100vw, 525px\" \/>\t\t\t\t\t\t\t\t\t\t\t\t\t\t\t<\/div>\n\t\t\t\t\t<\/div>\n\t\t\t\t<\/div>\n\t\t<div class=\"elementor-element elementor-element-3bc1162 e-flex e-con-boxed e-con e-parent\" data-id=\"3bc1162\" data-element_type=\"container\">\n\t\t\t\t\t<div class=\"e-con-inner\">\n\t\t\t\t<div class=\"elementor-element elementor-element-cbaabab elementor-align-center elementor-widget elementor-widget-button\" data-id=\"cbaabab\" data-element_type=\"widget\" data-widget_type=\"button.default\">\n\t\t\t\t\t\t\t\t\t\t<a class=\"elementor-button elementor-button-link elementor-size-sm\" href=\"https:\/\/kayserifurniturefair.com\/ar\/ziyaretci-olun\/\">\n\t\t\t\t\t\t<span class=\"elementor-button-content-wrapper\">\n\t\t\t\t\t\t\t\t\t<span class=\"elementor-button-text\">Z\u0130YARET\u00c7\u0130 OLUN<\/span>\n\t\t\t\t\t<\/span>\n\t\t\t\t\t<\/a>\n\t\t\t\t\t\t\t\t<\/div>\n\t\t\t\t\t<\/div>\n\t\t\t\t<\/div>\n\t\t\t\t<\/div>","protected":false},"excerpt":{"rendered":"<p>Neden Ziyaret\u00e7i Olmal\u0131s\u0131n\u0131z? Mobilya fuar\u0131m\u0131z, sekt\u00f6r\u00fcn en yenilik\u00e7i ve g\u00fcncel trendlerini bir araya getiren e\u015fsiz bir platform sunuyor. \u0130ster i\u00e7 mimar olun, ister perakende sat\u0131\u015f yapan bir ma\u011faza sahibi, isterse bireysel bir tasar\u0131m tutkunu, fuar\u0131m\u0131z her ziyaret\u00e7iye ilham verici deneyimler sunuyor. Yeni koleksiyonlar\u0131 ilk elden g\u00f6rme, farkl\u0131 \u00fcreticilerle do\u011frudan ileti\u015fim kurma ve sekt\u00f6r\u00fcn \u00f6nc\u00fc profesyonellerinden [&hellip;]<\/p>","protected":false},"author":1,"featured_media":0,"parent":0,"menu_order":0,"comment_status":"closed","ping_status":"closed","template":"tpl-default-elementor.php","meta":{"footnotes":""},"class_list":["post-3893","page","type-page","status-publish","hentry"],"_links":{"self":[{"href":"https:\/\/kayserifurniturefair.com\/ar\/wp-json\/wp\/v2\/pages\/3893","targetHints":{"allow":["GET"]}}],"collection":[{"href":"https:\/\/kayserifurniturefair.com\/ar\/wp-json\/wp\/v2\/pages"}],"about":[{"href":"https:\/\/kayserifurniturefair.com\/ar\/wp-json\/wp\/v2\/types\/page"}],"author":[{"embeddable":true,"href":"https:\/\/kayserifurniturefair.com\/ar\/wp-json\/wp\/v2\/users\/1"}],"replies":[{"embeddable":true,"href":"https:\/\/kayserifurniturefair.com\/ar\/wp-json\/wp\/v2\/comments?post=3893"}],"version-history":[{"count":29,"href":"https:\/\/kayserifurniturefair.com\/ar\/wp-json\/wp\/v2\/pages\/3893\/revisions"}],"predecessor-version":[{"id":4529,"href":"https:\/\/kayserifurniturefair.com\/ar\/wp-json\/wp\/v2\/pages\/3893\/revisions\/4529"}],"wp:attachment":[{"href":"https:\/\/kayserifurniturefair.com\/ar\/wp-json\/wp\/v2\/media?parent=3893"}],"curies":[{"name":"\u062f\u0628\u0644\u064a\u0648 \u0628\u064a","href":"https:\/\/api.w.org\/{rel}","templated":true}]}}