{"id":4225,"date":"2025-11-12T10:11:21","date_gmt":"2025-11-12T10:11:21","guid":{"rendered":"https:\/\/kayserifurniturefair.com\/?page_id=4225"},"modified":"2025-12-01T13:47:46","modified_gmt":"2025-12-01T13:47:46","slug":"sikca-sorulan-sorular","status":"publish","type":"page","link":"https:\/\/kayserifurniturefair.com\/ar\/sikca-sorulan-sorular\/","title":{"rendered":"\u0627\u0644\u0623\u0633\u0626\u0644\u0629 \u0627\u0644\u0645\u062a\u062f\u0627\u0648\u0644\u0629"},"content":{"rendered":"<div data-elementor-type=\"wp-page\" data-elementor-id=\"4225\" class=\"elementor elementor-4225\">\n\t\t\t\t<div class=\"elementor-element elementor-element-0d6a489 e-flex e-con-boxed e-con e-parent\" data-id=\"0d6a489\" data-element_type=\"container\">\n\t\t\t\t\t<div class=\"e-con-inner\">\n\t\t\t\t<div class=\"elementor-element elementor-element-005aa0d elementor-widget elementor-widget-heading\" data-id=\"005aa0d\" data-element_type=\"widget\" data-widget_type=\"heading.default\">\n\t\t\t\t\t<h2 class=\"elementor-heading-title elementor-size-default\">\u0627\u0644\u0623\u0633\u0626\u0644\u0629 \u0627\u0644\u0645\u062a\u062f\u0627\u0648\u0644\u0629<\/h2>\t\t\t\t<\/div>\n\t\t\t\t\t<\/div>\n\t\t\t\t<\/div>\n\t\t<div class=\"elementor-element elementor-element-fe4f223 e-flex e-con-boxed e-con e-parent\" data-id=\"fe4f223\" data-element_type=\"container\">\n\t\t\t\t\t<div class=\"e-con-inner\">\n\t\t\t\t<div class=\"elementor-element elementor-element-3fe826e elementor-widget elementor-widget-text-editor\" data-id=\"3fe826e\" data-element_type=\"widget\" data-widget_type=\"text-editor.default\">\n\t\t\t\t\t\t\t\t\t<p><style><span style=\"display: inline-block; width: 0px; overflow: hidden; line-height: 0;\" data-mce-type=\"bookmark\" class=\"mce_SELRES_start\">\ufeff<\/span><br \/>\nb.red {<br \/>\n  color: red;<br \/>\n}<br \/>\n<\/style><\/p><ul><li><b class=\"red\">\u0645\u062a\u0649 \u0648\u0623\u064a\u0646 \u0633\u064a\u062a\u0645 \u062a\u0646\u0638\u064a\u0645 \u0627\u0644\u0645\u0639\u0631\u0636\u061f<\/b><br \/>\u0645\u0639\u0631\u0636 KFF \u0642\u064a\u0635\u0631\u064a \u0644\u0644\u0623\u062b\u0627\u062b, <b>31 \u064a\u0646\u0627\u064a\u0631 - 4 \u0641\u0628\u0631\u0627\u064a\u0631 2026<\/b> \u0641\u064a \u062a\u0627\u0631\u064a\u062e\u0647\u0645 <b>\u0645\u0631\u0643\u0632 \u0645\u0639\u0627\u0631\u0636 \u0642\u064a\u0635\u0631\u064a OSB \u0627\u0644\u062f\u0648\u0644\u064a<\/b>\u2019\u0633\u064a\u062a\u0645 \u062a\u062d\u0642\u064a\u0642\u0647 \u0641\u064a.<\/li><\/ul><p>\u00a0<\/p><p><b class=\"red\">\u0643\u064a\u0641 \u062a\u062a\u0642\u062f\u0645 \u0643\u0645\u0634\u0627\u0631\u0643\u061f<\/b><br \/>\u064a\u0645\u0643\u0646 \u0644\u0644\u0634\u0631\u0643\u0627\u062a \u0627\u0644\u0631\u0627\u063a\u0628\u0629 \u0641\u064a \u0623\u0646 \u062a\u0643\u0648\u0646 \u0639\u0627\u0631\u0636\u0627\u064b \u0632\u064a\u0627\u0631\u0629 \u0627\u0644\u0645\u0648\u0642\u0639 \u0627\u0644\u0631\u0633\u0645\u064a \u0644\u0644\u0645\u0639\u0631\u0636. <b>\u0627\u0633\u062a\u0645\u0627\u0631\u0629 \u0637\u0644\u0628 \u0627\u0644\u0645\u0634\u0627\u0631\u0643\u0629<\/b> (\u0631\u0627\u0628\u0637 \u0627\u0633\u062a\u0645\u0627\u0631\u0629 \u0627\u0644\u0639\u0627\u0631\u0636\u064a\u0646) \u0644\u062a\u0642\u062f\u064a\u0645 \u0637\u0644\u0628\u0627\u062a\u0647\u0645. \u064a\u062a\u0645 \u062a\u0642\u064a\u064a\u0645 \u0627\u0644\u0637\u0644\u0628\u0627\u062a \u0645\u0646 \u0642\u0628\u0644 \u0644\u062c\u0646\u0629 \u0627\u0644\u0645\u0639\u0631\u0636.<br \/><br \/><br \/><\/p><p><b class=\"red\">\u0647\u0644 \u0627\u0644\u062a\u0633\u062c\u064a\u0644 \u0645\u0637\u0644\u0648\u0628 \u0639\u0646\u062f \u0645\u062f\u062e\u0644 \u0627\u0644\u0645\u0639\u0631\u0636\u061f<\/b><br \/>\u0646\u0639\u0645\u060c \u0627\u0644\u062a\u0633\u062c\u064a\u0644 \u0645\u0637\u0644\u0648\u0628. \u0627\u0644\u062a\u0633\u062c\u064a\u0644 \u0625\u0644\u0632\u0627\u0645\u064a \u0644\u0644\u062f\u062e\u0648\u0644 \u0625\u0644\u0649 \u0627\u0644\u0645\u0639\u0631\u0636. \u064a\u0645\u0643\u0646 \u0644\u0644\u0632\u0648\u0627\u0631 \u0627\u0644\u062a\u0633\u062c\u064a\u0644 \u0639\u0644\u0649 \u0627\u0644\u0645\u0648\u0642\u0639 \u0627\u0644\u0625\u0644\u0643\u062a\u0631\u0648\u0646\u064a \u0644\u0644\u0645\u0639\u0631\u0636. <b>\u0627\u0633\u062a\u0645\u0627\u0631\u0629 \u062a\u0633\u062c\u064a\u0644 \u0627\u0644\u0632\u0648\u0627\u0631<\/b> (\u0631\u0627\u0628\u0637 \u062a\u0633\u062c\u064a\u0644 \u0627\u0644\u0632\u0648\u0627\u0631) \u0639\u0646 \u0637\u0631\u064a\u0642 \u0645\u0644\u0621 \u0627\u0644\u0646\u0645\u0648\u0630\u062c.<br \/><br \/><br \/><\/p><p><b class=\"red\">\u0645\u0627 \u0647\u064a \u0633\u0627\u0639\u0627\u062a \u0627\u0644\u0632\u064a\u0627\u0631\u0629\u061f<\/b><br \/>\u064a\u0642\u062f\u0645 \u0645\u0639\u0631\u0636 KFF \u0644\u0644\u0623\u062b\u0627\u062b \u0644\u0632\u0648\u0627\u0631\u0647 <b>10:00 - 18:00<\/b> \u0633\u0627\u0639\u0627\u062a \u0641\u064a \u0627\u0644\u064a\u0648\u0645 \u0627\u0644\u0623\u062e\u064a\u0631 \u0645\u0646 \u0627\u0644\u0645\u0639\u0631\u0636. \u0648\u0642\u062a \u0627\u0644\u0625\u063a\u0644\u0627\u0642 \u0641\u064a \u0627\u0644\u064a\u0648\u0645 \u0627\u0644\u0623\u062e\u064a\u0631 \u0645\u0646 \u0627\u0644\u0645\u0639\u0631\u0636 <b>17:00<\/b>\u2019\u0647\u0648.<br \/><br \/><br \/><\/p><p><b class=\"red\">\u0645\u0646 \u064a\u0645\u0643\u0646\u0647 \u0632\u064a\u0627\u0631\u0629 \u0627\u0644\u0645\u0639\u0631\u0636\u061f<\/b><br \/>\u064a\u062a\u0645 \u062a\u0646\u0638\u064a\u0645 \u0645\u0639\u0631\u0636 KFF \u0644\u0644\u0645\u0635\u0646\u0639\u064a\u0646 \u0648\u0627\u0644\u0645\u0635\u062f\u0631\u064a\u0646 \u0648\u0627\u0644\u0645\u0633\u062a\u0648\u0631\u062f\u064a\u0646 \u0648\u062a\u062c\u0627\u0631 \u0627\u0644\u062c\u0645\u0644\u0629 \u0648\u0633\u0644\u0627\u0633\u0644 \u0627\u0644\u0645\u062a\u0627\u062c\u0631 \u0648\u0627\u0644\u062a\u062c\u0627\u0631 \u0648\u0645\u0647\u0646\u062f\u0633\u064a \u0627\u0644\u062f\u064a\u0643\u0648\u0631 \u0627\u0644\u062f\u0627\u062e\u0644\u064a \u0648\u0627\u0644\u0645\u0635\u0645\u0645\u064a\u0646 \u0648\u0627\u0644\u0645\u0647\u0646\u064a\u064a\u0646 \u0627\u0644\u0639\u0627\u0645\u0644\u064a\u0646 \u0641\u064a \u0642\u0637\u0627\u0639 \u0627\u0644\u0623\u062b\u0627\u062b. \u0628\u0627\u0644\u0625\u0636\u0627\u0641\u0629 \u0625\u0644\u0649 \u0630\u0644\u0643\u060c \u064a\u0632\u0648\u0631 \u0627\u0644\u0645\u0639\u0631\u0636 \u0648\u0641\u0648\u062f \u0645\u0634\u062a\u0631\u064a\u0627\u062a \u0645\u062d\u062a\u0631\u0641\u0629 \u0645\u0646 68 \u062f\u0648\u0644\u0629 \u0645\u062e\u062a\u0644\u0641\u0629.<br \/><br \/><br \/><\/p><p><b class=\"red\">\u0645\u0627 \u0647\u064a \u0627\u0644\u0645\u0646\u062a\u062c\u0627\u062a \u0627\u0644\u062a\u064a \u0633\u064a\u062a\u0645 \u0639\u0631\u0636\u0647\u0627 \u0641\u064a \u0627\u0644\u0645\u0639\u0631\u0636\u061f<\/b><br \/>\u064a\u0642\u062f\u0645 \u0645\u0639\u0631\u0636 KFF \u0644\u0644\u0632\u0648\u0627\u0631 \u0645\u062c\u0645\u0648\u0639\u0629 \u0645\u0646\u062a\u062c\u0627\u062a \u063a\u0646\u064a\u0629 \u062a\u063a\u0637\u064a \u062c\u0645\u064a\u0639 \u0645\u062c\u0627\u0644\u0627\u062a \u0635\u0646\u0627\u0639\u0629 \u0627\u0644\u0623\u062b\u0627\u062b. \u064a\u062a\u0645 \u0639\u0631\u0636 \u0645\u062c\u0645\u0648\u0639\u0629 \u0648\u0627\u0633\u0639\u0629 \u0645\u0646 \u0627\u0644\u0645\u0646\u062a\u062c\u0627\u062a \u0628\u062f\u0621\u0627\u064b \u0645\u0646 \u0627\u0644\u0623\u062b\u0627\u062b \u0627\u0644\u062d\u062f\u064a\u062b \u0648\u0627\u0644\u0645\u0639\u064a\u0627\u0631\u064a \u0625\u0644\u0649 \u0627\u0644\u062a\u0635\u0627\u0645\u064a\u0645 \u0627\u0644\u0641\u0627\u062e\u0631\u0629\u060c \u0648\u0645\u0646 \u0627\u0644\u0623\u062b\u0627\u062b \u0627\u0644\u0645\u0643\u062a\u0628\u064a \u0648\u0627\u0644\u0645\u062f\u0631\u0633\u064a \u0648\u0627\u0644\u062a\u0639\u0644\u064a\u0645\u064a \u0625\u0644\u0649 \u062d\u0644\u0648\u0644 \u0635\u0646\u0627\u0639\u0629 \u0627\u0644\u0641\u0646\u0627\u062f\u0642 \u0648\u0627\u0644\u0636\u064a\u0627\u0641\u0629\u060c \u0648\u0645\u0646 \u063a\u0631\u0641 \u0627\u0644\u0623\u0637\u0641\u0627\u0644 \u0648\u0627\u0644\u0631\u0636\u0639 \u0648\u0627\u0644\u0634\u0628\u0627\u0628 \u0625\u0644\u0649 \u0623\u062b\u0627\u062b \u0627\u0644\u062d\u062f\u0627\u0626\u0642 \u0648\u0627\u0644\u0623\u062b\u0627\u062b \u0627\u0644\u062e\u0627\u0631\u062c\u064a. \u0628\u0627\u0644\u0625\u0636\u0627\u0641\u0629 \u0625\u0644\u0649 \u0630\u0644\u0643\u060c \u064a\u062a\u0645 \u0623\u064a\u0636\u0627\u064b \u062a\u0636\u0645\u064a\u0646 \u0625\u0643\u0633\u0633\u0648\u0627\u0631\u0627\u062a \u0627\u0644\u0623\u062b\u0627\u062b \u0648\u0627\u0644\u0645\u0646\u062a\u062c\u0627\u062a \u0627\u0644\u062a\u0643\u0645\u064a\u0644\u064a\u0629 \u0648\u0623\u062d\u062f\u062b \u0627\u0644\u0627\u062a\u062c\u0627\u0647\u0627\u062a \u0641\u064a \u0647\u0630\u0627 \u0627\u0644\u0642\u0637\u0627\u0639 \u0641\u064a \u0646\u0637\u0627\u0642 \u0627\u0644\u0645\u0639\u0631\u0636.<br \/><br \/><br \/><\/p><p><b class=\"red\">\u0647\u0644 \u0633\u062a\u0643\u0648\u0646 \u0647\u0646\u0627\u0643 \u0627\u062c\u062a\u0645\u0627\u0639\u0627\u062a \u0639\u0645\u0644 \u0641\u0631\u062f\u064a\u0629\u061f<\/b><br \/>\u0646\u0639\u0645. \u0641\u064a \u0646\u0637\u0627\u0642 \u0645\u0647\u0631\u062c\u0627\u0646 KFF\u060c \u0647\u0646\u0627\u0643 \u062d\u0648\u0627\u0631 \u0628\u064a\u0646 \u0627\u0644\u0645\u0634\u062a\u0631\u064a\u0646 \u0627\u0644\u0645\u062d\u062a\u0631\u0641\u064a\u0646 \u0645\u0646 \u0627\u0644\u062e\u0627\u0631\u062c \u0648\u0627\u0644\u0634\u0631\u0643\u0627\u062a \u0627\u0644\u0645\u0634\u0627\u0631\u0643\u0629. <b>\u0627\u062c\u062a\u0645\u0627\u0639\u0627\u062a \u0627\u0644\u0623\u0639\u0645\u0627\u0644 \u0627\u0644\u062b\u0646\u0627\u0626\u064a\u0629 \u0628\u064a\u0646 \u0627\u0644\u0634\u0631\u0643\u0627\u062a B2B<\/b> \u0633\u064a\u062a\u0645 \u062a\u0646\u0638\u064a\u0645\u0647\u0627. \u062a\u0648\u0641\u0631 \u0647\u0630\u0647 \u0627\u0644\u0627\u062c\u062a\u0645\u0627\u0639\u0627\u062a \u0641\u0631\u0635\u0627\u064b \u0647\u0627\u0645\u0629 \u0644\u0644\u0645\u0634\u0627\u0631\u0643\u064a\u0646 \u0644\u0644\u0627\u0646\u0641\u062a\u0627\u062d \u0639\u0644\u0649 \u0627\u0644\u0623\u0633\u0648\u0627\u0642 \u0627\u0644\u062f\u0648\u0644\u064a\u0629.<br \/><br \/><br \/><\/p><p><b class=\"red\">\u0643\u064a\u0641 \u064a\u0645\u0643\u0646\u0646\u064a \u0627\u0644\u0648\u0635\u0648\u0644 \u0625\u0644\u0649 \u0623\u0631\u0636 \u0627\u0644\u0645\u0639\u0627\u0631\u0636\u061f<\/b><br \/><b>\u0645\u0631\u0643\u0632 \u0645\u0639\u0627\u0631\u0636 \u0642\u064a\u0635\u0631\u064a OSB \u0627\u0644\u062f\u0648\u0644\u064a<\/b>, \u064a\u0645\u0643\u0646 \u0627\u0644\u0648\u0635\u0648\u0644 \u0625\u0644\u0649 \u0627\u0644\u0645\u0639\u0631\u0636 \u0628\u0633\u0647\u0648\u0644\u0629 \u0645\u0646 \u0648\u0633\u0637 \u0627\u0644\u0645\u062f\u064a\u0646\u0629 \u0639\u0646 \u0637\u0631\u064a\u0642 \u0648\u0633\u0627\u0626\u0644 \u0627\u0644\u0646\u0642\u0644 \u0627\u0644\u0639\u0627\u0645 \u0648\u0627\u0644\u062d\u0627\u0641\u0644\u0627\u062a \u0627\u0644\u0645\u0643\u0648\u0643\u064a\u0629 \u0627\u0644\u062a\u064a \u064a\u062a\u0645 \u062a\u0648\u0641\u064a\u0631\u0647\u0627 \u0623\u062b\u0646\u0627\u0621 \u0627\u0644\u0645\u0639\u0631\u0636. \u064a\u062a\u0645 \u0645\u0634\u0627\u0631\u0643\u0629 \u0645\u0639\u0644\u0648\u0645\u0627\u062a \u0627\u0644\u0646\u0642\u0644 \u0627\u0644\u062a\u0641\u0635\u064a\u0644\u064a\u0629 \u0639\u0644\u0649 \u0627\u0644\u0645\u0648\u0642\u0639 \u0627\u0644\u0625\u0644\u0643\u062a\u0631\u0648\u0646\u064a \u0644\u0644\u0645\u0639\u0631\u0636 \u0648\u0645\u0646 \u062e\u0644\u0627\u0644 \u0627\u0644\u0645\u0646\u0635\u0627\u062a \u0627\u0644\u0631\u0642\u0645\u064a\u0629 \u0627\u0644\u0623\u062e\u0631\u0649.<br \/><br \/><br \/><\/p><p><b class=\"red\">\u0647\u0644 \u064a\u0648\u062c\u062f \u0628\u0631\u0646\u0627\u0645\u062c \u062e\u0627\u0635 \u0644\u0644\u0632\u0648\u0627\u0631 \u0645\u0646 \u0627\u0644\u062e\u0627\u0631\u062c\u061f<\/b><br \/>\u0646\u0639\u0645. \u0644\u0644\u0632\u0648\u0627\u0631 \u0627\u0644\u0645\u062d\u062a\u0631\u0641\u064a\u0646 \u0645\u0646 \u0627\u0644\u062e\u0627\u0631\u062c <b>\u0628\u0631\u0646\u0627\u0645\u062c \u0648\u0641\u0648\u062f \u0627\u0644\u0645\u0634\u062a\u0631\u064a\u0646 \u0627\u0644\u062f\u0648\u0644\u064a\u064a\u0646<\/b> \u064a\u062a\u0645 \u062a\u0646\u0638\u064a\u0645\u0647\u0627. \u0648\u0641\u064a \u0647\u0630\u0627 \u0627\u0644\u0633\u064a\u0627\u0642\u060c \u064a\u062a\u0645 \u0627\u0644\u062c\u0645\u0639 \u0628\u064a\u0646 \u0627\u0644\u0645\u0634\u062a\u0631\u064a\u0646 \u0627\u0644\u0623\u062c\u0627\u0646\u0628 \u0648\u0627\u0644\u0634\u0631\u0643\u0627\u062a \u0627\u0644\u0645\u0634\u0627\u0631\u0643\u0629 \u0648\u062a\u0642\u062f\u064a\u0645 \u062e\u062f\u0645\u0627\u062a \u0627\u0644\u062a\u0631\u062c\u0645\u0629 \u0648\u0627\u0644\u062a\u0648\u062c\u064a\u0647.<br \/><br \/><br \/><\/p><p><b class=\"red\">\u0647\u0644 \u064a\u064f\u0633\u0645\u062d \u0644\u0644\u0623\u0637\u0641\u0627\u0644 \u0628\u062f\u062e\u0648\u0644 \u0627\u0644\u0645\u0639\u0631\u0636\u061f<\/b><br \/>\u0648\u0646\u0638\u0631\u0627\u064b \u0644\u0623\u0646 \u0645\u0639\u0631\u0636 KFF \u0647\u0648 \u0645\u0639\u0631\u0636 \u062a\u062c\u0627\u0631\u064a \u0644\u0645\u062c\u062a\u0645\u0639 \u0627\u0644\u0623\u0639\u0645\u0627\u0644 \u0627\u0644\u0645\u062d\u062a\u0631\u0641\u060c \u0644\u0627 \u064a\u064f\u0633\u0645\u062d \u0644\u0644\u0623\u0637\u0641\u0627\u0644 \u0639\u0645\u0648\u0645\u0627\u064b \u0628\u062f\u062e\u0648\u0644 \u0623\u0631\u0636 \u0627\u0644\u0645\u0639\u0627\u0631\u0636.<br \/><br \/><br \/><\/p><p><b class=\"red\">\u0647\u0644 \u0647\u0646\u0627\u0643 \u0631\u0633\u0648\u0645 \u062f\u062e\u0648\u0644\u061f<\/b><br \/>\u0645\u0639\u0631\u0636\u0646\u0627 \u0645\u062c\u0627\u0646\u064a \u0644\u0636\u064a\u0648\u0641\u0646\u0627 \u0627\u0644\u0642\u0627\u062f\u0645\u064a\u0646 \u0645\u0646 \u062e\u0627\u0631\u062c \u0627\u0644\u0642\u0637\u0627\u0639.<\/p>\t\t\t\t\t\t\t\t<\/div>\n\t\t\t\t\t<\/div>\n\t\t\t\t<\/div>\n\t\t\t\t<\/div>","protected":false},"excerpt":{"rendered":"<p>S\u0131k\u00e7a Sorulan Sorular Fuar ne zaman ve nerede d\u00fczenlenecek?KFF Kayseri Mobilya Fuar\u0131, 31 Ocak \u2013 4 \u015eubat 2026 tarihlerinde Kayseri OSB Uluslararas\u0131 Fuar Merkezi\u2019nde ger\u00e7ekle\u015ftirilecektir. \u00a0 Kat\u0131l\u0131mc\u0131 olarak nas\u0131l ba\u015fvuru yap\u0131l\u0131r?Kat\u0131l\u0131mc\u0131 olmak isteyen firmalar, fuar resmi web sitesinde yer alan kat\u0131l\u0131mc\u0131 ba\u015fvuru formunu (kat\u0131l\u0131mc\u0131 form linki) doldurarak ba\u015fvurular\u0131n\u0131 ger\u00e7ekle\u015ftirebilirler. Ba\u015fvurular fuar komitesi taraf\u0131ndan de\u011ferlendirilmektedir. Fuar [&hellip;]<\/p>","protected":false},"author":1,"featured_media":0,"parent":0,"menu_order":0,"comment_status":"closed","ping_status":"closed","template":"","meta":{"footnotes":""},"class_list":["post-4225","page","type-page","status-publish","hentry"],"_links":{"self":[{"href":"https:\/\/kayserifurniturefair.com\/ar\/wp-json\/wp\/v2\/pages\/4225","targetHints":{"allow":["GET"]}}],"collection":[{"href":"https:\/\/kayserifurniturefair.com\/ar\/wp-json\/wp\/v2\/pages"}],"about":[{"href":"https:\/\/kayserifurniturefair.com\/ar\/wp-json\/wp\/v2\/types\/page"}],"author":[{"embeddable":true,"href":"https:\/\/kayserifurniturefair.com\/ar\/wp-json\/wp\/v2\/users\/1"}],"replies":[{"embeddable":true,"href":"https:\/\/kayserifurniturefair.com\/ar\/wp-json\/wp\/v2\/comments?post=4225"}],"version-history":[{"count":17,"href":"https:\/\/kayserifurniturefair.com\/ar\/wp-json\/wp\/v2\/pages\/4225\/revisions"}],"predecessor-version":[{"id":4481,"href":"https:\/\/kayserifurniturefair.com\/ar\/wp-json\/wp\/v2\/pages\/4225\/revisions\/4481"}],"wp:attachment":[{"href":"https:\/\/kayserifurniturefair.com\/ar\/wp-json\/wp\/v2\/media?parent=4225"}],"curies":[{"name":"\u062f\u0628\u0644\u064a\u0648 \u0628\u064a","href":"https:\/\/api.w.org\/{rel}","templated":true}]}}