{"id":4231,"date":"2025-11-12T10:14:08","date_gmt":"2025-11-12T10:14:08","guid":{"rendered":"https:\/\/kayserifurniturefair.com\/?page_id=4231"},"modified":"2025-11-12T14:00:00","modified_gmt":"2025-11-12T14:00:00","slug":"konaklama-onerileri","status":"publish","type":"page","link":"https:\/\/kayserifurniturefair.com\/ar\/konaklama-onerileri\/","title":{"rendered":"\u062a\u0648\u0635\u064a\u0627\u062a \u0627\u0644\u0625\u0642\u0627\u0645\u0629"},"content":{"rendered":"<div data-elementor-type=\"wp-page\" data-elementor-id=\"4231\" class=\"elementor elementor-4231\">\n\t\t\t\t<div class=\"elementor-element elementor-element-299dc5c e-flex e-con-boxed e-con e-parent\" data-id=\"299dc5c\" data-element_type=\"container\">\n\t\t\t\t\t<div class=\"e-con-inner\">\n\t\t\t\t<div class=\"elementor-element elementor-element-e7c9b49 elementor-widget elementor-widget-heading\" data-id=\"e7c9b49\" data-element_type=\"widget\" data-widget_type=\"heading.default\">\n\t\t\t\t\t<h2 class=\"elementor-heading-title elementor-size-default\">\u0627\u0642\u062a\u0631\u0627\u062d\u0627\u062a \u0627\u0644\u0625\u0642\u0627\u0645\u0629<\/h2>\t\t\t\t<\/div>\n\t\t\t\t\t<\/div>\n\t\t\t\t<\/div>\n\t\t<div class=\"elementor-element elementor-element-9c689ba e-flex e-con-boxed e-con e-parent\" data-id=\"9c689ba\" data-element_type=\"container\">\n\t\t\t\t\t<div class=\"e-con-inner\">\n\t\t<div class=\"elementor-element elementor-element-c87572c e-con-full e-flex e-con e-child\" data-id=\"c87572c\" data-element_type=\"container\">\n\t\t\t\t<div class=\"elementor-element elementor-element-1ffcbbe elementor-widget elementor-widget-text-editor\" data-id=\"1ffcbbe\" data-element_type=\"widget\" data-widget_type=\"text-editor.default\">\n\t\t\t\t\t\t\t\t\t<div class=\"py-sm-1 py-0\"><div class=\"py-sm-1 py-0\"><div class=\"py-sm-1 py-0\"><h3 class=\"py-sm-1 py-0\"><span style=\"text-decoration: underline;\"><a href=\"https:\/\/www.wyndhamhotels.com\/wyndham-grand\/kayseri-turkiye\/whyndam-grand-kayseri\/overview\">\u0648\u064a\u0646\u062f\u0647\u0627\u0645<\/a><\/span><\/h3><\/div><\/div><\/div><p>\u064a\u062a\u0645\u064a\u0632 \u0627\u0644\u0641\u0646\u062f\u0642 \u0628\u063a\u0631\u0641\u0647 \u0627\u0644\u0641\u0633\u064a\u062d\u0629 \u0648\u0645\u0646\u0627\u0637\u0642 \u0627\u0644\u0627\u062c\u062a\u0645\u0627\u0639\u0627\u062a \u0627\u0644\u0645\u0646\u0627\u0633\u0628\u0629 \u0644\u0625\u0642\u0627\u0645\u0629 \u0631\u062c\u0627\u0644 \u0627\u0644\u0623\u0639\u0645\u0627\u0644. \u064a\u0642\u0639 \u0628\u0627\u0644\u0642\u0631\u0628 \u0645\u0646 \u0648\u0633\u0637 \u0627\u0644\u0645\u062f\u064a\u0646\u0629 \u0648\u062e\u0637\u0648\u0637 \u0627\u0644\u0645\u0648\u0627\u0635\u0644\u0627\u062a\u060c \u0648\u064a\u0648\u0641\u0631 \u062a\u062c\u0631\u0628\u0629 \u0639\u0645\u0644\u064a\u0629 \u0623\u062b\u0646\u0627\u0621 \u0627\u0644\u0645\u0639\u0631\u0636.<br \/>\u0623\u0628\u0631\u0632 \u0627\u0644\u0645\u0632\u0627\u064a\u0627: \u062e\u062f\u0645\u0629 \u0625\u0646\u062a\u0631\u0646\u062a \u0644\u0627\u0633\u0644\u0643\u064a \u0645\u062c\u0627\u0646\u064a\u060c \u0648\u062e\u064a\u0627\u0631 \u0627\u0644\u0641\u0637\u0648\u0631\u060c \u0648\u0645\u0631\u0643\u0632 \u0644\u0644\u064a\u0627\u0642\u0629 \u0627\u0644\u0628\u062f\u0646\u064a\u0629.<\/p>\t\t\t\t\t\t\t\t<\/div>\n\t\t\t\t<\/div>\n\t\t<div class=\"elementor-element elementor-element-7dc279a e-con-full e-flex e-con e-child\" data-id=\"7dc279a\" data-element_type=\"container\">\n\t\t\t\t<div class=\"elementor-element elementor-element-ce3ccca elementor-widget elementor-widget-text-editor\" data-id=\"ce3ccca\" data-element_type=\"widget\" data-widget_type=\"text-editor.default\">\n\t\t\t\t\t\t\t\t\t<div class=\"py-sm-1 py-0\"><div class=\"py-sm-1 py-0\"><div class=\"py-sm-1 py-0\"><h3 class=\"py-sm-1 py-0\"><span style=\"text-decoration: underline;\"><a href=\"https:\/\/all.accor.com\/hotel\/6905\/index.tr.shtml\">IBIS<\/a><\/span><\/h3><\/div><\/div><\/div><p>\u0645\u062b\u0627\u0644\u064a \u0644\u0644\u0648\u0641\u0648\u062f \u0627\u0644\u062a\u064a \u062a\u0628\u062d\u062b \u0639\u0646 \u0625\u0642\u0627\u0645\u0629 \u0639\u0645\u0644\u064a\u0629 \u0645\u0639 \u063a\u0631\u0641 \u0645\u062f\u0645\u062c\u0629 \u0648\u0639\u0645\u0644\u064a\u0629. \u064a\u0648\u0641\u0631 \u0627\u0644\u0641\u0646\u062f\u0642 \u062e\u062f\u0645\u0627\u062a \u062a\u0633\u062c\u064a\u0644 \u0648\u0635\u0648\u0644 \u0633\u0631\u064a\u0639\u0629 \u0648\u062e\u062f\u0645\u0627\u062a \u062a\u0646\u0627\u0633\u0628 \u0627\u062d\u062a\u064a\u0627\u062c\u0627\u062a \u0627\u0644\u0645\u0633\u0627\u0641\u0631\u064a\u0646 \u0645\u0646 \u0631\u062c\u0627\u0644 \u0627\u0644\u0623\u0639\u0645\u0627\u0644 \u0627\u0644\u0623\u0633\u0627\u0633\u064a\u0629.<br \/>\u0623\u0628\u0631\u0632 \u0627\u0644\u0645\u0632\u0627\u064a\u0627: \u062a\u0633\u062c\u064a\u0644 \u0648\u0635\u0648\u0644\/\u0645\u063a\u0627\u062f\u0631\u0629 \u0633\u0631\u064a\u0639\u060c \u0648\u0645\u0643\u062a\u0628 \u0627\u0633\u062a\u0642\u0628\u0627\u0644 \u064a\u0639\u0645\u0644 \u0639\u0644\u0649 \u0645\u062f\u0627\u0631 24 \u0633\u0627\u0639\u0629\u060c \u0648\u0645\u0648\u0642\u0641 \u0633\u064a\u0627\u0631\u0627\u062a.<\/p>\t\t\t\t\t\t\t\t<\/div>\n\t\t\t\t<\/div>\n\t\t\t\t\t<\/div>\n\t\t\t\t<\/div>\n\t\t<div class=\"elementor-element elementor-element-6c7fa3e e-flex e-con-boxed e-con e-parent\" data-id=\"6c7fa3e\" data-element_type=\"container\">\n\t\t\t\t\t<div class=\"e-con-inner\">\n\t\t<div class=\"elementor-element elementor-element-47d1eaa e-con-full e-flex e-con e-child\" data-id=\"47d1eaa\" data-element_type=\"container\">\n\t\t\t\t<div class=\"elementor-element elementor-element-2b9f2d9 elementor-widget elementor-widget-text-editor\" data-id=\"2b9f2d9\" data-element_type=\"widget\" data-widget_type=\"text-editor.default\">\n\t\t\t\t\t\t\t\t\t<div class=\"py-sm-1 py-0\"><div class=\"py-sm-1 py-0\"><div class=\"py-sm-1 py-0\"><h3 class=\"py-sm-1 py-0\"><span style=\"text-decoration: underline;\"><a href=\"https:\/\/www.novotelkayseri.com\/tr\/\">NOV (\u0646\u0648\u0641\u0648\u062a\u064a\u0644)<\/a><\/span><\/h3><\/div><\/div><\/div><p data-start=\"783\" data-end=\"847\">\u064a\u0631\u0643\u0651\u0632 \u0627\u0644\u0641\u0646\u062f\u0642 \u0639\u0644\u0649 \u0627\u0644\u0631\u0627\u062d\u0629 \u0628\u0641\u0636\u0644 \u062e\u064a\u0627\u0631\u0627\u062a \u0627\u0644\u063a\u0631\u0641 \u0627\u0644\u0645\u0631\u064a\u062d\u0629 \u0648\u0628\u0648\u0641\u064a\u0647 \u0627\u0644\u0625\u0641\u0637\u0627\u0631 \u0627\u0644\u063a\u0646\u064a. \u0643\u0645\u0627 \u0623\u0646\u0647 \u0645\u0646\u0627\u0633\u0628 \u0644\u0644\u0625\u0642\u0627\u0645\u0627\u062a \u0627\u0644\u0637\u0648\u064a\u0644\u0629 \u0628\u0641\u0636\u0644 \u0645\u0633\u0627\u062d\u0627\u062a \u0627\u0644\u0639\u0645\u0644 \u0627\u0644\u0645\u0634\u062a\u0631\u0643\u0629 \u0648\u0627\u0644\u0645\u0637\u0639\u0645.<br \/>\u0623\u0628\u0631\u0632 \u0627\u0644\u0645\u0632\u0627\u064a\u0627: \u0645\u0637\u0639\u0645 \u0648\u0627\u0633\u062a\u0631\u0627\u062d\u0629\u060c \u0645\u0646\u0637\u0642\u0629 \u0639\u0645\u0644\u060c \u062e\u062f\u0645\u0629 \u0627\u0644\u063a\u0631\u0641.<\/p>\t\t\t\t\t\t\t\t<\/div>\n\t\t\t\t<\/div>\n\t\t<div class=\"elementor-element elementor-element-54fda0a e-con-full e-flex e-con e-child\" data-id=\"54fda0a\" data-element_type=\"container\">\n\t\t\t\t<div class=\"elementor-element elementor-element-10c3e5c elementor-widget elementor-widget-text-editor\" data-id=\"10c3e5c\" data-element_type=\"widget\" data-widget_type=\"text-editor.default\">\n\t\t\t\t\t\t\t\t\t<div class=\"py-sm-1 py-0\"><div class=\"py-sm-1 py-0\"><h3 class=\"py-sm-1 py-0\"><span style=\"text-decoration: underline;\"><a href=\"https:\/\/www.thekayseriloft.com\/\">\u0644\u0648\u0641\u062a<\/a><\/span><\/h3><\/div><\/div><p data-start=\"1077\" data-end=\"1136\">\u062a\u0648\u0641\u0631 \u0644\u0643 \u062a\u062c\u0631\u0628\u0629 \u0625\u0642\u0627\u0645\u0629 \u0645\u0631\u0646\u0629 \u0628\u0641\u0636\u0644 \u0645\u0633\u0627\u062d\u0629 \u0627\u0644\u0645\u0639\u064a\u0634\u0629 \u0627\u0644\u0641\u0633\u064a\u062d\u0629 \u0648\u062e\u064a\u0627\u0631\u0627\u062a \u0627\u0644\u0645\u0637\u0628\u062e \u0627\u0644\u0635\u063a\u064a\u0631 \u0627\u0644\u0645\u0646\u0627\u0633\u0628\u0629 \u0644\u0644\u0625\u0642\u0627\u0645\u0627\u062a \u0637\u0648\u064a\u0644\u0629 \u0627\u0644\u0623\u062c\u0644.<br \/>\u0627\u0644\u0645\u0632\u0627\u064a\u0627: \u063a\u0631\u0641 \u0641\u0633\u064a\u062d\u0629\u060c \u0645\u0637\u0628\u062e \u0635\u063a\u064a\u0631 (\u063a\u0631\u0641 \u0645\u062e\u062a\u0627\u0631\u0629)\u060c \u0645\u063a\u0633\u0644\u0629.<\/p>\t\t\t\t\t\t\t\t<\/div>\n\t\t\t\t<\/div>\n\t\t\t\t\t<\/div>\n\t\t\t\t<\/div>\n\t\t<div class=\"elementor-element elementor-element-ff11701 e-flex e-con-boxed e-con e-parent\" data-id=\"ff11701\" data-element_type=\"container\">\n\t\t\t\t\t<div class=\"e-con-inner\">\n\t\t\t\t<div class=\"elementor-element elementor-element-247d6ad elementor-widget elementor-widget-text-editor\" data-id=\"247d6ad\" data-element_type=\"widget\" data-widget_type=\"text-editor.default\">\n\t\t\t\t\t\t\t\t\t<div class=\"py-sm-1 py-0\"><div class=\"py-sm-1 py-0\"><div class=\"py-sm-1 py-0\"><h3 class=\"py-sm-1 py-0\"><span style=\"text-decoration: underline;\"><a href=\"https:\/\/www.radissonhotels.com\/tr-tr\/oteller\/radisson-blu-kayseri?+cid=a%3Ase+b%3Agmb+c%3Aemea+i%3Alocal+e%3Ardb+d%3Aeerut+h%3ATRASR1\">\u0631\u0627\u062f\u064a\u0633\u0648\u0646 \u0628\u0644\u0648<\/a><\/span><\/h3><\/div><\/div><\/div><p data-start=\"783\" data-end=\"847\">\u064a\u0642\u0639 \u0641\u0646\u062f\u0642 \u0631\u0627\u062f\u064a\u0633\u0648\u0646 \u0628\u0644\u0648 \u0627\u0644\u0639\u0635\u0631\u064a \u0641\u064a \u0642\u064a\u0635\u0631\u064a \u0641\u064a \u0648\u0633\u0637 \u0627\u0644\u0645\u062f\u064a\u0646\u0629 \u0627\u0644\u0646\u0627\u0628\u0636 \u0628\u0627\u0644\u062d\u064a\u0627\u0629 \u0639\u0644\u0649 \u0628\u064f\u0639\u062f \u0645\u0633\u0627\u0641\u0629 \u0642\u0635\u064a\u0631\u0629 \u0645\u0646 \u0645\u0646\u0627\u0637\u0642 \u0627\u0644\u062c\u0630\u0628 \u0627\u0644\u0645\u062d\u0644\u064a\u0629 \u0648\u062e\u0637\u0648\u0637 \u0627\u0644\u0645\u0648\u0627\u0635\u0644\u0627\u062a \u0627\u0644\u0645\u062b\u0627\u0644\u064a\u0629. \u0642\u0645 \u0628\u0632\u064a\u0627\u0631\u0629 \u0648\u0627\u062d\u062f\u0629 \u0645\u0646 \u0627\u0644\u0645\u0624\u0633\u0633\u0627\u062a \u0627\u0644\u0639\u062f\u064a\u062f\u0629 \u0627\u0644\u062a\u064a \u0623\u0646\u0634\u0623\u0647\u0627 \u0631\u062c\u0644 \u0627\u0644\u0623\u0639\u0645\u0627\u0644 \u0627\u0644\u0645\u0648\u0644\u0648\u062f \u0641\u064a \u0642\u064a\u0635\u0631\u064a \u0642\u0627\u062f\u0631 \u0647\u0627\u0633 \u0648\u0645\u0624\u0633\u0633\u0629 \u0642\u0627\u062f\u0631 \u0647\u0627\u0633\u060c \u0628\u0645\u0627 \u0641\u064a \u0630\u0644\u0643 \u0645\u0631\u0643\u0632 \u0627\u0644\u0645\u0624\u062a\u0645\u0631\u0627\u062a \u0648\u0642\u0627\u0639\u0629 \u0627\u0644\u0631\u064a\u0627\u0636\u0629\u060c \u0623\u0648 \u0625\u062d\u062f\u0649 \u0627\u0644\u0645\u0624\u0633\u0633\u0627\u062a \u0627\u0644\u062a\u0639\u0644\u064a\u0645\u064a\u0629 \u0627\u0644\u062a\u0627\u0628\u0639\u0629 \u0644\u0644\u0645\u0624\u0633\u0633\u0629. \u0642\u0645 \u0628\u0632\u064a\u0627\u0631\u0629 \u0645\u0646\u062a\u062c\u0639 \u0625\u0631\u062c\u064a\u064a\u0633 \u0644\u0644\u062a\u0632\u0644\u0651\u062c \u0644\u0644\u0627\u0633\u062a\u0645\u062a\u0627\u0639 \u0628\u062a\u062c\u0631\u0628\u0629 \u062a\u0632\u0644\u0651\u062c \u0645\u062b\u064a\u0631\u0629 \u0639\u0644\u0649 \u0642\u0645\u0629 \u0628\u0631\u0643\u0627\u0646 \u062e\u0627\u0645\u062f\u060c \u0623\u0648 \u0642\u0645 \u0628\u0646\u0632\u0647\u0629 \u0645\u0645\u062a\u0639\u0629 \u062d\u0648\u0644 \u0627\u0644\u0645\u062f\u064a\u0646\u0629 \u0627\u0644\u0642\u062f\u064a\u0645\u0629.<\/p>\t\t\t\t\t\t\t\t<\/div>\n\t\t\t\t\t<\/div>\n\t\t\t\t<\/div>\n\t\t<div class=\"elementor-element elementor-element-fe16e3f e-flex e-con-boxed e-con e-parent\" data-id=\"fe16e3f\" data-element_type=\"container\">\n\t\t\t\t\t<div class=\"e-con-inner\">\n\t\t\t\t<div class=\"elementor-element elementor-element-73f6e6e elementor-widget elementor-widget-heading\" data-id=\"73f6e6e\" data-element_type=\"widget\" data-widget_type=\"heading.default\">\n\t\t\t\t\t<h2 class=\"elementor-heading-title elementor-size-default\">\u0639\u0644\u0627\u0645\u0629 \u0639\u0627\u062f\u0644\u0629<\/h2>\t\t\t\t<\/div>\n\t\t\t\t\t<\/div>\n\t\t\t\t<\/div>\n\t\t<div class=\"elementor-element elementor-element-afba326 e-flex e-con-boxed e-con e-parent\" data-id=\"afba326\" data-element_type=\"container\">\n\t\t\t\t\t<div class=\"e-con-inner\">\n\t\t<div class=\"elementor-element elementor-element-5fa9d27 e-con-full e-flex e-con e-child\" data-id=\"5fa9d27\" data-element_type=\"container\">\n\t\t\t\t<div class=\"elementor-element elementor-element-6a2aeaf elementor-widget elementor-widget-text-editor\" data-id=\"6a2aeaf\" data-element_type=\"widget\" data-widget_type=\"text-editor.default\">\n\t\t\t\t\t\t\t\t\t<p>\u00a0<\/p><p class=\"s5\"><strong><span class=\"s2\">\u0627\u0633\u0645 \u0627\u0644\u0645\u0639\u0631\u0636<\/span><\/strong><span class=\"s7\"> \u0643\u064a\u0647 \u0625\u0641 \u0625\u0641 \u0625\u0641 - \u0642\u064a\u0635\u0631\u064a <\/span><span class=\"s7\">\u0627\u0644\u0623\u062b\u0627\u062b<\/span> <span class=\"s7\">\u0639\u0627\u062f\u0644\u0629<\/span><span class=\"s7\"><br \/><\/span><strong><span class=\"s2\">\u0627\u0644\u062a\u0627\u0631\u064a\u062e:<\/span><\/strong><span class=\"s7\"> 31 \u064a\u0646\u0627\u064a\u0631 - 3 \u0641\u0628\u0631\u0627\u064a\u0631 2026<\/span><span class=\"s7\"><br \/><\/span><strong><span class=\"s2\">\u0627\u0644\u0645\u0648\u0642\u0639:<\/span><\/strong><span class=\"s7\"> \u0645\u0631\u0643\u0632 \u0645\u0639\u0627\u0631\u0636 \u0642\u064a\u0635\u0631\u064a OSB \u0627\u0644\u062f\u0648\u0644\u064a<\/span><span class=\"s7\"><br \/><\/span><strong><span class=\"s2\">\u0627\u0644\u0645\u0646\u0638\u0645<\/span><\/strong><span class=\"s7\"> \u0646\u0648\u0628\u0644 \u0625\u0643\u0633\u0628\u0648 \u0641\u0648\u0627\u0631\u0633\u064a\u0644\u064a\u0643 \u0623. \u0633. - <\/span><a href=\"http:\/\/www.nobelexpo.com\/\"><span class=\"s11\">www.nobelexpo.com<\/span><\/a><span class=\"s7\"><br \/><\/span><strong><span class=\"s2\">\u0633\u0627\u0639\u0627\u062a \u0627\u0644\u0632\u064a\u0627\u0631\u0629:<\/span><\/strong><span class=\"s7\"> 10:00 - 18:00 (31 \u064a\u0646\u0627\u064a\u0631 - 2 \u0641\u0628\u0631\u0627\u064a\u0631) \/ 10:00 - 17:00 (3 \u0641\u0628\u0631\u0627\u064a\u0631)<\/span><\/p>\t\t\t\t\t\t\t\t<\/div>\n\t\t\t\t<\/div>\n\t\t\t\t<div class=\"elementor-element elementor-element-477f00d elementor-widget elementor-widget-image\" data-id=\"477f00d\" data-element_type=\"widget\" data-widget_type=\"image.default\">\n\t\t\t\t\t\t\t\t\t\t\t\t\t\t\t<img fetchpriority=\"high\" decoding=\"async\" width=\"525\" height=\"218\" src=\"https:\/\/kayserifurniturefair.com\/wp-content\/uploads\/2025\/11\/WhatsApp-Image-2025-11-11-at-13.36.22-1024x426.jpeg\" class=\"attachment-large size-large wp-image-4120\" alt=\"\" srcset=\"https:\/\/kayserifurniturefair.com\/wp-content\/uploads\/2025\/11\/WhatsApp-Image-2025-11-11-at-13.36.22-1024x426.jpeg 1024w, https:\/\/kayserifurniturefair.com\/wp-content\/uploads\/2025\/11\/WhatsApp-Image-2025-11-11-at-13.36.22-300x125.jpeg 300w, https:\/\/kayserifurniturefair.com\/wp-content\/uploads\/2025\/11\/WhatsApp-Image-2025-11-11-at-13.36.22-768x320.jpeg 768w, https:\/\/kayserifurniturefair.com\/wp-content\/uploads\/2025\/11\/WhatsApp-Image-2025-11-11-at-13.36.22-1536x639.jpeg 1536w, https:\/\/kayserifurniturefair.com\/wp-content\/uploads\/2025\/11\/WhatsApp-Image-2025-11-11-at-13.36.22.jpeg 1600w\" sizes=\"(max-width: 525px) 100vw, 525px\" \/>\t\t\t\t\t\t\t\t\t\t\t\t\t\t\t<\/div>\n\t\t\t\t\t<\/div>\n\t\t\t\t<\/div>\n\t\t<div class=\"elementor-element elementor-element-77e71fa e-flex e-con-boxed e-con e-parent\" data-id=\"77e71fa\" data-element_type=\"container\">\n\t\t\t\t\t<div class=\"e-con-inner\">\n\t\t\t\t\t<\/div>\n\t\t\t\t<\/div>\n\t\t\t\t<\/div>","protected":false},"excerpt":{"rendered":"<p>Konaklama \u00d6nerilerimiz WYNDHAM \u0130\u015f odakl\u0131 konaklamaya uygun, geni\u015f odalar\u0131 ve toplant\u0131 alanlar\u0131yla \u00f6ne \u00e7\u0131kar. \u015eehir merkezine ve ula\u015f\u0131m hatlar\u0131na yak\u0131n konumuyla fuar s\u00fcresince pratik bir deneyim sunar.\u00d6ne \u00e7\u0131kanlar: \u00dccretsiz Wi-Fi, kahvalt\u0131 opsiyonu, fitness. IBIS Kompakt ve i\u015flevsel odalar\u0131yla pratik konaklama arayan kat\u0131l\u0131mc\u0131lar i\u00e7in idealdir. H\u0131zl\u0131 check-in ve temel i\u015f seyahati ihtiya\u00e7lar\u0131na uygun hizmetler sunar.\u00d6ne \u00e7\u0131kanlar: [&hellip;]<\/p>","protected":false},"author":1,"featured_media":0,"parent":0,"menu_order":0,"comment_status":"closed","ping_status":"closed","template":"","meta":{"footnotes":""},"class_list":["post-4231","page","type-page","status-publish","hentry"],"_links":{"self":[{"href":"https:\/\/kayserifurniturefair.com\/ar\/wp-json\/wp\/v2\/pages\/4231","targetHints":{"allow":["GET"]}}],"collection":[{"href":"https:\/\/kayserifurniturefair.com\/ar\/wp-json\/wp\/v2\/pages"}],"about":[{"href":"https:\/\/kayserifurniturefair.com\/ar\/wp-json\/wp\/v2\/types\/page"}],"author":[{"embeddable":true,"href":"https:\/\/kayserifurniturefair.com\/ar\/wp-json\/wp\/v2\/users\/1"}],"replies":[{"embeddable":true,"href":"https:\/\/kayserifurniturefair.com\/ar\/wp-json\/wp\/v2\/comments?post=4231"}],"version-history":[{"count":11,"href":"https:\/\/kayserifurniturefair.com\/ar\/wp-json\/wp\/v2\/pages\/4231\/revisions"}],"predecessor-version":[{"id":4332,"href":"https:\/\/kayserifurniturefair.com\/ar\/wp-json\/wp\/v2\/pages\/4231\/revisions\/4332"}],"wp:attachment":[{"href":"https:\/\/kayserifurniturefair.com\/ar\/wp-json\/wp\/v2\/media?parent=4231"}],"curies":[{"name":"\u062f\u0628\u0644\u064a\u0648 \u0628\u064a","href":"https:\/\/api.w.org\/{rel}","templated":true}]}}