{"id":745,"date":"2024-01-31T12:48:35","date_gmt":"2024-01-31T12:48:35","guid":{"rendered":"https:\/\/wp2.yogsthemes.com\/thewp\/oment\/?page_id=745"},"modified":"2025-11-12T13:04:25","modified_gmt":"2025-11-12T13:04:25","slug":"hakkimizda","status":"publish","type":"page","link":"https:\/\/kayserifurniturefair.com\/ar\/hakkimizda\/","title":{"rendered":"\u0646\u0628\u0630\u0629 \u0639\u0646\u0627"},"content":{"rendered":"<div data-elementor-type=\"wp-page\" data-elementor-id=\"745\" class=\"elementor elementor-745\">\n\t\t\t\t<section class=\"elementor-element elementor-element-5b44dea e-con-full e-flex e-con e-parent\" data-id=\"5b44dea\" data-element_type=\"container\" id=\"home\">\n\t\t\t\t<\/section>\n\t\t<section class=\"elementor-element elementor-element-7911843 e-con-full relative e-flex e-con e-parent\" data-id=\"7911843\" data-element_type=\"container\">\n\t\t<div class=\"elementor-element elementor-element-64bf3cc e-flex e-con-boxed e-con e-child\" data-id=\"64bf3cc\" data-element_type=\"container\">\n\t\t\t\t\t<div class=\"e-con-inner\">\n\t\t\t\t<div class=\"elementor-element elementor-element-e2494e8 elementor-widget elementor-widget-heading\" data-id=\"e2494e8\" data-element_type=\"widget\" data-widget_type=\"heading.default\">\n\t\t\t\t\t<h2 class=\"elementor-heading-title elementor-size-default\">\u0645\u0639\u0631\u0636 KFF 2026 - \u0645\u0639\u0631\u0636 \u0627\u0644\u0623\u062b\u0627\u062b \u0627\u0644\u0645\u062f\u0639\u0648\u0645 \u0645\u0646 \u0627\u0644\u0625\u0646\u062a\u0627\u062c<\/h2>\t\t\t\t<\/div>\n\t\t\t\t<div class=\"elementor-element elementor-element-96e2463 elementor-widget elementor-widget-text-editor\" data-id=\"96e2463\" data-element_type=\"widget\" data-widget_type=\"text-editor.default\">\n\t\t\t\t\t\t\t\t\t<p>\u064a\u0642\u0627\u0645 \u0645\u0639\u0631\u0636 \u0642\u064a\u0635\u0631\u064a \u0644\u0644\u0623\u062b\u0627\u062b\u060c \u0627\u0644\u0630\u064a \u062a\u0646\u0638\u0645\u0647 \u0634\u0631\u0643\u0629 \u0646\u0648\u0628\u0644 \u0625\u0643\u0633\u0628\u0648\u060c \u0641\u064a \u0642\u064a\u0635\u0631\u064a\u060c \u0642\u0644\u0628 \u0635\u0646\u0627\u0639\u0629 \u0627\u0644\u0623\u062b\u0627\u062b. \u062a\u064f\u0639\u062f \u0642\u064a\u0635\u0631\u064a\u060c \u0648\u0647\u064a \u0648\u0627\u062d\u062f\u0629 \u0645\u0646 \u0623\u0643\u0628\u0631 \u0645\u0631\u0627\u0643\u0632 \u0627\u0644\u0625\u0646\u062a\u0627\u062c \u0641\u064a \u062a\u0631\u0643\u064a\u0627\u060c \u0644\u0627\u0639\u0628\u0627\u064b \u0642\u0648\u064a\u0627\u064b \u0644\u064a\u0633 \u0641\u0642\u0637 \u0641\u064a \u0633\u0648\u0642 \u0627\u0644\u0623\u062b\u0627\u062b \u0627\u0644\u0645\u062d\u0644\u064a \u0648\u0644\u0643\u0646 \u0623\u064a\u0636\u0627\u064b \u0641\u064a \u0633\u0648\u0642 \u0627\u0644\u0623\u062b\u0627\u062b \u0627\u0644\u0639\u0627\u0644\u0645\u064a \u0645\u0639 \u0645\u0626\u0627\u062a \u0645\u0646 \u0634\u0631\u0643\u0627\u062a \u0627\u0644\u062a\u0635\u0646\u064a\u0639. \u064a\u062c\u0645\u0639 \u0645\u0639\u0631\u0636 \u0642\u064a\u0635\u0631\u064a \u0644\u0644\u0623\u062b\u0627\u062b \u0628\u064a\u0646 \u0647\u0630\u0647 \u0627\u0644\u0642\u0648\u0629 \u0648\u0627\u0644\u062a\u062c\u0627\u0631\u0629 \u0627\u0644\u062f\u0648\u0644\u064a\u0629 \u0648\u064a\u0648\u0641\u0631 \u062a\u0639\u0627\u0648\u0646\u064b\u0627 \u062c\u062f\u064a\u062f\u064b\u0627 \u0648\u0623\u0633\u0648\u0627\u0642\u064b\u0627 \u062c\u062f\u064a\u062f\u0629 \u0648\u0641\u0631\u0635\u064b\u0627 \u0645\u0648\u062c\u0647\u0629 \u0644\u0644\u062a\u0635\u062f\u064a\u0631 \u0644\u0644\u0642\u0637\u0627\u0639.<\/p>\t\t\t\t\t\t\t\t<\/div>\n\t\t\t\t<div class=\"elementor-element elementor-element-6bf837a elementor-widget elementor-widget-heading\" data-id=\"6bf837a\" data-element_type=\"widget\" data-widget_type=\"heading.default\">\n\t\t\t\t\t<h2 class=\"elementor-heading-title elementor-size-default\">\u0646\u0642\u0637\u0629 \u0627\u0644\u0627\u0644\u062a\u0642\u0627\u0621 \u0627\u0644\u0623\u0642\u0648\u0649 \u0641\u064a \u0627\u0644\u0642\u0637\u0627\u0639<\/h2>\t\t\t\t<\/div>\n\t\t\t\t<div class=\"elementor-element elementor-element-f3292c5 elementor-widget elementor-widget-text-editor\" data-id=\"f3292c5\" data-element_type=\"widget\" data-widget_type=\"text-editor.default\">\n\t\t\t\t\t\t\t\t\t<p>\u064a\u062c\u0645\u0639 \u0645\u0639\u0631\u0636 KFF \u0623\u0643\u062b\u0631 \u0645\u0646 310 \u0639\u0644\u0627\u0645\u0629 \u062a\u062c\u0627\u0631\u064a\u0629 \u0639\u0644\u0649 \u0645\u0633\u0627\u062d\u0629 30.000 \u0645\u062a\u0631 \u0645\u0631\u0628\u0639\u060c \u0648\u064a\u0641\u062a\u062d \u0623\u0628\u0648\u0627\u0628 \u0627\u0644\u062a\u062c\u0627\u0631\u0629 \u0627\u0644\u0639\u0627\u0644\u0645\u064a\u0629 \u0644\u0644\u0645\u0634\u0627\u0631\u0643\u064a\u0646 \u0641\u064a\u0647 \u0645\u0639 \u0648\u0641\u0648\u062f \u0645\u0634\u062a\u0631\u064a\u0627\u062a \u0645\u0646 \u0623\u0643\u062b\u0631 \u0645\u0646 36 \u062f\u0648\u0644\u0629. \u0648\u0647\u0648 \u0644\u064a\u0633 \u0645\u062c\u0631\u062f \u0645\u0639\u0631\u0636 \u0644\u0644\u0645\u0647\u0646\u064a\u064a\u0646 \u0641\u064a \u0647\u0630\u0627 \u0627\u0644\u0645\u062c\u0627\u0644 \u0641\u062d\u0633\u0628\u060c \u0628\u0644 \u0647\u0648 \u0623\u064a\u0636\u0627\u064b \u0645\u0646\u0635\u0629 \u062a\u062c\u0627\u0631\u064a\u0629 \u064a\u062a\u0645 \u0641\u064a\u0647\u0627 \u062a\u0642\u062f\u064a\u0645 \u0645\u062c\u0645\u0648\u0639\u0627\u062a \u062c\u062f\u064a\u062f\u0629 \u0648\u0639\u0642\u062f \u0627\u062c\u062a\u0645\u0627\u0639\u0627\u062a \u0639\u0645\u0644 \u062b\u0646\u0627\u0626\u064a\u0629 \u0648\u0625\u0642\u0627\u0645\u0629 \u062a\u0639\u0627\u0648\u0646 \u0627\u0633\u062a\u0631\u0627\u062a\u064a\u062c\u064a.<\/p>\t\t\t\t\t\t\t\t<\/div>\n\t\t\t\t<div class=\"elementor-element elementor-element-c77ef26 elementor-widget elementor-widget-heading\" data-id=\"c77ef26\" data-element_type=\"widget\" data-widget_type=\"heading.default\">\n\t\t\t\t\t<h2 class=\"elementor-heading-title elementor-size-default\">\u0645\u0631\u0643\u0632 \u0627\u0644\u0623\u062b\u0627\u062b \u0642\u064a\u0635\u0631\u064a<\/h2>\t\t\t\t<\/div>\n\t\t\t\t<div class=\"elementor-element elementor-element-edab346 elementor-widget elementor-widget-text-editor\" data-id=\"edab346\" data-element_type=\"widget\" data-widget_type=\"text-editor.default\">\n\t\t\t\t\t\t\t\t\t<p>\u064a\u0633\u062a\u0642\u0637\u0628 \u0645\u0639\u0631\u0636 KFF \u0645\u062c\u0645\u0648\u0639\u0629 \u0648\u0627\u0633\u0639\u0629 \u0645\u0646 \u0627\u0644\u0639\u0627\u0631\u0636\u064a\u0646 \u0648\u0627\u0644\u0632\u0648\u0627\u0631 \u0645\u0646 \u0645\u0635\u0646\u0639\u064a \u0627\u0644\u0623\u062b\u0627\u062b \u0648\u0627\u0644\u0645\u0635\u062f\u0631\u064a\u0646 \u0648\u0627\u0644\u0645\u0635\u0645\u0645\u064a\u0646 \u0648\u0627\u0644\u0645\u0648\u0631\u062f\u064a\u0646. \u0648\u0628\u064a\u0646\u0645\u0627 \u064a\u0643\u0634\u0641 \u0627\u0644\u0645\u0639\u0631\u0636 \u0639\u0646 \u0642\u0648\u0629 \u062a\u0631\u0643\u064a\u0627 \u0627\u0644\u0625\u0646\u062a\u0627\u062c\u064a\u0629 \u0648\u0642\u062f\u0631\u062a\u0647\u0627 \u0639\u0644\u0649 \u0627\u0644\u0627\u0628\u062a\u0643\u0627\u0631\u060c \u0641\u0625\u0646\u0647 \u064a\u0631\u0633\u0645 \u0645\u0633\u062a\u0642\u0628\u0644 \u0635\u0646\u0627\u0639\u0629 \u0627\u0644\u0623\u062b\u0627\u062b. 365 \u064a\u0648\u0645\u0627\u064b \u0645\u0646 \u0627\u0644\u062e\u062f\u0645\u0629 \u0644\u0644\u0642\u0637\u0627\u0639 \u064a\u064f\u0646\u0638\u0645 \u0645\u0639\u0631\u0636 KFF \u0645\u0646 \u062e\u0644\u0627\u0644 \u0646\u0647\u062c \u0627\u0644\u062c\u064a\u0644 \u0627\u0644\u062c\u062f\u064a\u062f \u0645\u0646 \u0625\u062f\u0627\u0631\u0629 \u0645\u0639\u0627\u0631\u0636 \u0646\u0648\u0628\u0644 \u0625\u0643\u0633\u0628\u0648 \u0627\u0644\u0630\u064a \u064a\u0631\u0634\u062f \u0639\u0627\u0644\u0645 \u0627\u0644\u0623\u0639\u0645\u0627\u0644 \u0628\u0627\u0644\u062e\u062f\u0645\u0627\u062a \u0627\u0644\u062a\u064a \u064a\u0642\u062f\u0645\u0647\u0627 \u0644\u064a\u0633 \u0641\u0642\u0637 \u062e\u0644\u0627\u0644 \u0623\u064a\u0627\u0645 \u0627\u0644\u0645\u0639\u0631\u0636 \u0648\u0644\u0643\u0646 \u0623\u064a\u0636\u0627\u064b \u0639\u0644\u0649 \u0645\u062f\u0627\u0631 \u0627\u0644\u0639\u0627\u0645. \u0648\u0628\u0641\u0636\u0644 \u0627\u0644\u0627\u0645\u062a\u064a\u0627\u0632\u0627\u062a \u0627\u0644\u062a\u064a \u064a\u0642\u062f\u0645\u0647\u0627 \u0642\u0628\u0644 \u0627\u0644\u0645\u0639\u0631\u0636 \u0648\u0623\u062b\u0646\u0627\u0621\u0647 \u0648\u0628\u0639\u062f\u0647\u060c \u0641\u0647\u0648 \u0634\u0631\u064a\u0643 \u062a\u062c\u0627\u0631\u064a \u0645\u0648\u062b\u0648\u0642 \u0628\u0647 \u0644\u062c\u0645\u064a\u0639 \u0627\u0644\u0639\u0645\u0644\u064a\u0627\u062a \u0627\u0644\u062a\u062c\u0627\u0631\u064a\u0629 \u0641\u064a \u0635\u0646\u0627\u0639\u0629 \u0627\u0644\u0623\u062b\u0627\u062b.<\/p>\t\t\t\t\t\t\t\t<\/div>\n\t\t\t\t<div class=\"elementor-element elementor-element-7f36dcf elementor-widget elementor-widget-heading\" data-id=\"7f36dcf\" data-element_type=\"widget\" data-widget_type=\"heading.default\">\n\t\t\t\t\t<h2 class=\"elementor-heading-title elementor-size-default\">KFF 2026 - \u0646\u0642\u0637\u0629 \u0627\u0644\u0627\u0644\u062a\u0642\u0627\u0621 \u0627\u0644\u0623\u0643\u062b\u0631 \u0627\u0633\u062a\u0631\u0627\u062a\u064a\u062c\u064a\u0629 \u0641\u064a \u0635\u0646\u0627\u0639\u0629 \u0627\u0644\u0623\u062b\u0627\u062b!<\/h2>\t\t\t\t<\/div>\n\t\t\t\t\t<\/div>\n\t\t\t\t<\/div>\n\t\t\t\t<\/section>\n\t\t<div class=\"elementor-element elementor-element-d9e8ffd e-flex e-con-boxed e-con e-parent\" data-id=\"d9e8ffd\" data-element_type=\"container\">\n\t\t\t\t\t<div class=\"e-con-inner\">\n\t\t\t\t\t<\/div>\n\t\t\t\t<\/div>\n\t\t\t\t<\/div>","protected":false},"excerpt":{"rendered":"<p>KFF 2026 \u2013 G\u00fcc\u00fcn\u00fc \u00dcretimden Alan Mobilya Fuar\u0131 Nobel Expo taraf\u0131ndan organize edilen Kayseri Mobilya Fuar\u0131, mobilya sanayisinin kalbinin att\u0131\u011f\u0131 Kayseri\u2019de d\u00fczenleniyor. T\u00fcrkiye\u2019nin en b\u00fcy\u00fck \u00fcretim merkezlerinden biri olan Kayseri, y\u00fczlerce \u00fcretici firmas\u0131yla yaln\u0131zca yurt i\u00e7inde de\u011fil, d\u00fcnya mobilya pazar\u0131nda da g\u00fc\u00e7l\u00fc bir oyuncu konumunda. KFF, bu g\u00fcc\u00fc uluslararas\u0131 ticaretle bulu\u015fturarak sekt\u00f6re yeni i\u015f birlikleri, [&hellip;]<\/p>","protected":false},"author":1,"featured_media":0,"parent":0,"menu_order":0,"comment_status":"closed","ping_status":"closed","template":"tpl-default-elementor.php","meta":{"footnotes":""},"class_list":["post-745","page","type-page","status-publish","hentry"],"_links":{"self":[{"href":"https:\/\/kayserifurniturefair.com\/ar\/wp-json\/wp\/v2\/pages\/745","targetHints":{"allow":["GET"]}}],"collection":[{"href":"https:\/\/kayserifurniturefair.com\/ar\/wp-json\/wp\/v2\/pages"}],"about":[{"href":"https:\/\/kayserifurniturefair.com\/ar\/wp-json\/wp\/v2\/types\/page"}],"author":[{"embeddable":true,"href":"https:\/\/kayserifurniturefair.com\/ar\/wp-json\/wp\/v2\/users\/1"}],"replies":[{"embeddable":true,"href":"https:\/\/kayserifurniturefair.com\/ar\/wp-json\/wp\/v2\/comments?post=745"}],"version-history":[{"count":11,"href":"https:\/\/kayserifurniturefair.com\/ar\/wp-json\/wp\/v2\/pages\/745\/revisions"}],"predecessor-version":[{"id":4270,"href":"https:\/\/kayserifurniturefair.com\/ar\/wp-json\/wp\/v2\/pages\/745\/revisions\/4270"}],"wp:attachment":[{"href":"https:\/\/kayserifurniturefair.com\/ar\/wp-json\/wp\/v2\/media?parent=745"}],"curies":[{"name":"\u062f\u0628\u0644\u064a\u0648 \u0628\u064a","href":"https:\/\/api.w.org\/{rel}","templated":true}]}}