{"id":749,"date":"2024-01-31T12:49:50","date_gmt":"2024-01-31T12:49:50","guid":{"rendered":"https:\/\/wp2.yogsthemes.com\/thewp\/oment\/?page_id=749"},"modified":"2025-11-12T13:32:34","modified_gmt":"2025-11-12T13:32:34","slug":"hizmetlerimiz","status":"publish","type":"page","link":"https:\/\/kayserifurniturefair.com\/ar\/hizmetlerimiz\/","title":{"rendered":"\u062e\u062f\u0645\u0627\u062a\u0646\u0627"},"content":{"rendered":"<div data-elementor-type=\"wp-page\" data-elementor-id=\"749\" class=\"elementor elementor-749\">\n\t\t\t\t<div class=\"elementor-element elementor-element-bfe878e e-con-full e-flex e-con e-parent\" data-id=\"bfe878e\" data-element_type=\"container\" id=\"home\">\n\t\t\t\t<\/div>\n\t\t<div class=\"elementor-element elementor-element-412e2b5 e-flex e-con-boxed e-con e-parent\" data-id=\"412e2b5\" data-element_type=\"container\">\n\t\t\t\t\t<div class=\"e-con-inner\">\n\t\t\t\t<div class=\"elementor-element elementor-element-018120b elementor-widget elementor-widget-heading\" data-id=\"018120b\" data-element_type=\"widget\" data-widget_type=\"heading.default\">\n\t\t\t\t\t<h2 class=\"elementor-heading-title elementor-size-default\">Ba\u015far\u0131l\u0131 Bir Fuar Deneyimi \u0130\u00e7in Size \u00d6zel Hizmetlerimiz<\/h2>\t\t\t\t<\/div>\n\t\t\t\t\t<\/div>\n\t\t\t\t<\/div>\n\t\t<div class=\"elementor-element elementor-element-e8b8b05 e-flex e-con-boxed e-con e-parent\" data-id=\"e8b8b05\" data-element_type=\"container\">\n\t\t\t\t\t<div class=\"e-con-inner\">\n\t\t\t\t<div class=\"elementor-element elementor-element-fb092f6 elementor-widget elementor-widget-text-editor\" data-id=\"fb092f6\" data-element_type=\"widget\" data-widget_type=\"text-editor.default\">\n\t\t\t\t\t\t\t\t\t<p>KFF Kayseri Mobilya Fuar\u0131\u2019na kat\u0131lma karar\u0131 verdi\u011finizde, art\u0131k yaln\u0131zca bir fuarda yer alm\u0131yorsunuz. Nobel Expo\u2019nun yeni nesil fuarc\u0131l\u0131k anlay\u0131\u015f\u0131yla, yat\u0131r\u0131m\u0131n\u0131z\u0131n potansiyelini en \u00fcst seviyeye ta\u015f\u0131yacak bir i\u015f platformuna ad\u0131m at\u0131yorsunuz. Kat\u0131l\u0131mc\u0131lar\u0131m\u0131z i\u00e7in sundu\u011fumuz ayr\u0131cal\u0131kl\u0131 hizmetler, fuar s\u00fcresince oldu\u011fu kadar \u00f6ncesinde ve sonras\u0131nda da markan\u0131z\u0131 g\u00fc\u00e7lendirmenize yard\u0131mc\u0131 olur.<\/p>\t\t\t\t\t\t\t\t<\/div>\n\t\t\t\t\t<\/div>\n\t\t\t\t<\/div>\n\t\t<div class=\"elementor-element elementor-element-ba9b0c2 e-grid e-con-boxed e-con e-parent\" data-id=\"ba9b0c2\" data-element_type=\"container\">\n\t\t\t\t\t<div class=\"e-con-inner\">\n\t\t\t\t<div class=\"elementor-element elementor-element-fcdfa28 elementor-widget elementor-widget-text-editor\" data-id=\"fcdfa28\" data-element_type=\"widget\" data-widget_type=\"text-editor.default\">\n\t\t\t\t\t\t\t\t\t<h3><strong>Reklam ve Tan\u0131t\u0131m \u00c7\u00f6z\u00fcmleri<\/strong><\/h3><p>\u00a0<\/p><p>Fuar \u00f6ncesinde, s\u0131ras\u0131nda ve sonras\u0131nda markan\u0131z\u0131n g\u00f6r\u00fcn\u00fcrl\u00fc\u011f\u00fcn\u00fc art\u0131r\u0131n. Dijital ve fiziksel reklam paketlerimizle hedef kitlenizin akl\u0131nda kal\u0131n, yeni m\u00fc\u015fterilere ula\u015f\u0131n ve i\u015f birliklerinizi g\u00fc\u00e7lendirin.<\/p>\t\t\t\t\t\t\t\t<\/div>\n\t\t\t\t<div class=\"elementor-element elementor-element-3069068 elementor-widget elementor-widget-text-editor\" data-id=\"3069068\" data-element_type=\"widget\" data-widget_type=\"text-editor.default\">\n\t\t\t\t\t\t\t\t\t<h3><strong>Haz\u0131r Stant Paketleri<\/strong><\/h3><p>\u00a0<\/p><p>Marka alg\u0131n\u0131z\u0131 g\u00fc\u00e7lendirin, zamandan tasarruf edin. Haz\u0131r stant paketlerimiz sayesinde h\u0131zl\u0131, ekonomik ve etkili \u00e7\u00f6z\u00fcmlerle fuar alan\u0131na haz\u0131r olun. \u00d6zel tasar\u0131mlar ve kurulum destekleriyle markan\u0131z\u0131 en iyi \u015fekilde temsil edin.<\/p>\t\t\t\t\t\t\t\t<\/div>\n\t\t\t\t\t<\/div>\n\t\t\t\t<\/div>\n\t\t<div class=\"elementor-element elementor-element-6cbeb70 e-grid e-con-boxed e-con e-parent\" data-id=\"6cbeb70\" data-element_type=\"container\">\n\t\t\t\t\t<div class=\"e-con-inner\">\n\t\t\t\t<div class=\"elementor-element elementor-element-7a24bb8 elementor-widget elementor-widget-text-editor\" data-id=\"7a24bb8\" data-element_type=\"widget\" data-widget_type=\"text-editor.default\">\n\t\t\t\t\t\t\t\t\t<h3><strong>B2B G\u00f6r\u00fc\u015fme ve Networking Alanlar\u0131<\/strong><\/h3><p>\u00a0<\/p><p>KFF, kat\u0131l\u0131mc\u0131lar\u0131 do\u011fru al\u0131c\u0131larla bulu\u015fturan \u00f6zel i\u015f g\u00f6r\u00fc\u015fmeleri ve uluslararas\u0131 al\u0131m heyeti programlar\u0131 ile \u00f6ne \u00e7\u0131kar. Sekt\u00f6r profesyonelleriyle kuraca\u011f\u0131n\u0131z ba\u011flant\u0131lar, ihracat\u0131n\u0131z\u0131 art\u0131rmak i\u00e7in en g\u00fc\u00e7l\u00fc f\u0131rsat\u0131n\u0131z olacak.<\/p>\t\t\t\t\t\t\t\t<\/div>\n\t\t\t\t<div class=\"elementor-element elementor-element-7ddabf5 elementor-widget elementor-widget-text-editor\" data-id=\"7ddabf5\" data-element_type=\"widget\" data-widget_type=\"text-editor.default\">\n\t\t\t\t\t\t\t\t\t<h3><strong>G\u00f6rsel ve Medya Hizmetleri<\/strong><\/h3><p>\u00a0<\/p><p>Markan\u0131z\u0131 fuar\u0131n \u00f6tesine ta\u015f\u0131y\u0131n. Foto\u011fraf ve video prod\u00fcksiyon hizmetleriyle sosyal medyada g\u00f6r\u00fcn\u00fcrl\u00fc\u011f\u00fcn\u00fcz\u00fc art\u0131r\u0131n, fuar sonras\u0131nda bile etki yaratmaya devam edin. \u00d6zel g\u00f6r\u00fc\u015fmelerinizde profesyonel bir etki b\u0131rak\u0131n. Konforlu ve modern toplant\u0131 salonlar\u0131m\u0131zda i\u015f ortaklar\u0131n\u0131z\u0131 a\u011f\u0131rlay\u0131n, yeni anla\u015fmalara imza at\u0131n.<\/p>\t\t\t\t\t\t\t\t<\/div>\n\t\t\t\t\t<\/div>\n\t\t\t\t<\/div>\n\t\t\t\t<\/div>","protected":false},"excerpt":{"rendered":"<p>Ba\u015far\u0131l\u0131 Bir Fuar Deneyimi \u0130\u00e7in Size \u00d6zel Hizmetlerimiz KFF Kayseri Mobilya Fuar\u0131\u2019na kat\u0131lma karar\u0131 verdi\u011finizde, art\u0131k yaln\u0131zca bir fuarda yer alm\u0131yorsunuz. Nobel Expo\u2019nun yeni nesil fuarc\u0131l\u0131k anlay\u0131\u015f\u0131yla, yat\u0131r\u0131m\u0131n\u0131z\u0131n potansiyelini en \u00fcst seviyeye ta\u015f\u0131yacak bir i\u015f platformuna ad\u0131m at\u0131yorsunuz. Kat\u0131l\u0131mc\u0131lar\u0131m\u0131z i\u00e7in sundu\u011fumuz ayr\u0131cal\u0131kl\u0131 hizmetler, fuar s\u00fcresince oldu\u011fu kadar \u00f6ncesinde ve sonras\u0131nda da markan\u0131z\u0131 g\u00fc\u00e7lendirmenize yard\u0131mc\u0131 olur. [&hellip;]<\/p>","protected":false},"author":1,"featured_media":0,"parent":0,"menu_order":0,"comment_status":"closed","ping_status":"closed","template":"tpl-default-elementor.php","meta":{"footnotes":""},"class_list":["post-749","page","type-page","status-publish","hentry"],"_links":{"self":[{"href":"https:\/\/kayserifurniturefair.com\/ar\/wp-json\/wp\/v2\/pages\/749","targetHints":{"allow":["GET"]}}],"collection":[{"href":"https:\/\/kayserifurniturefair.com\/ar\/wp-json\/wp\/v2\/pages"}],"about":[{"href":"https:\/\/kayserifurniturefair.com\/ar\/wp-json\/wp\/v2\/types\/page"}],"author":[{"embeddable":true,"href":"https:\/\/kayserifurniturefair.com\/ar\/wp-json\/wp\/v2\/users\/1"}],"replies":[{"embeddable":true,"href":"https:\/\/kayserifurniturefair.com\/ar\/wp-json\/wp\/v2\/comments?post=749"}],"version-history":[{"count":26,"href":"https:\/\/kayserifurniturefair.com\/ar\/wp-json\/wp\/v2\/pages\/749\/revisions"}],"predecessor-version":[{"id":4312,"href":"https:\/\/kayserifurniturefair.com\/ar\/wp-json\/wp\/v2\/pages\/749\/revisions\/4312"}],"wp:attachment":[{"href":"https:\/\/kayserifurniturefair.com\/ar\/wp-json\/wp\/v2\/media?parent=749"}],"curies":[{"name":"\u062f\u0628\u0644\u064a\u0648 \u0628\u064a","href":"https:\/\/api.w.org\/{rel}","templated":true}]}}