{"id":169,"date":"2024-01-30T19:46:09","date_gmt":"2024-01-30T19:46:09","guid":{"rendered":"https:\/\/wp2.yogsthemes.com\/thewp\/oment\/?page_id=169"},"modified":"2025-11-12T14:19:36","modified_gmt":"2025-11-12T14:19:36","slug":"ulasim","status":"publish","type":"page","link":"https:\/\/kayserifurniturefair.com\/en\/ulasim\/","title":{"rendered":"Transport"},"content":{"rendered":"<div data-elementor-type=\"wp-page\" data-elementor-id=\"169\" class=\"elementor elementor-169\">\n\t\t\t\t<div class=\"elementor-element elementor-element-c2b6fc6 e-flex e-con-boxed e-con e-parent\" data-id=\"c2b6fc6\" data-element_type=\"container\">\n\t\t\t\t\t<div class=\"e-con-inner\">\n\t\t\t\t\t<\/div>\n\t\t\t\t<\/div>\n\t\t<div class=\"elementor-element elementor-element-2d597b0 e-flex e-con-boxed e-con e-parent\" data-id=\"2d597b0\" data-element_type=\"container\">\n\t\t\t\t\t<div class=\"e-con-inner\">\n\t\t<div class=\"elementor-element elementor-element-3e5c611 e-grid e-con-full e-con e-child\" data-id=\"3e5c611\" data-element_type=\"container\">\n\t\t\t\t<div class=\"elementor-element elementor-element-161f15d elementor-widget elementor-widget-text-editor\" data-id=\"161f15d\" data-element_type=\"widget\" data-widget_type=\"text-editor.default\">\n\t\t\t\t\t\t\t\t\t<h3><strong>Kayseri OSB Uluslararas\u0131 Fuar Merkezi\u2019ne Ula\u015f\u0131m\u0131 Nas\u0131l Sa\u011flar\u0131m?<\/strong><\/h3><p>\u00a0<\/p><p>Kayseri\u2019nin farkl\u0131 b\u00f6lgelerinden OSB Uluslararas\u0131 Fuar Merkezi\u2019ne ula\u015fmak i\u00e7in \u00e7e\u015fitli toplu ta\u015f\u0131ma ve \u00f6zel ara\u00e7 se\u00e7enekleri bulunmaktad\u0131r. \u015eehir merkezinden kalkan otob\u00fcs ve minib\u00fcs hatlar\u0131yla fuar alan\u0131na do\u011frudan ula\u015f\u0131m m\u00fcmk\u00fcnd\u00fcr. Ayr\u0131ca rayl\u0131 sistem ve aktarma imk\u00e2nlar\u0131 sayesinde ziyaret\u00e7iler fuara kolayca eri\u015febilir. Bu rehberde, otob\u00fcs, tramvay, minib\u00fcs ve di\u011fer ula\u015f\u0131m ara\u00e7lar\u0131yla Kayseri OSB Uluslararas\u0131 Fuar Merkezi\u2019ne nas\u0131l gidebilece\u011finizi detayl\u0131 \u015fekilde bulabilirsiniz. \u015eehrin her noktas\u0131ndan en uygun ula\u015f\u0131m alternatiflerini \u00f6\u011frenmek i\u00e7in a\u015fa\u011f\u0131daki bilgileri inceleyebilirsiniz.<\/p>\t\t\t\t\t\t\t\t<\/div>\n\t\t\t\t<div class=\"elementor-element elementor-element-5e1fb59 elementor-widget elementor-widget-image\" data-id=\"5e1fb59\" data-element_type=\"widget\" data-widget_type=\"image.default\">\n\t\t\t\t\t\t\t\t\t\t\t\t\t\t\t<img fetchpriority=\"high\" decoding=\"async\" width=\"525\" height=\"350\" src=\"https:\/\/kayserifurniturefair.com\/wp-content\/uploads\/2025\/11\/66433715b698d-1024x683.jpeg\" class=\"attachment-large size-large wp-image-4346\" alt=\"\" srcset=\"https:\/\/kayserifurniturefair.com\/wp-content\/uploads\/2025\/11\/66433715b698d-1024x683.jpeg 1024w, https:\/\/kayserifurniturefair.com\/wp-content\/uploads\/2025\/11\/66433715b698d-300x200.jpeg 300w, https:\/\/kayserifurniturefair.com\/wp-content\/uploads\/2025\/11\/66433715b698d-768x512.jpeg 768w, https:\/\/kayserifurniturefair.com\/wp-content\/uploads\/2025\/11\/66433715b698d.jpeg 1152w\" sizes=\"(max-width: 525px) 100vw, 525px\" \/>\t\t\t\t\t\t\t\t\t\t\t\t\t\t\t<\/div>\n\t\t\t\t<\/div>\n\t\t\t\t\t<\/div>\n\t\t\t\t<\/div>\n\t\t<div class=\"elementor-element elementor-element-ead6c4d e-flex e-con-boxed e-con e-parent\" data-id=\"ead6c4d\" data-element_type=\"container\">\n\t\t\t\t\t<div class=\"e-con-inner\">\n\t\t\t\t<div class=\"elementor-element elementor-element-7456872 e-n-tabs-mobile elementor-widget elementor-widget-n-tabs\" data-id=\"7456872\" data-element_type=\"widget\" data-settings=\"{&quot;horizontal_scroll&quot;:&quot;disable&quot;}\" data-widget_type=\"nested-tabs.default\">\n\t\t\t\t\t\t\t<div class=\"e-n-tabs\" data-widget-number=\"121989234\" aria-label=\"Tabs. Open items with Enter or Space, close with Escape and navigate using the Arrow keys.\">\n\t\t\t<div class=\"e-n-tabs-heading\" role=\"tablist\">\n\t\t\t\t\t<button id=\"e-n-tab-title-1219892341\" class=\"e-n-tab-title\" aria-selected=\"true\" data-tab-index=\"1\" role=\"tab\" tabindex=\"0\" aria-controls=\"e-n-tab-content-1219892341\" style=\"--n-tabs-title-order: 1;\">\n\t\t\t\t\t\t<span class=\"e-n-tab-title-text\">\n\t\t\t\t\u00d6ZEL ARA\u00c7\t\t\t<\/span>\n\t\t<\/button>\n\t\t\t\t<button id=\"e-n-tab-title-1219892342\" class=\"e-n-tab-title\" aria-selected=\"false\" data-tab-index=\"2\" role=\"tab\" tabindex=\"-1\" aria-controls=\"e-n-tab-content-1219892342\" style=\"--n-tabs-title-order: 2;\">\n\t\t\t\t\t\t<span class=\"e-n-tab-title-text\">\n\t\t\t\tTOPLU TA\u015eIMA\t\t\t<\/span>\n\t\t<\/button>\n\t\t\t\t<button id=\"e-n-tab-title-1219892343\" class=\"e-n-tab-title\" aria-selected=\"false\" data-tab-index=\"3\" role=\"tab\" tabindex=\"-1\" aria-controls=\"e-n-tab-content-1219892343\" style=\"--n-tabs-title-order: 3;\">\n\t\t\t\t\t\t<span class=\"e-n-tab-title-text\">\n\t\t\t\tHAVAYOLU\t\t\t<\/span>\n\t\t<\/button>\n\t\t\t\t<button id=\"e-n-tab-title-1219892344\" class=\"e-n-tab-title\" aria-selected=\"false\" data-tab-index=\"4\" role=\"tab\" tabindex=\"-1\" aria-controls=\"e-n-tab-content-1219892344\" style=\"--n-tabs-title-order: 4;\">\n\t\t\t\t\t\t<span class=\"e-n-tab-title-text\">\n\t\t\t\tDEM\u0130RYOLU\t\t\t<\/span>\n\t\t<\/button>\n\t\t\t\t<button id=\"e-n-tab-title-1219892345\" class=\"e-n-tab-title\" aria-selected=\"false\" data-tab-index=\"5\" role=\"tab\" tabindex=\"-1\" aria-controls=\"e-n-tab-content-1219892345\" style=\"--n-tabs-title-order: 5;\">\n\t\t\t\t\t\t<span class=\"e-n-tab-title-text\">\n\t\t\t\tTAKS\u0130 VEYA \u00d6ZEL TRANSFER\t\t\t<\/span>\n\t\t<\/button>\n\t\t\t\t\t<\/div>\n\t\t\t<div class=\"e-n-tabs-content\">\n\t\t\t\t<div id=\"e-n-tab-content-1219892341\" role=\"tabpanel\" aria-labelledby=\"e-n-tab-title-1219892341\" data-tab-index=\"1\" style=\"--n-tabs-title-order: 1;\" class=\"e-active elementor-element elementor-element-3c58708 e-con-full e-flex e-con e-child\" data-id=\"3c58708\" data-element_type=\"container\">\n\t\t<div class=\"elementor-element elementor-element-155bec4 e-flex e-con-boxed e-con e-child\" data-id=\"155bec4\" data-element_type=\"container\">\n\t\t\t\t\t<div class=\"e-con-inner\">\n\t\t\t\t<div class=\"elementor-element elementor-element-5ec5a98 elementor-widget elementor-widget-text-editor\" data-id=\"5ec5a98\" data-element_type=\"widget\" data-widget_type=\"text-editor.default\">\n\t\t\t\t\t\t\t\t\t<p>\u2022 Fuar alan\u0131, Kayseri \u015fehir merkezine yakla\u015f\u0131k 20 dakikal\u0131k s\u00fcr\u00fc\u015f mesafesindedir.<br \/>\u2022 \u015eehir merkezinden\u00a0Organize Sanayi B\u00f6lgesi (OSB)\u00a0y\u00f6n\u00fc takip edilerek fuar alan\u0131na kolayca ula\u015f\u0131m sa\u011flanabilir.<br \/>\u2022 Alanda\u00a0\u00fccretsiz otopark\u00a0imkan\u0131 bulunmaktad\u0131r.<\/p>\t\t\t\t\t\t\t\t<\/div>\n\t\t\t\t\t<\/div>\n\t\t\t\t<\/div>\n\t\t\t\t<\/div>\n\t\t<div id=\"e-n-tab-content-1219892342\" role=\"tabpanel\" aria-labelledby=\"e-n-tab-title-1219892342\" data-tab-index=\"2\" style=\"--n-tabs-title-order: 2;\" class=\"elementor-element elementor-element-3e94a75 e-con-full e-flex e-con e-child\" data-id=\"3e94a75\" data-element_type=\"container\">\n\t\t<div class=\"elementor-element elementor-element-a04f57a e-flex e-con-boxed e-con e-child\" data-id=\"a04f57a\" data-element_type=\"container\">\n\t\t\t\t\t<div class=\"e-con-inner\">\n\t\t\t\t<div class=\"elementor-element elementor-element-8a9077d elementor-widget elementor-widget-text-editor\" data-id=\"8a9077d\" data-element_type=\"widget\" data-widget_type=\"text-editor.default\">\n\t\t\t\t\t\t\t\t\t<p>\u2022 \u015eehir merkezinden OSB Fuar Alan\u0131na otob\u00fcs ve dolmu\u015f seferleri\u00a0mevcuttur.<br \/>\u2022 Otob\u00fcs Hatt\u0131:\u00a0132, 135, 141 numaral\u0131 otob\u00fcsler OSB b\u00f6lgesine gitmektedir.<br \/>\u2022 Durak:\u00a0\u201c25. Cadde \/ Fuar Alan\u0131\u201d dura\u011f\u0131nda inebilirsiniz.<br \/>\u2022 Sefer Saatleri:\u00a0Kayseri Ula\u015f\u0131m A.\u015e. web sitesinden g\u00fcncel saat bilgileri kontrol edilebilir.<br \/>\ud83d\udd17\u00a0<a href=\"http:\/\/www.kayseriulasim.com.tr\/\">www.kayseriulasim.com.tr<\/a><\/p>\t\t\t\t\t\t\t\t<\/div>\n\t\t\t\t\t<\/div>\n\t\t\t\t<\/div>\n\t\t\t\t<\/div>\n\t\t<div id=\"e-n-tab-content-1219892343\" role=\"tabpanel\" aria-labelledby=\"e-n-tab-title-1219892343\" data-tab-index=\"3\" style=\"--n-tabs-title-order: 3;\" class=\"elementor-element elementor-element-4432a0b e-con-full e-flex e-con e-child\" data-id=\"4432a0b\" data-element_type=\"container\">\n\t\t<div class=\"elementor-element elementor-element-279dc55 e-flex e-con-boxed e-con e-child\" data-id=\"279dc55\" data-element_type=\"container\">\n\t\t\t\t\t<div class=\"e-con-inner\">\n\t\t\t\t<div class=\"elementor-element elementor-element-ef77f89 elementor-widget elementor-widget-text-editor\" data-id=\"ef77f89\" data-element_type=\"widget\" data-widget_type=\"text-editor.default\">\n\t\t\t\t\t\t\t\t\t<p>\u2022 Kayseri Erkilet Havaliman\u0131 (ASR), fuar merkezine yakla\u015f\u0131k\u00a030 dakika\u00a0uzakl\u0131ktad\u0131r.<br \/>\u2022 Taksi, ara\u00e7 kiralama veya \u00f6zel transfer ile ula\u015f\u0131m m\u00fcmk\u00fcnd\u00fcr.<br \/>\u2022 Havaliman\u0131ndan \u015fehir merkezine toplu ta\u015f\u0131ma ile ge\u00e7ip, ard\u0131ndan OSB y\u00f6n\u00fcne devam edebilirsiniz.<\/p>\t\t\t\t\t\t\t\t<\/div>\n\t\t\t\t\t<\/div>\n\t\t\t\t<\/div>\n\t\t\t\t<\/div>\n\t\t<div id=\"e-n-tab-content-1219892344\" role=\"tabpanel\" aria-labelledby=\"e-n-tab-title-1219892344\" data-tab-index=\"4\" style=\"--n-tabs-title-order: 4;\" class=\"elementor-element elementor-element-2d5666d e-flex e-con-boxed e-con e-child\" data-id=\"2d5666d\" data-element_type=\"container\">\n\t\t\t\t\t<div class=\"e-con-inner\">\n\t\t<div class=\"elementor-element elementor-element-31ab67a e-con-full e-flex e-con e-child\" data-id=\"31ab67a\" data-element_type=\"container\">\n\t\t\t\t<div class=\"elementor-element elementor-element-09fe1ca elementor-widget elementor-widget-text-editor\" data-id=\"09fe1ca\" data-element_type=\"widget\" data-widget_type=\"text-editor.default\">\n\t\t\t\t\t\t\t\t\t<p>\u2022 Kayseri Gar\u0131, \u015fehir merkezinde konumlanm\u0131\u015ft\u0131r.<br \/>\u2022 Tren gar\u0131ndan OSB y\u00f6n\u00fcne taksi veya toplu ta\u015f\u0131ma ile ula\u015fabilirsiniz.<br \/>\u2022 Ortalama ula\u015f\u0131m s\u00fcresi:\u00a025\u201330 dakika<\/p>\t\t\t\t\t\t\t\t<\/div>\n\t\t\t\t<\/div>\n\t\t\t\t\t<\/div>\n\t\t\t\t<\/div>\n\t\t<div id=\"e-n-tab-content-1219892345\" role=\"tabpanel\" aria-labelledby=\"e-n-tab-title-1219892345\" data-tab-index=\"5\" style=\"--n-tabs-title-order: 5;\" class=\"elementor-element elementor-element-64a0cf3 e-flex e-con-boxed e-con e-child\" data-id=\"64a0cf3\" data-element_type=\"container\">\n\t\t\t\t\t<div class=\"e-con-inner\">\n\t\t<div class=\"elementor-element elementor-element-efefe0c e-con-full e-flex e-con e-child\" data-id=\"efefe0c\" data-element_type=\"container\">\n\t\t\t\t<div class=\"elementor-element elementor-element-1074a2d elementor-widget elementor-widget-text-editor\" data-id=\"1074a2d\" data-element_type=\"widget\" data-widget_type=\"text-editor.default\">\n\t\t\t\t\t\t\t\t\t<p>\u2022 Kayseri \u015fehir merkezinden taksi ile ortalama \u00fccret:\u00a0250\u2013300 TL\u00a0(Temmuz 2025 itibar\u0131yla).<br \/>\u2022 Havaliman\u0131 ve otellerden\u00a0\u00f6zel transfer hizmeti\u00a0al\u0131nabilir.<\/p>\t\t\t\t\t\t\t\t<\/div>\n\t\t\t\t<\/div>\n\t\t\t\t\t<\/div>\n\t\t\t\t<\/div>\n\t\t\t\t\t<\/div>\n\t\t<\/div>\n\t\t\t\t\t\t<\/div>\n\t\t\t\t\t<\/div>\n\t\t\t\t<\/div>\n\t\t<div class=\"elementor-element elementor-element-7ccfd60 e-flex e-con-boxed e-con e-parent\" data-id=\"7ccfd60\" data-element_type=\"container\">\n\t\t\t\t\t<div class=\"e-con-inner\">\n\t\t\t\t<div class=\"elementor-element elementor-element-ed3b950 elementor-widget elementor-widget-heading\" data-id=\"ed3b950\" data-element_type=\"widget\" data-widget_type=\"heading.default\">\n\t\t\t\t\t<h3 class=\"elementor-heading-title elementor-size-default\">Kayseri OSB International Fair Centre<\/h3>\t\t\t\t<\/div>\n\t\t\t\t\t<\/div>\n\t\t\t\t<\/div>\n\t\t<div class=\"elementor-element elementor-element-15c121a e-flex e-con-boxed e-con e-parent\" data-id=\"15c121a\" data-element_type=\"container\">\n\t\t\t\t\t<div class=\"e-con-inner\">\n\t\t\t\t<div class=\"elementor-element elementor-element-ca4ba94 elementor-widget elementor-widget-oment_google_map\" data-id=\"ca4ba94\" data-element_type=\"widget\" data-settings=\"{&quot;oment_layout_margin&quot;:{&quot;unit&quot;:&quot;px&quot;,&quot;top&quot;:&quot;&quot;,&quot;right&quot;:&quot;&quot;,&quot;bottom&quot;:&quot;&quot;,&quot;left&quot;:&quot;&quot;,&quot;isLinked&quot;:true},&quot;oment_layout_margin_tablet&quot;:{&quot;unit&quot;:&quot;px&quot;,&quot;top&quot;:&quot;&quot;,&quot;right&quot;:&quot;&quot;,&quot;bottom&quot;:&quot;&quot;,&quot;left&quot;:&quot;&quot;,&quot;isLinked&quot;:true},&quot;oment_layout_margin_mobile&quot;:{&quot;unit&quot;:&quot;px&quot;,&quot;top&quot;:&quot;&quot;,&quot;right&quot;:&quot;&quot;,&quot;bottom&quot;:&quot;&quot;,&quot;left&quot;:&quot;&quot;,&quot;isLinked&quot;:true},&quot;oment_layout_padding&quot;:{&quot;unit&quot;:&quot;px&quot;,&quot;top&quot;:&quot;&quot;,&quot;right&quot;:&quot;&quot;,&quot;bottom&quot;:&quot;&quot;,&quot;left&quot;:&quot;&quot;,&quot;isLinked&quot;:true},&quot;oment_layout_padding_tablet&quot;:{&quot;unit&quot;:&quot;px&quot;,&quot;top&quot;:&quot;&quot;,&quot;right&quot;:&quot;&quot;,&quot;bottom&quot;:&quot;&quot;,&quot;left&quot;:&quot;&quot;,&quot;isLinked&quot;:true},&quot;oment_layout_padding_mobile&quot;:{&quot;unit&quot;:&quot;px&quot;,&quot;top&quot;:&quot;&quot;,&quot;right&quot;:&quot;&quot;,&quot;bottom&quot;:&quot;&quot;,&quot;left&quot;:&quot;&quot;,&quot;isLinked&quot;:true}}\" data-widget_type=\"oment_google_map.default\">\n\t\t\t\t<div class=\"elementor-widget-container\">\n\t\t\t\t\t    \t \n        \n\t\t<!--Google Map Start-->\n\t\t<section class=\"google-map-one oment-google-map\">\n\t\t\t            <div class=\"google-map__one\">\n            \t<iframe src=\"https:\/\/www.google.com\/maps\/embed?pb=!1m18!1m12!1m3!1d3112.5285178413246!2d35.372357575782495!3d38.72863245664469!2m3!1f0!2f0!3f0!3m2!1i1024!2i768!4f13.1!3m3!1m2!1s0x152b0500a262dd3b%3A0xaea212e0fe32c582!2sKayseri%20organize%20sanayi%20b%C3%B6lgesi%20fuar%20ve%20kongre%20merkezi!5e0!3m2!1str!2str!4v1762957086554!5m2!1str!2str\" width=\"100%\" height=\"450\" style=\"border:0;\" allowfullscreen=\"\" loading=\"lazy\" referrerpolicy=\"no-referrer-when-downgrade\"><\/iframe>            <\/div>\n            \t\t<\/section>\n\t\t<!--Google Map End-->\n\t\t\n     \n    \t\t\t\t<\/div>\n\t\t\t\t<\/div>\n\t\t\t\t\t<\/div>\n\t\t\t\t<\/div>\n\t\t\t\t<\/div>","protected":false},"excerpt":{"rendered":"<p>Kayseri OSB Uluslararas\u0131 Fuar Merkezi\u2019ne Ula\u015f\u0131m\u0131 Nas\u0131l Sa\u011flar\u0131m? \u00a0 Kayseri\u2019nin farkl\u0131 b\u00f6lgelerinden OSB Uluslararas\u0131 Fuar Merkezi\u2019ne ula\u015fmak i\u00e7in \u00e7e\u015fitli toplu ta\u015f\u0131ma ve \u00f6zel ara\u00e7 se\u00e7enekleri bulunmaktad\u0131r. \u015eehir merkezinden kalkan otob\u00fcs ve minib\u00fcs hatlar\u0131yla fuar alan\u0131na do\u011frudan ula\u015f\u0131m m\u00fcmk\u00fcnd\u00fcr. Ayr\u0131ca rayl\u0131 sistem ve aktarma imk\u00e2nlar\u0131 sayesinde ziyaret\u00e7iler fuara kolayca eri\u015febilir. Bu rehberde, otob\u00fcs, tramvay, minib\u00fcs ve [&hellip;]<\/p>","protected":false},"author":1,"featured_media":0,"parent":0,"menu_order":0,"comment_status":"closed","ping_status":"closed","template":"tpl-default-elementor.php","meta":{"footnotes":""},"class_list":["post-169","page","type-page","status-publish","hentry"],"_links":{"self":[{"href":"https:\/\/kayserifurniturefair.com\/en\/wp-json\/wp\/v2\/pages\/169","targetHints":{"allow":["GET"]}}],"collection":[{"href":"https:\/\/kayserifurniturefair.com\/en\/wp-json\/wp\/v2\/pages"}],"about":[{"href":"https:\/\/kayserifurniturefair.com\/en\/wp-json\/wp\/v2\/types\/page"}],"author":[{"embeddable":true,"href":"https:\/\/kayserifurniturefair.com\/en\/wp-json\/wp\/v2\/users\/1"}],"replies":[{"embeddable":true,"href":"https:\/\/kayserifurniturefair.com\/en\/wp-json\/wp\/v2\/comments?post=169"}],"version-history":[{"count":20,"href":"https:\/\/kayserifurniturefair.com\/en\/wp-json\/wp\/v2\/pages\/169\/revisions"}],"predecessor-version":[{"id":4364,"href":"https:\/\/kayserifurniturefair.com\/en\/wp-json\/wp\/v2\/pages\/169\/revisions\/4364"}],"wp:attachment":[{"href":"https:\/\/kayserifurniturefair.com\/en\/wp-json\/wp\/v2\/media?parent=169"}],"curies":[{"name":"wp","href":"https:\/\/api.w.org\/{rel}","templated":true}]}}