{"id":3893,"date":"2024-02-01T21:01:14","date_gmt":"2024-02-01T21:01:14","guid":{"rendered":"https:\/\/wp2.yogsthemes.com\/thewp\/oment\/?page_id=3893"},"modified":"2026-01-09T11:47:42","modified_gmt":"2026-01-09T11:47:42","slug":"ziyaretci","status":"publish","type":"page","link":"https:\/\/kayserifurniturefair.com\/en\/ziyaretci\/","title":{"rendered":"Visitor"},"content":{"rendered":"<div data-elementor-type=\"wp-page\" data-elementor-id=\"3893\" class=\"elementor elementor-3893\">\n\t\t\t\t<div class=\"elementor-element elementor-element-2780368 e-flex e-con-boxed e-con e-parent\" data-id=\"2780368\" data-element_type=\"container\">\n\t\t\t\t\t<div class=\"e-con-inner\">\n\t\t\t\t\t<\/div>\n\t\t\t\t<\/div>\n\t\t<div class=\"elementor-element elementor-element-9ccd703 e-flex e-con-boxed e-con e-parent\" data-id=\"9ccd703\" data-element_type=\"container\">\n\t\t\t\t\t<div class=\"e-con-inner\">\n\t\t<div class=\"elementor-element elementor-element-9930c06 e-con-full e-flex e-con e-child\" data-id=\"9930c06\" data-element_type=\"container\">\n\t\t\t\t<div class=\"elementor-element elementor-element-b7138c2 elementor-widget elementor-widget-heading\" data-id=\"b7138c2\" data-element_type=\"widget\" data-widget_type=\"heading.default\">\n\t\t\t\t\t<h2 class=\"elementor-heading-title elementor-size-default\">Why Should You Become a Visitor?<\/h2>\t\t\t\t<\/div>\n\t\t\t\t<\/div>\n\t\t\t\t\t<\/div>\n\t\t\t\t<\/div>\n\t\t<div class=\"elementor-element elementor-element-5cc3e49 e-flex e-con-boxed e-con e-parent\" data-id=\"5cc3e49\" data-element_type=\"container\">\n\t\t\t\t\t<div class=\"e-con-inner\">\n\t\t\t\t<div class=\"elementor-element elementor-element-ec4a3fa elementor-widget elementor-widget-text-editor\" data-id=\"ec4a3fa\" data-element_type=\"widget\" data-widget_type=\"text-editor.default\">\n\t\t\t\t\t\t\t\t\t<p data-start=\"164\" data-end=\"594\"><strong>Our furniture fair offers a unique platform that brings together the industry's most innovative and current trends. Whether you are an interior designer, a retail store owner or an individual design enthusiast, our fair offers inspiring experiences for every visitor. You will have the opportunity to see new collections first-hand, communicate directly with different manufacturers and learn from the industry's leading professionals.<\/strong><\/p><p data-start=\"596\" data-end=\"978\"><strong>Our fair allows you not only to see the products but also to gain insights into the future of the industry, discover innovative designs and expand your business network. Attendees have the chance to examine the latest technologies, materials and trends in the field of furniture and decoration, while increasing their knowledge and experience with professional workshops and presentations.<\/strong><\/p><p data-start=\"980\" data-end=\"1189\"><strong>In short, our furniture fair is an unmissable meeting point for everyone who wants to follow the developments in the sector, discover new business opportunities and exchange ideas in an environment full of inspiration.<\/strong><\/p>\t\t\t\t\t\t\t\t<\/div>\n\t\t\t\t\t<\/div>\n\t\t\t\t<\/div>\n\t\t<div class=\"elementor-element elementor-element-41aade4 e-grid e-con-boxed e-con e-parent\" data-id=\"41aade4\" data-element_type=\"container\">\n\t\t\t\t\t<div class=\"e-con-inner\">\n\t\t\t\t<div class=\"elementor-element elementor-element-28cabf9 elementor-widget elementor-widget-text-editor\" data-id=\"28cabf9\" data-element_type=\"widget\" data-widget_type=\"text-editor.default\">\n\t\t\t\t\t\t\t\t\t<h3><strong>Wholesalers and Distributors<\/strong><\/h3><p>\u00a0<\/p><p>Our fair is an important meeting point for wholesalers and distributors who want to increase their product range, establish strong business partnerships and discover new markets in the furniture sector. With a rich product range, innovative designs and competitive price advantages, our exhibitors will have the opportunity to expand their business networks and work with new brands.<\/p>\t\t\t\t\t\t\t\t<\/div>\n\t\t\t\t<div class=\"elementor-element elementor-element-88f5962 elementor-widget elementor-widget-text-editor\" data-id=\"88f5962\" data-element_type=\"widget\" data-widget_type=\"text-editor.default\">\n\t\t\t\t\t\t\t\t\t<h3><strong>Retail Store Owners<\/strong><\/h3><p data-start=\"88\" data-end=\"445\">\u00a0<\/p><p data-start=\"88\" data-end=\"445\">Our fair is an inspiring meeting point for retail store owners who want to offer different and quality products in their stores. Visitors can follow the trends by closely examining the latest furniture collections and find the opportunity to strengthen their store portfolios by selecting products suitable for customer demands.<\/p>\t\t\t\t\t\t\t\t<\/div>\n\t\t\t\t<div class=\"elementor-element elementor-element-8a584c7 elementor-widget elementor-widget-text-editor\" data-id=\"8a584c7\" data-element_type=\"widget\" data-widget_type=\"text-editor.default\">\n\t\t\t\t\t\t\t\t\t<h3><strong>Interior Architects and Decorators<\/strong><\/h3><p>\u00a0<\/p><p>Our fair offers the opportunity to discover the latest furniture trends for interior designers and decorators who want to add aesthetics and functionality to their spaces. Participants can examine the furniture that will add value to their projects with original designs and innovative solutions, and see the latest material and style options in the sector.<\/p>\t\t\t\t\t\t\t\t<\/div>\n\t\t\t\t\t<\/div>\n\t\t\t\t<\/div>\n\t\t<div class=\"elementor-element elementor-element-f4160eb e-grid e-con-boxed e-con e-parent\" data-id=\"f4160eb\" data-element_type=\"container\">\n\t\t\t\t\t<div class=\"e-con-inner\">\n\t\t\t\t<div class=\"elementor-element elementor-element-6e743bc elementor-widget elementor-widget-text-editor\" data-id=\"6e743bc\" data-element_type=\"widget\" data-widget_type=\"text-editor.default\">\n\t\t\t\t\t\t\t\t\t<h3><strong>E-Commerce and Online Sellers<\/strong><\/h3><p>\u00a0<\/p><p>For e-commerce and online sellers who want to increase their competitiveness in the digital market, our fair offers a wide range of products and innovative designs under one roof. Exhibitors can strengthen their stocks by establishing direct connections with reliable suppliers and have the opportunity to quickly deliver trendy furniture to their customers.<\/p>\t\t\t\t\t\t\t\t<\/div>\n\t\t\t\t<div class=\"elementor-element elementor-element-59afecc elementor-widget elementor-widget-text-editor\" data-id=\"59afecc\" data-element_type=\"widget\" data-widget_type=\"text-editor.default\">\n\t\t\t\t\t\t\t\t\t<h3><strong data-start=\"17\" data-end=\"50\">Furniture Accessories Representatives<\/strong><\/h3><p>\u00a0<\/p><p>Our fair provides a strong business platform for accessory representatives offering complementary products in the furniture industry. Exhibitors can promote their products by communicating directly with furniture manufacturers and retailers, develop new business partnerships and have the opportunity to reach a wider audience in the market.<\/p>\t\t\t\t\t\t\t\t<\/div>\n\t\t\t\t<div class=\"elementor-element elementor-element-65ebd75 elementor-widget elementor-widget-text-editor\" data-id=\"65ebd75\" data-element_type=\"widget\" data-widget_type=\"text-editor.default\">\n\t\t\t\t\t\t\t\t\t<h3><strong data-start=\"14\" data-end=\"58\">Public Institutions and Public Procurement Authorities<\/strong><\/h3><p>\u00a0<\/p><p>Authorities that make bulk furniture purchases for schools, hospitals, municipalities and other public institutions come together with reliable manufacturers at our fair. Thanks to the wide range of products, they can examine durable and functional furniture solutions suitable for their needs at a single point and find the opportunity to evaluate budget-friendly and quality alternatives.<\/p>\t\t\t\t\t\t\t\t<\/div>\n\t\t\t\t\t<\/div>\n\t\t\t\t<\/div>\n\t\t<div class=\"elementor-element elementor-element-f421e53 e-grid e-con-boxed e-con e-parent\" data-id=\"f421e53\" data-element_type=\"container\">\n\t\t\t\t\t<div class=\"e-con-inner\">\n\t\t\t\t<div class=\"elementor-element elementor-element-c93e648 elementor-widget elementor-widget-text-editor\" data-id=\"c93e648\" data-element_type=\"widget\" data-widget_type=\"text-editor.default\">\n\t\t\t\t\t\t\t\t\t<h3 class=\"s3\"><span class=\"s2\"><strong>FAIR CODE<\/strong><\/span><\/h3><p class=\"s5\"><strong><span class=\"s2\">Fair Name<\/span><\/strong><span class=\"s7\"> KFF - Kayseri <\/span><span class=\"s7\">Furniture<\/span> <span class=\"s7\">Fair<\/span><span class=\"s7\"><br \/><\/span><strong><span class=\"s2\">History:<\/span><\/strong><span class=\"s7\"> 31 January - 4 February 2026<\/span><span class=\"s7\"><br \/><\/span><strong><span class=\"s2\">Location:<\/span><\/strong><span class=\"s7\"> Kayseri OSB International Fair Centre<\/span><span class=\"s7\"><br \/><\/span><strong><span class=\"s2\">Organiser<\/span><\/strong><span class=\"s7\"> Nobel Expo Fuarc\u0131l\u0131k A.S. - <\/span><a href=\"http:\/\/www.nobelexpo.com\/\"><span class=\"s11\">www.nobelexpo.com<\/span><\/a><span class=\"s7\"><br \/><\/span><strong><span class=\"s2\">Visiting Hours:<\/span><\/strong><span class=\"s7\"> 10:00 - 18:00 (31 January-3 February) \/ 10:00 - 17:00 (4 February)<\/span><\/p>\t\t\t\t\t\t\t\t<\/div>\n\t\t\t\t<div class=\"elementor-element elementor-element-3ba90f8 elementor-widget elementor-widget-image\" data-id=\"3ba90f8\" data-element_type=\"widget\" data-widget_type=\"image.default\">\n\t\t\t\t\t\t\t\t\t\t\t\t\t\t\t<img fetchpriority=\"high\" decoding=\"async\" width=\"525\" height=\"218\" src=\"https:\/\/kayserifurniturefair.com\/wp-content\/uploads\/2025\/11\/WhatsApp-Image-2025-11-11-at-13.36.22-1024x426.jpeg\" class=\"attachment-large size-large wp-image-4120\" alt=\"\" srcset=\"https:\/\/kayserifurniturefair.com\/wp-content\/uploads\/2025\/11\/WhatsApp-Image-2025-11-11-at-13.36.22-1024x426.jpeg 1024w, https:\/\/kayserifurniturefair.com\/wp-content\/uploads\/2025\/11\/WhatsApp-Image-2025-11-11-at-13.36.22-300x125.jpeg 300w, https:\/\/kayserifurniturefair.com\/wp-content\/uploads\/2025\/11\/WhatsApp-Image-2025-11-11-at-13.36.22-768x320.jpeg 768w, https:\/\/kayserifurniturefair.com\/wp-content\/uploads\/2025\/11\/WhatsApp-Image-2025-11-11-at-13.36.22-1536x639.jpeg 1536w, https:\/\/kayserifurniturefair.com\/wp-content\/uploads\/2025\/11\/WhatsApp-Image-2025-11-11-at-13.36.22.jpeg 1600w\" sizes=\"(max-width: 525px) 100vw, 525px\" \/>\t\t\t\t\t\t\t\t\t\t\t\t\t\t\t<\/div>\n\t\t\t\t\t<\/div>\n\t\t\t\t<\/div>\n\t\t<div class=\"elementor-element elementor-element-3bc1162 e-flex e-con-boxed e-con e-parent\" data-id=\"3bc1162\" data-element_type=\"container\">\n\t\t\t\t\t<div class=\"e-con-inner\">\n\t\t\t\t<div class=\"elementor-element elementor-element-cbaabab elementor-align-center elementor-widget elementor-widget-button\" data-id=\"cbaabab\" data-element_type=\"widget\" data-widget_type=\"button.default\">\n\t\t\t\t\t\t\t\t\t\t<a class=\"elementor-button elementor-button-link elementor-size-sm\" href=\"https:\/\/kayserifurniturefair.com\/en\/ziyaretci-olun\/\">\n\t\t\t\t\t\t<span class=\"elementor-button-content-wrapper\">\n\t\t\t\t\t\t\t\t\t<span class=\"elementor-button-text\">Z\u0130YARET\u00c7\u0130 OLUN<\/span>\n\t\t\t\t\t<\/span>\n\t\t\t\t\t<\/a>\n\t\t\t\t\t\t\t\t<\/div>\n\t\t\t\t\t<\/div>\n\t\t\t\t<\/div>\n\t\t\t\t<\/div>","protected":false},"excerpt":{"rendered":"<p>Neden Ziyaret\u00e7i Olmal\u0131s\u0131n\u0131z? Mobilya fuar\u0131m\u0131z, sekt\u00f6r\u00fcn en yenilik\u00e7i ve g\u00fcncel trendlerini bir araya getiren e\u015fsiz bir platform sunuyor. \u0130ster i\u00e7 mimar olun, ister perakende sat\u0131\u015f yapan bir ma\u011faza sahibi, isterse bireysel bir tasar\u0131m tutkunu, fuar\u0131m\u0131z her ziyaret\u00e7iye ilham verici deneyimler sunuyor. Yeni koleksiyonlar\u0131 ilk elden g\u00f6rme, farkl\u0131 \u00fcreticilerle do\u011frudan ileti\u015fim kurma ve sekt\u00f6r\u00fcn \u00f6nc\u00fc profesyonellerinden [&hellip;]<\/p>","protected":false},"author":1,"featured_media":0,"parent":0,"menu_order":0,"comment_status":"closed","ping_status":"closed","template":"tpl-default-elementor.php","meta":{"footnotes":""},"class_list":["post-3893","page","type-page","status-publish","hentry"],"_links":{"self":[{"href":"https:\/\/kayserifurniturefair.com\/en\/wp-json\/wp\/v2\/pages\/3893","targetHints":{"allow":["GET"]}}],"collection":[{"href":"https:\/\/kayserifurniturefair.com\/en\/wp-json\/wp\/v2\/pages"}],"about":[{"href":"https:\/\/kayserifurniturefair.com\/en\/wp-json\/wp\/v2\/types\/page"}],"author":[{"embeddable":true,"href":"https:\/\/kayserifurniturefair.com\/en\/wp-json\/wp\/v2\/users\/1"}],"replies":[{"embeddable":true,"href":"https:\/\/kayserifurniturefair.com\/en\/wp-json\/wp\/v2\/comments?post=3893"}],"version-history":[{"count":29,"href":"https:\/\/kayserifurniturefair.com\/en\/wp-json\/wp\/v2\/pages\/3893\/revisions"}],"predecessor-version":[{"id":4529,"href":"https:\/\/kayserifurniturefair.com\/en\/wp-json\/wp\/v2\/pages\/3893\/revisions\/4529"}],"wp:attachment":[{"href":"https:\/\/kayserifurniturefair.com\/en\/wp-json\/wp\/v2\/media?parent=3893"}],"curies":[{"name":"wp","href":"https:\/\/api.w.org\/{rel}","templated":true}]}}