{"id":4225,"date":"2025-11-12T10:11:21","date_gmt":"2025-11-12T10:11:21","guid":{"rendered":"https:\/\/kayserifurniturefair.com\/?page_id=4225"},"modified":"2025-12-01T13:47:46","modified_gmt":"2025-12-01T13:47:46","slug":"sikca-sorulan-sorular","status":"publish","type":"page","link":"https:\/\/kayserifurniturefair.com\/en\/sikca-sorulan-sorular\/","title":{"rendered":"Frequently Asked Questions"},"content":{"rendered":"<div data-elementor-type=\"wp-page\" data-elementor-id=\"4225\" class=\"elementor elementor-4225\">\n\t\t\t\t<div class=\"elementor-element elementor-element-0d6a489 e-flex e-con-boxed e-con e-parent\" data-id=\"0d6a489\" data-element_type=\"container\">\n\t\t\t\t\t<div class=\"e-con-inner\">\n\t\t\t\t<div class=\"elementor-element elementor-element-005aa0d elementor-widget elementor-widget-heading\" data-id=\"005aa0d\" data-element_type=\"widget\" data-widget_type=\"heading.default\">\n\t\t\t\t\t<h2 class=\"elementor-heading-title elementor-size-default\">Frequently Asked Questions<\/h2>\t\t\t\t<\/div>\n\t\t\t\t\t<\/div>\n\t\t\t\t<\/div>\n\t\t<div class=\"elementor-element elementor-element-fe4f223 e-flex e-con-boxed e-con e-parent\" data-id=\"fe4f223\" data-element_type=\"container\">\n\t\t\t\t\t<div class=\"e-con-inner\">\n\t\t\t\t<div class=\"elementor-element elementor-element-3fe826e elementor-widget elementor-widget-text-editor\" data-id=\"3fe826e\" data-element_type=\"widget\" data-widget_type=\"text-editor.default\">\n\t\t\t\t\t\t\t\t\t<p><style><span style=\"display: inline-block; width: 0px; overflow: hidden; line-height: 0;\" data-mce-type=\"bookmark\" class=\"mce_SELRES_start\">\ufeff<\/span><br \/>\nb.red {<br \/>\n  color: red;<br \/>\n}<br \/>\n<\/style><\/p><ul><li><b class=\"red\">Fuar ne zaman ve nerede d\u00fczenlenecek?<\/b><br \/>KFF Kayseri Mobilya Fuar\u0131, <b>31 January - 4 February 2026<\/b> tarihlerinde <b>Kayseri OSB International Fair Centre<\/b>\u2019nde ger\u00e7ekle\u015ftirilecektir.<\/li><\/ul><p>\u00a0<\/p><p><b class=\"red\">Kat\u0131l\u0131mc\u0131 olarak nas\u0131l ba\u015fvuru yap\u0131l\u0131r?<\/b><br \/>Kat\u0131l\u0131mc\u0131 olmak isteyen firmalar, fuar resmi web sitesinde yer alan <b>kat\u0131l\u0131mc\u0131 ba\u015fvuru formunu<\/b> (kat\u0131l\u0131mc\u0131 form linki) doldurarak ba\u015fvurular\u0131n\u0131 ger\u00e7ekle\u015ftirebilirler. Ba\u015fvurular fuar komitesi taraf\u0131ndan de\u011ferlendirilmektedir.<br \/><br \/><br \/><\/p><p><b class=\"red\">Fuar giri\u015finde kay\u0131t gerekli mi?<\/b><br \/>Evet. Fuara giri\u015f i\u00e7in kay\u0131t yap\u0131lmas\u0131 zorunludur. Ziyaret\u00e7iler kay\u0131t i\u015flemlerini fuar web sitemizdeki <b>ziyaret\u00e7i kay\u0131t formunu<\/b> (ziyaret\u00e7i kay\u0131t linki) doldurarak ger\u00e7ekle\u015ftirebilir.<br \/><br \/><br \/><\/p><p><b class=\"red\">Ziyaret saatleri nedir?<\/b><br \/>KFF Mobilya Fuar\u0131, ziyaret\u00e7ilere her g\u00fcn <b>10:00 - 18:00<\/b> saatleri aras\u0131nda a\u00e7\u0131kt\u0131r. Fuar\u0131n son g\u00fcn\u00fc ise kapan\u0131\u015f saati <b>17:00<\/b>\u2019d\u0131r.<br \/><br \/><br \/><\/p><p><b class=\"red\">Kimler fuar\u0131 ziyaret edebilir?<\/b><br \/>KFF, mobilya sekt\u00f6r\u00fcnde faaliyet g\u00f6steren \u00fcretici firmalar\u0131, ihracat\u00e7\u0131lar, ithalat\u00e7\u0131lar, toptanc\u0131lar, zincir ma\u011fazalar, bayiler, i\u00e7 mimarlar, tasar\u0131mc\u0131lar ve sekt\u00f6r profesyonelleri i\u00e7in d\u00fczenlenmektedir. Ayr\u0131ca 68 farkl\u0131 \u00fclkeden profesyonel sat\u0131n al\u0131m heyetleri fuar\u0131 ziyaret etmektedir.<br \/><br \/><br \/><\/p><p><b class=\"red\">Fuar kapsam\u0131nda hangi \u00fcr\u00fcnler sergilenecek?<\/b><br \/>KFF, mobilya sekt\u00f6r\u00fcn\u00fcn t\u00fcm alanlar\u0131n\u0131 kapsayan zengin bir \u00fcr\u00fcn yelpazesini ziyaret\u00e7ilerin be\u011fenisine sunuyor. Modern ve mod\u00fcler mobilyalardan l\u00fcks tasar\u0131mlara, ofis, okul ve e\u011fitim mobilyalar\u0131ndan otel ve konaklama end\u00fcstrisine y\u00f6nelik \u00e7\u00f6z\u00fcmlere, bebek, \u00e7ocuk ve gen\u00e7 odalar\u0131ndan bah\u00e7e ve a\u00e7\u0131k hava mobilyalar\u0131na kadar \u00e7ok geni\u015f bir \u00fcr\u00fcn gam\u0131 sergileniyor. Ayr\u0131ca mobilya aksesuarlar\u0131, tamamlay\u0131c\u0131 \u00fcr\u00fcnler ve sekt\u00f6rdeki en yeni trendler de fuar kapsam\u0131nda yer al\u0131yor.<br \/><br \/><br \/><\/p><p><b class=\"red\">Birebir i\u015f g\u00f6r\u00fc\u015fmeleri olacak m\u0131?<\/b><br \/>Evet. KFF kapsam\u0131nda yurtd\u0131\u015f\u0131ndan gelen profesyonel sat\u0131n almac\u0131lar ile kat\u0131l\u0131mc\u0131 firmalar aras\u0131nda <b>B2B ikili i\u015f g\u00f6r\u00fc\u015fmeleri<\/b> d\u00fczenlenecektir. Bu g\u00f6r\u00fc\u015fmeler, kat\u0131l\u0131mc\u0131lar\u0131n uluslararas\u0131 pazarlara a\u00e7\u0131lmas\u0131 i\u00e7in \u00f6nemli f\u0131rsatlar sunmaktad\u0131r.<br \/><br \/><br \/><\/p><p><b class=\"red\">Fuar alan\u0131na nas\u0131l ula\u015fabilirim?<\/b><br \/><b>Kayseri OSB International Fair Centre<\/b>, \u015fehir merkezinden toplu ta\u015f\u0131ma ara\u00e7lar\u0131 ve fuar s\u00fcresince sa\u011flanan servislerle kolayl\u0131kla ula\u015f\u0131labilecek bir konumdad\u0131r. Detayl\u0131 ula\u015f\u0131m bilgileri fuar web sitesinde ve di\u011fer dijital platformlar arac\u0131l\u0131\u011f\u0131yla payla\u015f\u0131lmaktad\u0131r.<br \/><br \/><br \/><\/p><p><b class=\"red\">Yurt d\u0131\u015f\u0131ndan gelen ziyaret\u00e7iler i\u00e7in \u00f6zel program var m\u0131?<\/b><br \/>Evet. Yurt d\u0131\u015f\u0131ndan gelen profesyonel ziyaret\u00e7iler i\u00e7in <b>Uluslararas\u0131 Al\u0131m Heyeti Program\u0131<\/b> d\u00fczenlenmektedir. Bu kapsamda yabanc\u0131 al\u0131c\u0131lar ile kat\u0131l\u0131mc\u0131 firmalar\u0131n bir araya gelmesi sa\u011flanmakta, terc\u00fcme ve rehberlik hizmetleri sunulmaktad\u0131r.<br \/><br \/><br \/><\/p><p><b class=\"red\">\u00c7ocuklar fuara girebilir mi?<\/b><br \/>KFF profesyonel i\u015f d\u00fcnyas\u0131na y\u00f6nelik bir fuar oldu\u011fundan, genel olarak \u00e7ocuklar\u0131n fuar alan\u0131na giri\u015fine izin verilmemektedir.<br \/><br \/><br \/><\/p><p><b class=\"red\">Fuara giri\u015f \u00fccretli mi?<\/b><br \/>Fuar\u0131m\u0131z sekt\u00f6r d\u0131\u015f\u0131ndan gelen misafirlerimize \u00fccretlidir.<\/p>\t\t\t\t\t\t\t\t<\/div>\n\t\t\t\t\t<\/div>\n\t\t\t\t<\/div>\n\t\t\t\t<\/div>","protected":false},"excerpt":{"rendered":"<p>S\u0131k\u00e7a Sorulan Sorular Fuar ne zaman ve nerede d\u00fczenlenecek?KFF Kayseri Mobilya Fuar\u0131, 31 Ocak \u2013 4 \u015eubat 2026 tarihlerinde Kayseri OSB Uluslararas\u0131 Fuar Merkezi\u2019nde ger\u00e7ekle\u015ftirilecektir. \u00a0 Kat\u0131l\u0131mc\u0131 olarak nas\u0131l ba\u015fvuru yap\u0131l\u0131r?Kat\u0131l\u0131mc\u0131 olmak isteyen firmalar, fuar resmi web sitesinde yer alan kat\u0131l\u0131mc\u0131 ba\u015fvuru formunu (kat\u0131l\u0131mc\u0131 form linki) doldurarak ba\u015fvurular\u0131n\u0131 ger\u00e7ekle\u015ftirebilirler. Ba\u015fvurular fuar komitesi taraf\u0131ndan de\u011ferlendirilmektedir. Fuar [&hellip;]<\/p>","protected":false},"author":1,"featured_media":0,"parent":0,"menu_order":0,"comment_status":"closed","ping_status":"closed","template":"","meta":{"footnotes":""},"class_list":["post-4225","page","type-page","status-publish","hentry"],"_links":{"self":[{"href":"https:\/\/kayserifurniturefair.com\/en\/wp-json\/wp\/v2\/pages\/4225","targetHints":{"allow":["GET"]}}],"collection":[{"href":"https:\/\/kayserifurniturefair.com\/en\/wp-json\/wp\/v2\/pages"}],"about":[{"href":"https:\/\/kayserifurniturefair.com\/en\/wp-json\/wp\/v2\/types\/page"}],"author":[{"embeddable":true,"href":"https:\/\/kayserifurniturefair.com\/en\/wp-json\/wp\/v2\/users\/1"}],"replies":[{"embeddable":true,"href":"https:\/\/kayserifurniturefair.com\/en\/wp-json\/wp\/v2\/comments?post=4225"}],"version-history":[{"count":17,"href":"https:\/\/kayserifurniturefair.com\/en\/wp-json\/wp\/v2\/pages\/4225\/revisions"}],"predecessor-version":[{"id":4481,"href":"https:\/\/kayserifurniturefair.com\/en\/wp-json\/wp\/v2\/pages\/4225\/revisions\/4481"}],"wp:attachment":[{"href":"https:\/\/kayserifurniturefair.com\/en\/wp-json\/wp\/v2\/media?parent=4225"}],"curies":[{"name":"wp","href":"https:\/\/api.w.org\/{rel}","templated":true}]}}