{"id":4231,"date":"2025-11-12T10:14:08","date_gmt":"2025-11-12T10:14:08","guid":{"rendered":"https:\/\/kayserifurniturefair.com\/?page_id=4231"},"modified":"2025-11-12T14:00:00","modified_gmt":"2025-11-12T14:00:00","slug":"konaklama-onerileri","status":"publish","type":"page","link":"https:\/\/kayserifurniturefair.com\/en\/konaklama-onerileri\/","title":{"rendered":"Accommodation Recommendations"},"content":{"rendered":"<div data-elementor-type=\"wp-page\" data-elementor-id=\"4231\" class=\"elementor elementor-4231\">\n\t\t\t\t<div class=\"elementor-element elementor-element-299dc5c e-flex e-con-boxed e-con e-parent\" data-id=\"299dc5c\" data-element_type=\"container\">\n\t\t\t\t\t<div class=\"e-con-inner\">\n\t\t\t\t<div class=\"elementor-element elementor-element-e7c9b49 elementor-widget elementor-widget-heading\" data-id=\"e7c9b49\" data-element_type=\"widget\" data-widget_type=\"heading.default\">\n\t\t\t\t\t<h2 class=\"elementor-heading-title elementor-size-default\">Accommodation Suggestions<\/h2>\t\t\t\t<\/div>\n\t\t\t\t\t<\/div>\n\t\t\t\t<\/div>\n\t\t<div class=\"elementor-element elementor-element-9c689ba e-flex e-con-boxed e-con e-parent\" data-id=\"9c689ba\" data-element_type=\"container\">\n\t\t\t\t\t<div class=\"e-con-inner\">\n\t\t<div class=\"elementor-element elementor-element-c87572c e-con-full e-flex e-con e-child\" data-id=\"c87572c\" data-element_type=\"container\">\n\t\t\t\t<div class=\"elementor-element elementor-element-1ffcbbe elementor-widget elementor-widget-text-editor\" data-id=\"1ffcbbe\" data-element_type=\"widget\" data-widget_type=\"text-editor.default\">\n\t\t\t\t\t\t\t\t\t<div class=\"py-sm-1 py-0\"><div class=\"py-sm-1 py-0\"><div class=\"py-sm-1 py-0\"><h3 class=\"py-sm-1 py-0\"><span style=\"text-decoration: underline;\"><a href=\"https:\/\/www.wyndhamhotels.com\/wyndham-grand\/kayseri-turkiye\/whyndam-grand-kayseri\/overview\">WYNDHAM<\/a><\/span><\/h3><\/div><\/div><\/div><p>It stands out with its spacious rooms and meeting areas suitable for business-oriented accommodation. Close to the city centre and transport lines, it offers a practical experience during the fair.<br \/>Highlights: Free Wi-Fi, breakfast option, fitness centre.<\/p>\t\t\t\t\t\t\t\t<\/div>\n\t\t\t\t<\/div>\n\t\t<div class=\"elementor-element elementor-element-7dc279a e-con-full e-flex e-con e-child\" data-id=\"7dc279a\" data-element_type=\"container\">\n\t\t\t\t<div class=\"elementor-element elementor-element-ce3ccca elementor-widget elementor-widget-text-editor\" data-id=\"ce3ccca\" data-element_type=\"widget\" data-widget_type=\"text-editor.default\">\n\t\t\t\t\t\t\t\t\t<div class=\"py-sm-1 py-0\"><div class=\"py-sm-1 py-0\"><div class=\"py-sm-1 py-0\"><h3 class=\"py-sm-1 py-0\"><span style=\"text-decoration: underline;\"><a href=\"https:\/\/all.accor.com\/hotel\/6905\/index.tr.shtml\">IBIS<\/a><\/span><\/h3><\/div><\/div><\/div><p>Ideal for delegates looking for practical accommodation with compact and functional rooms. It offers fast check-in and services to suit basic business traveller needs.<br \/>Highlights: Express check-in\/check-out, 24-hour reception, car park.<\/p>\t\t\t\t\t\t\t\t<\/div>\n\t\t\t\t<\/div>\n\t\t\t\t\t<\/div>\n\t\t\t\t<\/div>\n\t\t<div class=\"elementor-element elementor-element-6c7fa3e e-flex e-con-boxed e-con e-parent\" data-id=\"6c7fa3e\" data-element_type=\"container\">\n\t\t\t\t\t<div class=\"e-con-inner\">\n\t\t<div class=\"elementor-element elementor-element-47d1eaa e-con-full e-flex e-con e-child\" data-id=\"47d1eaa\" data-element_type=\"container\">\n\t\t\t\t<div class=\"elementor-element elementor-element-2b9f2d9 elementor-widget elementor-widget-text-editor\" data-id=\"2b9f2d9\" data-element_type=\"widget\" data-widget_type=\"text-editor.default\">\n\t\t\t\t\t\t\t\t\t<div class=\"py-sm-1 py-0\"><div class=\"py-sm-1 py-0\"><div class=\"py-sm-1 py-0\"><h3 class=\"py-sm-1 py-0\"><span style=\"text-decoration: underline;\"><a href=\"https:\/\/www.novotelkayseri.com\/tr\/\">NOV (Novotel)<\/a><\/span><\/h3><\/div><\/div><\/div><p data-start=\"783\" data-end=\"847\">It emphasises comfort with its cosy room options and rich buffet breakfast. It is also suitable for long stays with its co-working spaces and restaurant.<br \/>Highlights: Restaurant &amp; lounge, work area, room service.<\/p>\t\t\t\t\t\t\t\t<\/div>\n\t\t\t\t<\/div>\n\t\t<div class=\"elementor-element elementor-element-54fda0a e-con-full e-flex e-con e-child\" data-id=\"54fda0a\" data-element_type=\"container\">\n\t\t\t\t<div class=\"elementor-element elementor-element-10c3e5c elementor-widget elementor-widget-text-editor\" data-id=\"10c3e5c\" data-element_type=\"widget\" data-widget_type=\"text-editor.default\">\n\t\t\t\t\t\t\t\t\t<div class=\"py-sm-1 py-0\"><div class=\"py-sm-1 py-0\"><h3 class=\"py-sm-1 py-0\"><span style=\"text-decoration: underline;\"><a href=\"https:\/\/www.thekayseriloft.com\/\">LOFT<\/a><\/span><\/h3><\/div><\/div><p data-start=\"1077\" data-end=\"1136\">It offers a flexible accommodation experience with its spacious living area and kitchenette options suitable for long-term stays.<br \/>Highlights: Spacious rooms, kitchenette (selected rooms), laundry.<\/p>\t\t\t\t\t\t\t\t<\/div>\n\t\t\t\t<\/div>\n\t\t\t\t\t<\/div>\n\t\t\t\t<\/div>\n\t\t<div class=\"elementor-element elementor-element-ff11701 e-flex e-con-boxed e-con e-parent\" data-id=\"ff11701\" data-element_type=\"container\">\n\t\t\t\t\t<div class=\"e-con-inner\">\n\t\t\t\t<div class=\"elementor-element elementor-element-247d6ad elementor-widget elementor-widget-text-editor\" data-id=\"247d6ad\" data-element_type=\"widget\" data-widget_type=\"text-editor.default\">\n\t\t\t\t\t\t\t\t\t<div class=\"py-sm-1 py-0\"><div class=\"py-sm-1 py-0\"><div class=\"py-sm-1 py-0\"><h3 class=\"py-sm-1 py-0\"><span style=\"text-decoration: underline;\"><a href=\"https:\/\/www.radissonhotels.com\/tr-tr\/oteller\/radisson-blu-kayseri?+cid=a%3Ase+b%3Agmb+c%3Aemea+i%3Alocal+e%3Ardb+d%3Aeerut+h%3ATRASR1\">RADISSON BLU<\/a><\/span><\/h3><\/div><\/div><\/div><p data-start=\"783\" data-end=\"847\">The contemporary Radisson Blu Hotel in Kayseri is located in the vibrant city centre, a short distance from local attractions and ideal transport links. Visit one of the many organisations created by Kayseri-born businessman Kadir Has and the Kadir Has Foundation, including the Congress Centre and Sports Hall, or one of the foundation's educational institutions. Visit Erciyes Ski Resort for a thrilling skiing experience at the summit of an extinct volcano, or take a leisurely stroll around the Old Town.<\/p>\t\t\t\t\t\t\t\t<\/div>\n\t\t\t\t\t<\/div>\n\t\t\t\t<\/div>\n\t\t<div class=\"elementor-element elementor-element-fe16e3f e-flex e-con-boxed e-con e-parent\" data-id=\"fe16e3f\" data-element_type=\"container\">\n\t\t\t\t\t<div class=\"e-con-inner\">\n\t\t\t\t<div class=\"elementor-element elementor-element-73f6e6e elementor-widget elementor-widget-heading\" data-id=\"73f6e6e\" data-element_type=\"widget\" data-widget_type=\"heading.default\">\n\t\t\t\t\t<h2 class=\"elementor-heading-title elementor-size-default\">Fair Tag<\/h2>\t\t\t\t<\/div>\n\t\t\t\t\t<\/div>\n\t\t\t\t<\/div>\n\t\t<div class=\"elementor-element elementor-element-afba326 e-flex e-con-boxed e-con e-parent\" data-id=\"afba326\" data-element_type=\"container\">\n\t\t\t\t\t<div class=\"e-con-inner\">\n\t\t<div class=\"elementor-element elementor-element-5fa9d27 e-con-full e-flex e-con e-child\" data-id=\"5fa9d27\" data-element_type=\"container\">\n\t\t\t\t<div class=\"elementor-element elementor-element-6a2aeaf elementor-widget elementor-widget-text-editor\" data-id=\"6a2aeaf\" data-element_type=\"widget\" data-widget_type=\"text-editor.default\">\n\t\t\t\t\t\t\t\t\t<p>\u00a0<\/p><p class=\"s5\"><strong><span class=\"s2\">Fair Name<\/span><\/strong><span class=\"s7\"> KFF - Kayseri <\/span><span class=\"s7\">Furniture<\/span> <span class=\"s7\">Fair<\/span><span class=\"s7\"><br \/><\/span><strong><span class=\"s2\">History:<\/span><\/strong><span class=\"s7\"> 31 January - 3 February 2026<\/span><span class=\"s7\"><br \/><\/span><strong><span class=\"s2\">Location:<\/span><\/strong><span class=\"s7\"> Kayseri OSB International Fair Centre<\/span><span class=\"s7\"><br \/><\/span><strong><span class=\"s2\">Organiser<\/span><\/strong><span class=\"s7\"> Nobel Expo Fuarc\u0131l\u0131k A.S. - <\/span><a href=\"http:\/\/www.nobelexpo.com\/\"><span class=\"s11\">www.nobelexpo.com<\/span><\/a><span class=\"s7\"><br \/><\/span><strong><span class=\"s2\">Visiting Hours:<\/span><\/strong><span class=\"s7\"> 10:00 - 18:00 (31 January-2 February) \/ 10:00 - 17:00 (3 February)<\/span><\/p>\t\t\t\t\t\t\t\t<\/div>\n\t\t\t\t<\/div>\n\t\t\t\t<div class=\"elementor-element elementor-element-477f00d elementor-widget elementor-widget-image\" data-id=\"477f00d\" data-element_type=\"widget\" data-widget_type=\"image.default\">\n\t\t\t\t\t\t\t\t\t\t\t\t\t\t\t<img fetchpriority=\"high\" decoding=\"async\" width=\"525\" height=\"218\" src=\"https:\/\/kayserifurniturefair.com\/wp-content\/uploads\/2025\/11\/WhatsApp-Image-2025-11-11-at-13.36.22-1024x426.jpeg\" class=\"attachment-large size-large wp-image-4120\" alt=\"\" srcset=\"https:\/\/kayserifurniturefair.com\/wp-content\/uploads\/2025\/11\/WhatsApp-Image-2025-11-11-at-13.36.22-1024x426.jpeg 1024w, https:\/\/kayserifurniturefair.com\/wp-content\/uploads\/2025\/11\/WhatsApp-Image-2025-11-11-at-13.36.22-300x125.jpeg 300w, https:\/\/kayserifurniturefair.com\/wp-content\/uploads\/2025\/11\/WhatsApp-Image-2025-11-11-at-13.36.22-768x320.jpeg 768w, https:\/\/kayserifurniturefair.com\/wp-content\/uploads\/2025\/11\/WhatsApp-Image-2025-11-11-at-13.36.22-1536x639.jpeg 1536w, https:\/\/kayserifurniturefair.com\/wp-content\/uploads\/2025\/11\/WhatsApp-Image-2025-11-11-at-13.36.22.jpeg 1600w\" sizes=\"(max-width: 525px) 100vw, 525px\" \/>\t\t\t\t\t\t\t\t\t\t\t\t\t\t\t<\/div>\n\t\t\t\t\t<\/div>\n\t\t\t\t<\/div>\n\t\t<div class=\"elementor-element elementor-element-77e71fa e-flex e-con-boxed e-con e-parent\" data-id=\"77e71fa\" data-element_type=\"container\">\n\t\t\t\t\t<div class=\"e-con-inner\">\n\t\t\t\t\t<\/div>\n\t\t\t\t<\/div>\n\t\t\t\t<\/div>","protected":false},"excerpt":{"rendered":"<p>Konaklama \u00d6nerilerimiz WYNDHAM \u0130\u015f odakl\u0131 konaklamaya uygun, geni\u015f odalar\u0131 ve toplant\u0131 alanlar\u0131yla \u00f6ne \u00e7\u0131kar. \u015eehir merkezine ve ula\u015f\u0131m hatlar\u0131na yak\u0131n konumuyla fuar s\u00fcresince pratik bir deneyim sunar.\u00d6ne \u00e7\u0131kanlar: \u00dccretsiz Wi-Fi, kahvalt\u0131 opsiyonu, fitness. IBIS Kompakt ve i\u015flevsel odalar\u0131yla pratik konaklama arayan kat\u0131l\u0131mc\u0131lar i\u00e7in idealdir. H\u0131zl\u0131 check-in ve temel i\u015f seyahati ihtiya\u00e7lar\u0131na uygun hizmetler sunar.\u00d6ne \u00e7\u0131kanlar: [&hellip;]<\/p>","protected":false},"author":1,"featured_media":0,"parent":0,"menu_order":0,"comment_status":"closed","ping_status":"closed","template":"","meta":{"footnotes":""},"class_list":["post-4231","page","type-page","status-publish","hentry"],"_links":{"self":[{"href":"https:\/\/kayserifurniturefair.com\/en\/wp-json\/wp\/v2\/pages\/4231","targetHints":{"allow":["GET"]}}],"collection":[{"href":"https:\/\/kayserifurniturefair.com\/en\/wp-json\/wp\/v2\/pages"}],"about":[{"href":"https:\/\/kayserifurniturefair.com\/en\/wp-json\/wp\/v2\/types\/page"}],"author":[{"embeddable":true,"href":"https:\/\/kayserifurniturefair.com\/en\/wp-json\/wp\/v2\/users\/1"}],"replies":[{"embeddable":true,"href":"https:\/\/kayserifurniturefair.com\/en\/wp-json\/wp\/v2\/comments?post=4231"}],"version-history":[{"count":11,"href":"https:\/\/kayserifurniturefair.com\/en\/wp-json\/wp\/v2\/pages\/4231\/revisions"}],"predecessor-version":[{"id":4332,"href":"https:\/\/kayserifurniturefair.com\/en\/wp-json\/wp\/v2\/pages\/4231\/revisions\/4332"}],"wp:attachment":[{"href":"https:\/\/kayserifurniturefair.com\/en\/wp-json\/wp\/v2\/media?parent=4231"}],"curies":[{"name":"wp","href":"https:\/\/api.w.org\/{rel}","templated":true}]}}