{"id":743,"date":"2024-01-31T12:48:06","date_gmt":"2024-01-31T12:48:06","guid":{"rendered":"https:\/\/wp2.yogsthemes.com\/thewp\/oment\/?page_id=743"},"modified":"2026-01-09T11:48:18","modified_gmt":"2026-01-09T11:48:18","slug":"katilimci","status":"publish","type":"page","link":"https:\/\/kayserifurniturefair.com\/en\/katilimci\/","title":{"rendered":"Participant"},"content":{"rendered":"<div data-elementor-type=\"wp-page\" data-elementor-id=\"743\" class=\"elementor elementor-743\">\n\t\t\t\t<div class=\"elementor-element elementor-element-d9ec593 e-con-full e-flex e-con e-parent\" data-id=\"d9ec593\" data-element_type=\"container\" id=\"home\">\n\t\t\t\t<\/div>\n\t\t<div class=\"elementor-element elementor-element-6041afd e-flex e-con-boxed e-con e-parent\" data-id=\"6041afd\" data-element_type=\"container\">\n\t\t\t\t\t<div class=\"e-con-inner\">\n\t\t\t\t\t<\/div>\n\t\t\t\t<\/div>\n\t\t<div class=\"elementor-element elementor-element-34e38ff e-flex e-con-boxed e-con e-parent\" data-id=\"34e38ff\" data-element_type=\"container\">\n\t\t\t\t\t<div class=\"e-con-inner\">\n\t\t\t\t<div class=\"elementor-element elementor-element-fbcf742 elementor-widget elementor-widget-heading\" data-id=\"fbcf742\" data-element_type=\"widget\" data-widget_type=\"heading.default\">\n\t\t\t\t\t<h1 class=\"elementor-heading-title elementor-size-default\">Neden Kat\u0131l\u0131mc\u0131 Olmal\u0131s\u0131n\u0131z?<\/h1>\t\t\t\t<\/div>\n\t\t\t\t<div class=\"elementor-element elementor-element-0c06460 elementor-widget-divider--view-line elementor-widget elementor-widget-divider\" data-id=\"0c06460\" data-element_type=\"widget\" data-widget_type=\"divider.default\">\n\t\t\t\t\t\t\t<div class=\"elementor-divider\">\n\t\t\t<span class=\"elementor-divider-separator\">\n\t\t\t\t\t\t<\/span>\n\t\t<\/div>\n\t\t\t\t\t\t<\/div>\n\t\t<div class=\"elementor-element elementor-element-3202f4e e-con-full e-flex e-con e-child\" data-id=\"3202f4e\" data-element_type=\"container\">\n\t\t<div class=\"elementor-element elementor-element-29d9dbb e-grid e-con-full e-con e-child\" data-id=\"29d9dbb\" data-element_type=\"container\">\n\t\t\t\t<div class=\"elementor-element elementor-element-01cef22 elementor-widget elementor-widget-text-editor\" data-id=\"01cef22\" data-element_type=\"widget\" data-widget_type=\"text-editor.default\">\n\t\t\t\t\t\t\t\t\t<h3 data-start=\"97\" data-end=\"134\"><strong>M\u00dc\u015eTER\u0130 PORTF\u00d6Y\u00dcN\u00dcZ\u00dc GEN\u0130\u015eLET\u0130N<\/strong><\/h3><p data-start=\"137\" data-end=\"174\">\u00a0<\/p><p data-start=\"137\" data-end=\"174\">Hem fuar \u00f6ncesi hem fuar s\u0131ras\u0131nda yap\u0131lan yo\u011fun tan\u0131t\u0131m ve pazarlama \u00e7al\u0131\u015fmalar\u0131 sayesinde m\u00fc\u015fteri portf\u00f6y\u00fcn\u00fcz\u00fc geni\u015fletebilir, yeni m\u00fc\u015fterilerle i\u015f ba\u011flant\u0131lar\u0131 kurarak, i\u015f hacminizi artt\u0131rabilirsiniz.<\/p>\t\t\t\t\t\t\t\t<\/div>\n\t\t\t\t<div class=\"elementor-element elementor-element-ae7537f elementor-widget elementor-widget-text-editor\" data-id=\"ae7537f\" data-element_type=\"widget\" data-widget_type=\"text-editor.default\">\n\t\t\t\t\t\t\t\t\t<h3 data-start=\"97\" data-end=\"134\"><strong>YEN\u0130L\u0130K\u00c7\u0130 ve \u0130LG\u0130 \u00c7EK\u0130C\u0130 SUNUMLAR <\/strong><\/h3><h3 data-start=\"97\" data-end=\"134\"><strong>YAPIN<\/strong><\/h3><p data-start=\"137\" data-end=\"174\">\u00a0<\/p><p data-start=\"137\" data-end=\"174\">Son teknoloji \u00fcr\u00fcnlerinizi ve en yeni hizmetlerinizi piyasaya sunabilir, fuar\u0131 ziyaret edecek potansiyel m\u00fc\u015fterilerinize ilgi \u00e7ekici sunumlar yaparak markan\u0131z\u0131n etkili \u015fekilde tan\u0131t\u0131m\u0131n\u0131 yapabilirsiniz.<\/p>\t\t\t\t\t\t\t\t<\/div>\n\t\t\t\t<div class=\"elementor-element elementor-element-64173c1 elementor-widget elementor-widget-text-editor\" data-id=\"64173c1\" data-element_type=\"widget\" data-widget_type=\"text-editor.default\">\n\t\t\t\t\t\t\t\t\t<h3 data-start=\"97\" data-end=\"134\"><strong>YEN\u0130 PAZARLARA A\u00c7ILMA FIRSATI<\/strong><\/h3><p data-start=\"137\" data-end=\"174\">\u00a0<\/p><p data-start=\"137\" data-end=\"174\">\u00a0<\/p><p data-start=\"137\" data-end=\"174\">Sat\u0131n Alma Heyet Programlar\u0131 sayesinde yeni \u00fclkelerde yeni pazarlara a\u00e7\u0131labilir, d\u00fcnyan\u0131n d\u00f6rt bir yan\u0131ndan gelen sat\u0131n alma uzmanlar\u0131 ve sekt\u00f6r profesyonelleri ile ba\u011flant\u0131lar kurabilirsiniz.<\/p>\t\t\t\t\t\t\t\t<\/div>\n\t\t<div class=\"elementor-element elementor-element-b57167a e-grid e-con-full e-con e-child\" data-id=\"b57167a\" data-element_type=\"container\">\n\t\t\t\t<div class=\"elementor-element elementor-element-aca3d64 elementor-widget elementor-widget-text-editor\" data-id=\"aca3d64\" data-element_type=\"widget\" data-widget_type=\"text-editor.default\">\n\t\t\t\t\t\t\t\t\t<h3 data-start=\"97\" data-end=\"134\"><strong>SEKT\u00d6REL GEL\u0130\u015eMELER\u0130 TAK\u0130P ED\u0130N<\/strong><\/h3><p data-start=\"137\" data-end=\"174\">\u00a0<\/p><p data-start=\"137\" data-end=\"174\">Sekt\u00f6rdeki lider firmalarla ayn\u0131 fuarda bulunarak rakiplerinizi takip edebilir, sekt\u00f6rel k\u0131yaslama yapabilirsiniz. Sekt\u00f6rel trendleri g\u00f6zlemleyerek, ald\u0131\u011f\u0131n\u0131z talepler do\u011frultusunda \u00fcretiminize y\u00f6n verebilirsiniz.<\/p>\t\t\t\t\t\t\t\t<\/div>\n\t\t\t\t<\/div>\n\t\t\t\t<div class=\"elementor-element elementor-element-d7d8215 elementor-widget elementor-widget-image\" data-id=\"d7d8215\" data-element_type=\"widget\" data-widget_type=\"image.default\">\n\t\t\t\t\t\t\t\t\t\t\t\t\t\t\t<img fetchpriority=\"high\" decoding=\"async\" width=\"525\" height=\"350\" src=\"https:\/\/kayserifurniturefair.com\/wp-content\/uploads\/2025\/11\/WhatsApp-Image-2025-11-11-at-14.04.05-1024x682.jpeg\" class=\"attachment-large size-large wp-image-4135\" alt=\"\" srcset=\"https:\/\/kayserifurniturefair.com\/wp-content\/uploads\/2025\/11\/WhatsApp-Image-2025-11-11-at-14.04.05-1024x682.jpeg 1024w, https:\/\/kayserifurniturefair.com\/wp-content\/uploads\/2025\/11\/WhatsApp-Image-2025-11-11-at-14.04.05-300x200.jpeg 300w, https:\/\/kayserifurniturefair.com\/wp-content\/uploads\/2025\/11\/WhatsApp-Image-2025-11-11-at-14.04.05-768x512.jpeg 768w, https:\/\/kayserifurniturefair.com\/wp-content\/uploads\/2025\/11\/WhatsApp-Image-2025-11-11-at-14.04.05.jpeg 1280w\" sizes=\"(max-width: 525px) 100vw, 525px\" \/>\t\t\t\t\t\t\t\t\t\t\t\t\t\t\t<\/div>\n\t\t\t\t<div class=\"elementor-element elementor-element-8520946 elementor-widget elementor-widget-text-editor\" data-id=\"8520946\" data-element_type=\"widget\" data-widget_type=\"text-editor.default\">\n\t\t\t\t\t\t\t\t\t<h3 data-start=\"97\" data-end=\"134\"><strong>Y\u00dcKSEK MARKA B\u0130L\u0130N\u0130RL\u0130\u011e\u0130<\/strong><\/h3><p data-start=\"137\" data-end=\"174\">\u00a0<\/p><p data-start=\"137\" data-end=\"174\">\u00a0<\/p><p data-start=\"137\" data-end=\"174\">D\u00fczenlendi\u011fi sekt\u00f6r\u00fcn en prestijli fuar\u0131na kat\u0131larak marka de\u011ferinizi g\u00fc\u00e7lendirebilir ve sekt\u00f6rde daha bilinir h\u00e2le gelebilirsiniz. Fuar\u0131n ba\u015far\u0131s\u0131ndan yararlan\u0131n ve ticaretinize katma de\u011fer sa\u011flay\u0131n.<\/p>\t\t\t\t\t\t\t\t<\/div>\n\t\t\t\t<\/div>\n\t\t<div class=\"elementor-element elementor-element-75c1b2d e-grid e-con-full e-con e-child\" data-id=\"75c1b2d\" data-element_type=\"container\">\n\t\t\t\t<div class=\"elementor-element elementor-element-32d30a0 elementor-widget elementor-widget-text-editor\" data-id=\"32d30a0\" data-element_type=\"widget\" data-widget_type=\"text-editor.default\">\n\t\t\t\t\t\t\t\t\t<h3 data-start=\"97\" data-end=\"134\"><strong>\u0130\u015e BA\u011eLANTILARI KURUN<\/strong><\/h3><p data-start=\"137\" data-end=\"174\">\u00a0<\/p><p data-start=\"137\" data-end=\"174\">D\u00fcnyan\u0131n farkl\u0131 b\u00f6lgelerinden gelen ziyaret\u00e7iler ve kat\u0131l\u0131mc\u0131larla birlikte uluslararas\u0131 bir \u2018network\u2019 olu\u015fturarak ticaret hacminizi artt\u0131rabilir, yeni i\u015f birlikleri ve ortakl\u0131lara imza atarak, k\u00e2rl\u0131 i\u015f anla\u015fmalar\u0131 yapabilirsiniz.<\/p>\t\t\t\t\t\t\t\t<\/div>\n\t\t\t\t<div class=\"elementor-element elementor-element-589327f elementor-widget elementor-widget-text-editor\" data-id=\"589327f\" data-element_type=\"widget\" data-widget_type=\"text-editor.default\">\n\t\t\t\t\t\t\t\t\t<h3 data-start=\"97\" data-end=\"134\"><strong>HEDEF K\u0130TLEYE DO\u011eRUDAN ULA\u015eIN<\/strong><\/h3><p data-start=\"137\" data-end=\"174\">\u00a0<\/p><p data-start=\"137\" data-end=\"174\">Fuar boyunca stand\u0131n\u0131z\u0131 ziyaret eden profesyoneller, karar vericiler ve al\u0131m heyetleri sayesinde \u00fcr\u00fcn ve hizmetlerinizi do\u011frudan hedef kitlenize tan\u0131tabilir, geri bildirimler alarak sat\u0131\u015f ve pazarlama stratejilerinizi \u015fekillendirebilirsiniz.<\/p>\t\t\t\t\t\t\t\t<\/div>\n\t\t\t\t<div class=\"elementor-element elementor-element-dc0055b elementor-widget elementor-widget-text-editor\" data-id=\"dc0055b\" data-element_type=\"widget\" data-widget_type=\"text-editor.default\">\n\t\t\t\t\t\t\t\t\t<h3 data-start=\"97\" data-end=\"134\"><strong>REKABETTE \u00d6NE GE\u00c7\u0130N<\/strong><\/h3><p data-start=\"137\" data-end=\"174\">\u00a0<\/p><p data-start=\"137\" data-end=\"174\">\u00a0<\/p><p data-start=\"137\" data-end=\"174\">Rakiplerinizin \u00f6n\u00fcne ge\u00e7mek i\u00e7in fuar ortam\u0131nda marka fark\u0131ndal\u0131\u011f\u0131n\u0131z\u0131 art\u0131rabilir, sekt\u00f6re y\u00f6n veren yenilik\u00e7i \u00e7\u00f6z\u00fcmlerinizle dikkat \u00e7ekebilirsiniz. Fuar s\u00fcresince sundu\u011funuz \u00f6zel kampanyalar ve lansmanlarla rekabette avantaj sa\u011flayabilirsiniz.<\/p>\t\t\t\t\t\t\t\t<\/div>\n\t\t\t\t<\/div>\n\t\t\t\t<\/div>\n\t\t\t\t\t<\/div>\n\t\t\t\t<\/div>\n\t\t<div class=\"elementor-element elementor-element-8a2465e e-flex e-con-boxed e-con e-parent\" data-id=\"8a2465e\" data-element_type=\"container\">\n\t\t\t\t\t<div class=\"e-con-inner\">\n\t\t\t\t<div class=\"elementor-element elementor-element-2c86fcd elementor-widget-divider--view-line elementor-widget elementor-widget-divider\" data-id=\"2c86fcd\" data-element_type=\"widget\" data-widget_type=\"divider.default\">\n\t\t\t\t\t\t\t<div class=\"elementor-divider\">\n\t\t\t<span class=\"elementor-divider-separator\">\n\t\t\t\t\t\t<\/span>\n\t\t<\/div>\n\t\t\t\t\t\t<\/div>\n\t\t\t\t\t<\/div>\n\t\t\t\t<\/div>\n\t\t<div class=\"elementor-element elementor-element-2f67aef e-flex e-con-boxed e-con e-parent\" data-id=\"2f67aef\" data-element_type=\"container\">\n\t\t\t\t\t<div class=\"e-con-inner\">\n\t\t<div class=\"elementor-element elementor-element-371f6ea e-grid e-con-full e-con e-child\" data-id=\"371f6ea\" data-element_type=\"container\">\n\t\t\t\t<div class=\"elementor-element elementor-element-8d73294 elementor-widget elementor-widget-text-editor\" data-id=\"8d73294\" data-element_type=\"widget\" data-widget_type=\"text-editor.default\">\n\t\t\t\t\t\t\t\t\t<h2 class=\"s3\"><span class=\"s2\">FAIR CODE<\/span><\/h2>\n<p class=\"s5\"><strong><span class=\"s2\">Fair Name<\/span><\/strong><span class=\"s7\"> KFF - Kayseri <\/span><span class=\"s7\">Furniture<\/span> <span class=\"s7\">Fair<\/span><span class=\"s7\"><br><\/span><strong><span class=\"s2\">History:<\/span><\/strong><span class=\"s7\"> 31 January - 4 February 2026<\/span><span class=\"s7\"><br><\/span><strong><span class=\"s2\">Location:<\/span><\/strong><span class=\"s7\"> Kayseri OSB International Fair Centre<\/span><span class=\"s7\"><br><\/span><strong><span class=\"s2\">Organiser<\/span><\/strong><span class=\"s7\"> Nobel Expo Fuarc\u0131l\u0131k A.S. - <\/span><a href=\"http:\/\/www.nobelexpo.com\/\"><span class=\"s11\">www.nobelexpo.com<\/span><\/a><span class=\"s7\"><br><\/span><strong><span class=\"s2\">Visiting Hours:<\/span><\/strong><span class=\"s7\"> 10:00 - 18:00 (31 January-3 February) \/ 10:00 - 17:00 (4 February)<\/span><\/p>\t\t\t\t\t\t\t\t<\/div>\n\t\t\t\t<div class=\"elementor-element elementor-element-08e6a56 elementor-widget elementor-widget-image\" data-id=\"08e6a56\" data-element_type=\"widget\" data-widget_type=\"image.default\">\n\t\t\t\t\t\t\t\t\t\t\t\t\t\t\t<img decoding=\"async\" width=\"525\" height=\"218\" src=\"https:\/\/kayserifurniturefair.com\/wp-content\/uploads\/2025\/11\/WhatsApp-Image-2025-11-11-at-13.36.22-1024x426.jpeg\" class=\"attachment-large size-large wp-image-4120\" alt=\"\" srcset=\"https:\/\/kayserifurniturefair.com\/wp-content\/uploads\/2025\/11\/WhatsApp-Image-2025-11-11-at-13.36.22-1024x426.jpeg 1024w, https:\/\/kayserifurniturefair.com\/wp-content\/uploads\/2025\/11\/WhatsApp-Image-2025-11-11-at-13.36.22-300x125.jpeg 300w, https:\/\/kayserifurniturefair.com\/wp-content\/uploads\/2025\/11\/WhatsApp-Image-2025-11-11-at-13.36.22-768x320.jpeg 768w, https:\/\/kayserifurniturefair.com\/wp-content\/uploads\/2025\/11\/WhatsApp-Image-2025-11-11-at-13.36.22-1536x639.jpeg 1536w, https:\/\/kayserifurniturefair.com\/wp-content\/uploads\/2025\/11\/WhatsApp-Image-2025-11-11-at-13.36.22.jpeg 1600w\" sizes=\"(max-width: 525px) 100vw, 525px\" \/>\t\t\t\t\t\t\t\t\t\t\t\t\t\t\t<\/div>\n\t\t\t\t<\/div>\n\t\t\t\t\t<\/div>\n\t\t\t\t<\/div>\n\t\t<div class=\"elementor-element elementor-element-3188321 e-flex e-con-boxed e-con e-parent\" data-id=\"3188321\" data-element_type=\"container\">\n\t\t\t\t\t<div class=\"e-con-inner\">\n\t\t\t\t<div class=\"elementor-element elementor-element-7cbe07c elementor-align-center elementor-widget elementor-widget-button\" data-id=\"7cbe07c\" data-element_type=\"widget\" data-widget_type=\"button.default\">\n\t\t\t\t\t\t\t\t\t\t<a class=\"elementor-button elementor-button-link elementor-size-sm\" href=\"https:\/\/kayserifurniturefair.com\/en\/katilimci-olun\/\">\n\t\t\t\t\t\t<span class=\"elementor-button-content-wrapper\">\n\t\t\t\t\t\t\t\t\t<span class=\"elementor-button-text\">KATILIMCI OLUN<\/span>\n\t\t\t\t\t<\/span>\n\t\t\t\t\t<\/a>\n\t\t\t\t\t\t\t\t<\/div>\n\t\t\t\t\t<\/div>\n\t\t\t\t<\/div>\n\t\t\t\t<\/div>","protected":false},"excerpt":{"rendered":"<p>Neden Kat\u0131l\u0131mc\u0131 Olmal\u0131s\u0131n\u0131z? M\u00dc\u015eTER\u0130 PORTF\u00d6Y\u00dcN\u00dcZ\u00dc GEN\u0130\u015eLET\u0130N \u00a0 Hem fuar \u00f6ncesi hem fuar s\u0131ras\u0131nda yap\u0131lan yo\u011fun tan\u0131t\u0131m ve pazarlama \u00e7al\u0131\u015fmalar\u0131 sayesinde m\u00fc\u015fteri portf\u00f6y\u00fcn\u00fcz\u00fc geni\u015fletebilir, yeni m\u00fc\u015fterilerle i\u015f ba\u011flant\u0131lar\u0131 kurarak, i\u015f hacminizi artt\u0131rabilirsiniz. YEN\u0130L\u0130K\u00c7\u0130 ve \u0130LG\u0130 \u00c7EK\u0130C\u0130 SUNUMLAR YAPIN \u00a0 Son teknoloji \u00fcr\u00fcnlerinizi ve en yeni hizmetlerinizi piyasaya sunabilir, fuar\u0131 ziyaret edecek potansiyel m\u00fc\u015fterilerinize ilgi \u00e7ekici sunumlar [&hellip;]<\/p>","protected":false},"author":1,"featured_media":0,"parent":0,"menu_order":0,"comment_status":"closed","ping_status":"closed","template":"tpl-default-elementor.php","meta":{"footnotes":""},"class_list":["post-743","page","type-page","status-publish","hentry"],"_links":{"self":[{"href":"https:\/\/kayserifurniturefair.com\/en\/wp-json\/wp\/v2\/pages\/743","targetHints":{"allow":["GET"]}}],"collection":[{"href":"https:\/\/kayserifurniturefair.com\/en\/wp-json\/wp\/v2\/pages"}],"about":[{"href":"https:\/\/kayserifurniturefair.com\/en\/wp-json\/wp\/v2\/types\/page"}],"author":[{"embeddable":true,"href":"https:\/\/kayserifurniturefair.com\/en\/wp-json\/wp\/v2\/users\/1"}],"replies":[{"embeddable":true,"href":"https:\/\/kayserifurniturefair.com\/en\/wp-json\/wp\/v2\/comments?post=743"}],"version-history":[{"count":35,"href":"https:\/\/kayserifurniturefair.com\/en\/wp-json\/wp\/v2\/pages\/743\/revisions"}],"predecessor-version":[{"id":4532,"href":"https:\/\/kayserifurniturefair.com\/en\/wp-json\/wp\/v2\/pages\/743\/revisions\/4532"}],"wp:attachment":[{"href":"https:\/\/kayserifurniturefair.com\/en\/wp-json\/wp\/v2\/media?parent=743"}],"curies":[{"name":"wp","href":"https:\/\/api.w.org\/{rel}","templated":true}]}}