{"id":745,"date":"2024-01-31T12:48:35","date_gmt":"2024-01-31T12:48:35","guid":{"rendered":"https:\/\/wp2.yogsthemes.com\/thewp\/oment\/?page_id=745"},"modified":"2025-11-12T13:04:25","modified_gmt":"2025-11-12T13:04:25","slug":"hakkimizda","status":"publish","type":"page","link":"https:\/\/kayserifurniturefair.com\/en\/hakkimizda\/","title":{"rendered":"About Us"},"content":{"rendered":"<div data-elementor-type=\"wp-page\" data-elementor-id=\"745\" class=\"elementor elementor-745\">\n\t\t\t\t<section class=\"elementor-element elementor-element-5b44dea e-con-full e-flex e-con e-parent\" data-id=\"5b44dea\" data-element_type=\"container\" id=\"home\">\n\t\t\t\t<\/section>\n\t\t<section class=\"elementor-element elementor-element-7911843 e-con-full relative e-flex e-con e-parent\" data-id=\"7911843\" data-element_type=\"container\">\n\t\t<div class=\"elementor-element elementor-element-64bf3cc e-flex e-con-boxed e-con e-child\" data-id=\"64bf3cc\" data-element_type=\"container\">\n\t\t\t\t\t<div class=\"e-con-inner\">\n\t\t\t\t<div class=\"elementor-element elementor-element-e2494e8 elementor-widget elementor-widget-heading\" data-id=\"e2494e8\" data-element_type=\"widget\" data-widget_type=\"heading.default\">\n\t\t\t\t\t<h2 class=\"elementor-heading-title elementor-size-default\">KFF 2026 \u2013 G\u00fcc\u00fcn\u00fc \u00dcretimden Alan Mobilya Fuar\u0131<\/h2>\t\t\t\t<\/div>\n\t\t\t\t<div class=\"elementor-element elementor-element-96e2463 elementor-widget elementor-widget-text-editor\" data-id=\"96e2463\" data-element_type=\"widget\" data-widget_type=\"text-editor.default\">\n\t\t\t\t\t\t\t\t\t<p>Nobel Expo taraf\u0131ndan organize edilen Kayseri Mobilya Fuar\u0131, mobilya sanayisinin kalbinin att\u0131\u011f\u0131 Kayseri\u2019de d\u00fczenleniyor. T\u00fcrkiye\u2019nin en b\u00fcy\u00fck \u00fcretim merkezlerinden biri olan Kayseri, y\u00fczlerce \u00fcretici firmas\u0131yla yaln\u0131zca yurt i\u00e7inde de\u011fil, d\u00fcnya mobilya pazar\u0131nda da g\u00fc\u00e7l\u00fc bir oyuncu konumunda. KFF, bu g\u00fcc\u00fc uluslararas\u0131 ticaretle bulu\u015fturarak sekt\u00f6re yeni i\u015f birlikleri, yeni pazarlar ve ihracata y\u00f6n veren f\u0131rsatlar sunuyor.<\/p>\t\t\t\t\t\t\t\t<\/div>\n\t\t\t\t<div class=\"elementor-element elementor-element-6bf837a elementor-widget elementor-widget-heading\" data-id=\"6bf837a\" data-element_type=\"widget\" data-widget_type=\"heading.default\">\n\t\t\t\t\t<h2 class=\"elementor-heading-title elementor-size-default\">Sekt\u00f6r\u00fcn En G\u00fc\u00e7l\u00fc Bulu\u015fma Noktas\u0131<\/h2>\t\t\t\t<\/div>\n\t\t\t\t<div class=\"elementor-element elementor-element-f3292c5 elementor-widget elementor-widget-text-editor\" data-id=\"f3292c5\" data-element_type=\"widget\" data-widget_type=\"text-editor.default\">\n\t\t\t\t\t\t\t\t\t<p>30.000 m\u00b2\u2019lik alanda 310\u2019dan fazla markay\u0131 bir araya getiren KFF, 36\u2019dan fazla \u00fclkeden gelen al\u0131m heyetleriyle kat\u0131l\u0131mc\u0131lar\u0131na k\u00fcresel ticaretin kap\u0131lar\u0131n\u0131 a\u00e7\u0131yor. Sekt\u00f6r profesyonelleri i\u00e7in yaln\u0131zca bir vitrin de\u011fil; ayn\u0131 zamanda yeni koleksiyonlar\u0131n tan\u0131t\u0131ld\u0131\u011f\u0131, ikili i\u015f g\u00f6r\u00fc\u015fmelerinin yap\u0131ld\u0131\u011f\u0131 ve stratejik i\u015f birliklerinin kuruldu\u011fu bir ticaret platformudur.<\/p>\t\t\t\t\t\t\t\t<\/div>\n\t\t\t\t<div class=\"elementor-element elementor-element-c77ef26 elementor-widget elementor-widget-heading\" data-id=\"c77ef26\" data-element_type=\"widget\" data-widget_type=\"heading.default\">\n\t\t\t\t\t<h2 class=\"elementor-heading-title elementor-size-default\">Mobilyan\u0131n Merkezi Kayseri<\/h2>\t\t\t\t<\/div>\n\t\t\t\t<div class=\"elementor-element elementor-element-edab346 elementor-widget elementor-widget-text-editor\" data-id=\"edab346\" data-element_type=\"widget\" data-widget_type=\"text-editor.default\">\n\t\t\t\t\t\t\t\t\t<p>KFF, mobilya \u00fcreticilerinden ihracat\u00e7\u0131lara, tasar\u0131mc\u0131lardan tedarik\u00e7ilere kadar geni\u015f bir kat\u0131l\u0131mc\u0131 ve ziyaret\u00e7i profiline hitap eder. T\u00fcrkiye\u2019nin \u00fcretim g\u00fcc\u00fcn\u00fc ve inovasyon kapasitesini ortaya koyarken, mobilya sekt\u00f6r\u00fcn\u00fcn gelece\u011fine de y\u00f6n verir. Sekt\u00f6re 365 g\u00fcn hizmet Nobel Expo\u2019nun yeni nesil fuarc\u0131l\u0131k anlay\u0131\u015f\u0131yla d\u00fczenlenen KFF, yaln\u0131zca fuar g\u00fcnlerinde de\u011fil, y\u0131l boyunca sundu\u011fu hizmetlerle i\u015f d\u00fcnyas\u0131na rehberlik eder. Fuar \u00f6ncesi, fuar s\u00fcresince ve sonras\u0131nda sa\u011flad\u0131\u011f\u0131 ayr\u0131cal\u0131klarla, mobilya sekt\u00f6r\u00fcndeki t\u00fcm ticari s\u00fcre\u00e7ler i\u00e7in g\u00fcvenilir bir i\u015f orta\u011f\u0131d\u0131r.<\/p>\t\t\t\t\t\t\t\t<\/div>\n\t\t\t\t<div class=\"elementor-element elementor-element-7f36dcf elementor-widget elementor-widget-heading\" data-id=\"7f36dcf\" data-element_type=\"widget\" data-widget_type=\"heading.default\">\n\t\t\t\t\t<h2 class=\"elementor-heading-title elementor-size-default\">KFF 2026 - The most strategic meeting point of the furniture industry!<\/h2>\t\t\t\t<\/div>\n\t\t\t\t\t<\/div>\n\t\t\t\t<\/div>\n\t\t\t\t<\/section>\n\t\t<div class=\"elementor-element elementor-element-d9e8ffd e-flex e-con-boxed e-con e-parent\" data-id=\"d9e8ffd\" data-element_type=\"container\">\n\t\t\t\t\t<div class=\"e-con-inner\">\n\t\t\t\t\t<\/div>\n\t\t\t\t<\/div>\n\t\t\t\t<\/div>","protected":false},"excerpt":{"rendered":"<p>KFF 2026 \u2013 G\u00fcc\u00fcn\u00fc \u00dcretimden Alan Mobilya Fuar\u0131 Nobel Expo taraf\u0131ndan organize edilen Kayseri Mobilya Fuar\u0131, mobilya sanayisinin kalbinin att\u0131\u011f\u0131 Kayseri\u2019de d\u00fczenleniyor. T\u00fcrkiye\u2019nin en b\u00fcy\u00fck \u00fcretim merkezlerinden biri olan Kayseri, y\u00fczlerce \u00fcretici firmas\u0131yla yaln\u0131zca yurt i\u00e7inde de\u011fil, d\u00fcnya mobilya pazar\u0131nda da g\u00fc\u00e7l\u00fc bir oyuncu konumunda. KFF, bu g\u00fcc\u00fc uluslararas\u0131 ticaretle bulu\u015fturarak sekt\u00f6re yeni i\u015f birlikleri, [&hellip;]<\/p>","protected":false},"author":1,"featured_media":0,"parent":0,"menu_order":0,"comment_status":"closed","ping_status":"closed","template":"tpl-default-elementor.php","meta":{"footnotes":""},"class_list":["post-745","page","type-page","status-publish","hentry"],"_links":{"self":[{"href":"https:\/\/kayserifurniturefair.com\/en\/wp-json\/wp\/v2\/pages\/745","targetHints":{"allow":["GET"]}}],"collection":[{"href":"https:\/\/kayserifurniturefair.com\/en\/wp-json\/wp\/v2\/pages"}],"about":[{"href":"https:\/\/kayserifurniturefair.com\/en\/wp-json\/wp\/v2\/types\/page"}],"author":[{"embeddable":true,"href":"https:\/\/kayserifurniturefair.com\/en\/wp-json\/wp\/v2\/users\/1"}],"replies":[{"embeddable":true,"href":"https:\/\/kayserifurniturefair.com\/en\/wp-json\/wp\/v2\/comments?post=745"}],"version-history":[{"count":11,"href":"https:\/\/kayserifurniturefair.com\/en\/wp-json\/wp\/v2\/pages\/745\/revisions"}],"predecessor-version":[{"id":4270,"href":"https:\/\/kayserifurniturefair.com\/en\/wp-json\/wp\/v2\/pages\/745\/revisions\/4270"}],"wp:attachment":[{"href":"https:\/\/kayserifurniturefair.com\/en\/wp-json\/wp\/v2\/media?parent=745"}],"curies":[{"name":"wp","href":"https:\/\/api.w.org\/{rel}","templated":true}]}}