{"id":749,"date":"2024-01-31T12:49:50","date_gmt":"2024-01-31T12:49:50","guid":{"rendered":"https:\/\/wp2.yogsthemes.com\/thewp\/oment\/?page_id=749"},"modified":"2025-11-12T13:32:34","modified_gmt":"2025-11-12T13:32:34","slug":"hizmetlerimiz","status":"publish","type":"page","link":"https:\/\/kayserifurniturefair.com\/en\/hizmetlerimiz\/","title":{"rendered":"Our Services"},"content":{"rendered":"<div data-elementor-type=\"wp-page\" data-elementor-id=\"749\" class=\"elementor elementor-749\">\n\t\t\t\t<div class=\"elementor-element elementor-element-bfe878e e-con-full e-flex e-con e-parent\" data-id=\"bfe878e\" data-element_type=\"container\" id=\"home\">\n\t\t\t\t<\/div>\n\t\t<div class=\"elementor-element elementor-element-412e2b5 e-flex e-con-boxed e-con e-parent\" data-id=\"412e2b5\" data-element_type=\"container\">\n\t\t\t\t\t<div class=\"e-con-inner\">\n\t\t\t\t<div class=\"elementor-element elementor-element-018120b elementor-widget elementor-widget-heading\" data-id=\"018120b\" data-element_type=\"widget\" data-widget_type=\"heading.default\">\n\t\t\t\t\t<h2 class=\"elementor-heading-title elementor-size-default\">Our Special Services for a Successful Fair Experience<\/h2>\t\t\t\t<\/div>\n\t\t\t\t\t<\/div>\n\t\t\t\t<\/div>\n\t\t<div class=\"elementor-element elementor-element-e8b8b05 e-flex e-con-boxed e-con e-parent\" data-id=\"e8b8b05\" data-element_type=\"container\">\n\t\t\t\t\t<div class=\"e-con-inner\">\n\t\t\t\t<div class=\"elementor-element elementor-element-fb092f6 elementor-widget elementor-widget-text-editor\" data-id=\"fb092f6\" data-element_type=\"widget\" data-widget_type=\"text-editor.default\">\n\t\t\t\t\t\t\t\t\t<p>When you decide to participate in KFF Kayseri Furniture Fair, you are no longer just taking part in a fair. With Nobel Expo's new generation exhibition approach, you are stepping into a business platform that will maximise the potential of your investment. The privileged services we offer for our exhibitors help you strengthen your brand before and after as well as during the fair.<\/p>\t\t\t\t\t\t\t\t<\/div>\n\t\t\t\t\t<\/div>\n\t\t\t\t<\/div>\n\t\t<div class=\"elementor-element elementor-element-ba9b0c2 e-grid e-con-boxed e-con e-parent\" data-id=\"ba9b0c2\" data-element_type=\"container\">\n\t\t\t\t\t<div class=\"e-con-inner\">\n\t\t\t\t<div class=\"elementor-element elementor-element-fcdfa28 elementor-widget elementor-widget-text-editor\" data-id=\"fcdfa28\" data-element_type=\"widget\" data-widget_type=\"text-editor.default\">\n\t\t\t\t\t\t\t\t\t<h3><strong>Advertising and Promotion Solutions<\/strong><\/h3><p>\u00a0<\/p><p>Increase the visibility of your brand before, during and after the fair. Stay in the minds of your target audience, reach new customers and strengthen your collaborations with our digital and physical advertising packages.<\/p>\t\t\t\t\t\t\t\t<\/div>\n\t\t\t\t<div class=\"elementor-element elementor-element-3069068 elementor-widget elementor-widget-text-editor\" data-id=\"3069068\" data-element_type=\"widget\" data-widget_type=\"text-editor.default\">\n\t\t\t\t\t\t\t\t\t<h3><strong>Ready Stand Packages<\/strong><\/h3><p>\u00a0<\/p><p>Strengthen your brand perception, save time. Get ready for the fair area with fast, economical and effective solutions thanks to our ready-made stand packages. Represent your brand in the best way with special designs and installation support.<\/p>\t\t\t\t\t\t\t\t<\/div>\n\t\t\t\t\t<\/div>\n\t\t\t\t<\/div>\n\t\t<div class=\"elementor-element elementor-element-6cbeb70 e-grid e-con-boxed e-con e-parent\" data-id=\"6cbeb70\" data-element_type=\"container\">\n\t\t\t\t\t<div class=\"e-con-inner\">\n\t\t\t\t<div class=\"elementor-element elementor-element-7a24bb8 elementor-widget elementor-widget-text-editor\" data-id=\"7a24bb8\" data-element_type=\"widget\" data-widget_type=\"text-editor.default\">\n\t\t\t\t\t\t\t\t\t<h3><strong>B2B Meeting and Networking Areas<\/strong><\/h3><p>\u00a0<\/p><p>KFF stands out with exclusive business meetings and international buyer delegation programmes that bring exhibitors together with the right buyers. The connections you will establish with industry professionals will be your strongest opportunity to increase your exports.<\/p>\t\t\t\t\t\t\t\t<\/div>\n\t\t\t\t<div class=\"elementor-element elementor-element-7ddabf5 elementor-widget elementor-widget-text-editor\" data-id=\"7ddabf5\" data-element_type=\"widget\" data-widget_type=\"text-editor.default\">\n\t\t\t\t\t\t\t\t\t<h3><strong>Visual and Media Services<\/strong><\/h3><p>\u00a0<\/p><p>Take your brand beyond the fair. Increase your visibility on social media with photo and video production services and continue to make an impact even after the fair. Leave a professional impression in your private meetings. Host your business partners and sign new agreements in our comfortable and modern meeting rooms.<\/p>\t\t\t\t\t\t\t\t<\/div>\n\t\t\t\t\t<\/div>\n\t\t\t\t<\/div>\n\t\t\t\t<\/div>","protected":false},"excerpt":{"rendered":"<p>Ba\u015far\u0131l\u0131 Bir Fuar Deneyimi \u0130\u00e7in Size \u00d6zel Hizmetlerimiz KFF Kayseri Mobilya Fuar\u0131\u2019na kat\u0131lma karar\u0131 verdi\u011finizde, art\u0131k yaln\u0131zca bir fuarda yer alm\u0131yorsunuz. Nobel Expo\u2019nun yeni nesil fuarc\u0131l\u0131k anlay\u0131\u015f\u0131yla, yat\u0131r\u0131m\u0131n\u0131z\u0131n potansiyelini en \u00fcst seviyeye ta\u015f\u0131yacak bir i\u015f platformuna ad\u0131m at\u0131yorsunuz. Kat\u0131l\u0131mc\u0131lar\u0131m\u0131z i\u00e7in sundu\u011fumuz ayr\u0131cal\u0131kl\u0131 hizmetler, fuar s\u00fcresince oldu\u011fu kadar \u00f6ncesinde ve sonras\u0131nda da markan\u0131z\u0131 g\u00fc\u00e7lendirmenize yard\u0131mc\u0131 olur. [&hellip;]<\/p>","protected":false},"author":1,"featured_media":0,"parent":0,"menu_order":0,"comment_status":"closed","ping_status":"closed","template":"tpl-default-elementor.php","meta":{"footnotes":""},"class_list":["post-749","page","type-page","status-publish","hentry"],"_links":{"self":[{"href":"https:\/\/kayserifurniturefair.com\/en\/wp-json\/wp\/v2\/pages\/749","targetHints":{"allow":["GET"]}}],"collection":[{"href":"https:\/\/kayserifurniturefair.com\/en\/wp-json\/wp\/v2\/pages"}],"about":[{"href":"https:\/\/kayserifurniturefair.com\/en\/wp-json\/wp\/v2\/types\/page"}],"author":[{"embeddable":true,"href":"https:\/\/kayserifurniturefair.com\/en\/wp-json\/wp\/v2\/users\/1"}],"replies":[{"embeddable":true,"href":"https:\/\/kayserifurniturefair.com\/en\/wp-json\/wp\/v2\/comments?post=749"}],"version-history":[{"count":26,"href":"https:\/\/kayserifurniturefair.com\/en\/wp-json\/wp\/v2\/pages\/749\/revisions"}],"predecessor-version":[{"id":4312,"href":"https:\/\/kayserifurniturefair.com\/en\/wp-json\/wp\/v2\/pages\/749\/revisions\/4312"}],"wp:attachment":[{"href":"https:\/\/kayserifurniturefair.com\/en\/wp-json\/wp\/v2\/media?parent=749"}],"curies":[{"name":"wp","href":"https:\/\/api.w.org\/{rel}","templated":true}]}}