{"id":4231,"date":"2025-11-12T10:14:08","date_gmt":"2025-11-12T10:14:08","guid":{"rendered":"https:\/\/kayserifurniturefair.com\/?page_id=4231"},"modified":"2025-11-12T14:00:00","modified_gmt":"2025-11-12T14:00:00","slug":"konaklama-onerileri","status":"publish","type":"page","link":"https:\/\/kayserifurniturefair.com\/ru\/konaklama-onerileri\/","title":{"rendered":"\u0420\u0435\u043a\u043e\u043c\u0435\u043d\u0434\u0430\u0446\u0438\u0438 \u043f\u043e \u0440\u0430\u0437\u043c\u0435\u0449\u0435\u043d\u0438\u044e"},"content":{"rendered":"<div data-elementor-type=\"wp-page\" data-elementor-id=\"4231\" class=\"elementor elementor-4231\">\n\t\t\t\t<div class=\"elementor-element elementor-element-299dc5c e-flex e-con-boxed e-con e-parent\" data-id=\"299dc5c\" data-element_type=\"container\">\n\t\t\t\t\t<div class=\"e-con-inner\">\n\t\t\t\t<div class=\"elementor-element elementor-element-e7c9b49 elementor-widget elementor-widget-heading\" data-id=\"e7c9b49\" data-element_type=\"widget\" data-widget_type=\"heading.default\">\n\t\t\t\t\t<h2 class=\"elementor-heading-title elementor-size-default\">Konaklama \u00d6nerilerimiz<\/h2>\t\t\t\t<\/div>\n\t\t\t\t\t<\/div>\n\t\t\t\t<\/div>\n\t\t<div class=\"elementor-element elementor-element-9c689ba e-flex e-con-boxed e-con e-parent\" data-id=\"9c689ba\" data-element_type=\"container\">\n\t\t\t\t\t<div class=\"e-con-inner\">\n\t\t<div class=\"elementor-element elementor-element-c87572c e-con-full e-flex e-con e-child\" data-id=\"c87572c\" data-element_type=\"container\">\n\t\t\t\t<div class=\"elementor-element elementor-element-1ffcbbe elementor-widget elementor-widget-text-editor\" data-id=\"1ffcbbe\" data-element_type=\"widget\" data-widget_type=\"text-editor.default\">\n\t\t\t\t\t\t\t\t\t<div class=\"py-sm-1 py-0\"><div class=\"py-sm-1 py-0\"><div class=\"py-sm-1 py-0\"><h3 class=\"py-sm-1 py-0\"><span style=\"text-decoration: underline;\"><a href=\"https:\/\/www.wyndhamhotels.com\/wyndham-grand\/kayseri-turkiye\/whyndam-grand-kayseri\/overview\">WYNDHAM<\/a><\/span><\/h3><\/div><\/div><\/div><p>\u0130\u015f odakl\u0131 konaklamaya uygun, geni\u015f odalar\u0131 ve toplant\u0131 alanlar\u0131yla \u00f6ne \u00e7\u0131kar. \u015eehir merkezine ve ula\u015f\u0131m hatlar\u0131na yak\u0131n konumuyla fuar s\u00fcresince pratik bir deneyim sunar.<br \/>\u00d6ne \u00e7\u0131kanlar: \u00dccretsiz Wi-Fi, kahvalt\u0131 opsiyonu, fitness.<\/p>\t\t\t\t\t\t\t\t<\/div>\n\t\t\t\t<\/div>\n\t\t<div class=\"elementor-element elementor-element-7dc279a e-con-full e-flex e-con e-child\" data-id=\"7dc279a\" data-element_type=\"container\">\n\t\t\t\t<div class=\"elementor-element elementor-element-ce3ccca elementor-widget elementor-widget-text-editor\" data-id=\"ce3ccca\" data-element_type=\"widget\" data-widget_type=\"text-editor.default\">\n\t\t\t\t\t\t\t\t\t<div class=\"py-sm-1 py-0\"><div class=\"py-sm-1 py-0\"><div class=\"py-sm-1 py-0\"><h3 class=\"py-sm-1 py-0\"><span style=\"text-decoration: underline;\"><a href=\"https:\/\/all.accor.com\/hotel\/6905\/index.tr.shtml\">IBIS<\/a><\/span><\/h3><\/div><\/div><\/div><p>Kompakt ve i\u015flevsel odalar\u0131yla pratik konaklama arayan kat\u0131l\u0131mc\u0131lar i\u00e7in idealdir. H\u0131zl\u0131 check-in ve temel i\u015f seyahati ihtiya\u00e7lar\u0131na uygun hizmetler sunar.<br \/>\u00d6ne \u00e7\u0131kanlar: H\u0131zl\u0131 giri\u015f\/\u00e7\u0131k\u0131\u015f, 24 saat resepsiyon, otopark.<\/p>\t\t\t\t\t\t\t\t<\/div>\n\t\t\t\t<\/div>\n\t\t\t\t\t<\/div>\n\t\t\t\t<\/div>\n\t\t<div class=\"elementor-element elementor-element-6c7fa3e e-flex e-con-boxed e-con e-parent\" data-id=\"6c7fa3e\" data-element_type=\"container\">\n\t\t\t\t\t<div class=\"e-con-inner\">\n\t\t<div class=\"elementor-element elementor-element-47d1eaa e-con-full e-flex e-con e-child\" data-id=\"47d1eaa\" data-element_type=\"container\">\n\t\t\t\t<div class=\"elementor-element elementor-element-2b9f2d9 elementor-widget elementor-widget-text-editor\" data-id=\"2b9f2d9\" data-element_type=\"widget\" data-widget_type=\"text-editor.default\">\n\t\t\t\t\t\t\t\t\t<div class=\"py-sm-1 py-0\"><div class=\"py-sm-1 py-0\"><div class=\"py-sm-1 py-0\"><h3 class=\"py-sm-1 py-0\"><span style=\"text-decoration: underline;\"><a href=\"https:\/\/www.novotelkayseri.com\/tr\/\">NOV (Novotel)<\/a><\/span><\/h3><\/div><\/div><\/div><p data-start=\"783\" data-end=\"847\">Rahat oda se\u00e7enekleri ve zengin a\u00e7\u0131k b\u00fcfe kahvalt\u0131s\u0131yla konforu \u00f6ne \u00e7\u0131kar\u0131r. Ortak \u00e7al\u0131\u015fma alanlar\u0131 ve restoran\u0131yla uzun konaklamalara da uygundur.<br \/>\u00d6ne \u00e7\u0131kanlar: Restoran &amp; lounge, \u00e7al\u0131\u015fma alan\u0131, oda servisi.<\/p>\t\t\t\t\t\t\t\t<\/div>\n\t\t\t\t<\/div>\n\t\t<div class=\"elementor-element elementor-element-54fda0a e-con-full e-flex e-con e-child\" data-id=\"54fda0a\" data-element_type=\"container\">\n\t\t\t\t<div class=\"elementor-element elementor-element-10c3e5c elementor-widget elementor-widget-text-editor\" data-id=\"10c3e5c\" data-element_type=\"widget\" data-widget_type=\"text-editor.default\">\n\t\t\t\t\t\t\t\t\t<div class=\"py-sm-1 py-0\"><div class=\"py-sm-1 py-0\"><h3 class=\"py-sm-1 py-0\"><span style=\"text-decoration: underline;\"><a href=\"https:\/\/www.thekayseriloft.com\/\">LOFT<\/a><\/span><\/h3><\/div><\/div><p data-start=\"1077\" data-end=\"1136\">Uzun s\u00fcreli kal\u0131\u015flara uygun, geni\u015f ya\u015fam alan\u0131 ve mini mutfak opsiyonlar\u0131yla esnek bir konaklama deneyimi sunar.<br \/>\u00d6ne \u00e7\u0131kanlar: Geni\u015f odalar, mini mutfak (se\u00e7ili odalar), \u00e7ama\u015f\u0131rhane.<\/p>\t\t\t\t\t\t\t\t<\/div>\n\t\t\t\t<\/div>\n\t\t\t\t\t<\/div>\n\t\t\t\t<\/div>\n\t\t<div class=\"elementor-element elementor-element-ff11701 e-flex e-con-boxed e-con e-parent\" data-id=\"ff11701\" data-element_type=\"container\">\n\t\t\t\t\t<div class=\"e-con-inner\">\n\t\t\t\t<div class=\"elementor-element elementor-element-247d6ad elementor-widget elementor-widget-text-editor\" data-id=\"247d6ad\" data-element_type=\"widget\" data-widget_type=\"text-editor.default\">\n\t\t\t\t\t\t\t\t\t<div class=\"py-sm-1 py-0\"><div class=\"py-sm-1 py-0\"><div class=\"py-sm-1 py-0\"><h3 class=\"py-sm-1 py-0\"><span style=\"text-decoration: underline;\"><a href=\"https:\/\/www.radissonhotels.com\/tr-tr\/oteller\/radisson-blu-kayseri?+cid=a%3Ase+b%3Agmb+c%3Aemea+i%3Alocal+e%3Ardb+d%3Aeerut+h%3ATRASR1\">RADISSON BLU<\/a><\/span><\/h3><\/div><\/div><\/div><p data-start=\"783\" data-end=\"847\">Kayseri\u2019deki \u00e7a\u011fda\u015f Radisson Blu Hotel, canl\u0131 \u015fehir merkezinde, yerel g\u00f6r\u00fclmesi gereken yerlere ve ideal ula\u015f\u0131m ba\u011flant\u0131lar\u0131na \u00e7ok k\u0131sa bir mesafede yer almaktad\u0131r. Kongre Merkezi ve Spor Salonu dahil, Kayseri do\u011fumlu i\u015f adam\u0131 Kadir Has ve Kadir Has Vakf\u0131 taraf\u0131ndan olu\u015fturulan pek \u00e7ok organizasyonu veya vakf\u0131n e\u011fitim kurumlar\u0131ndan birini ziyaret edin. S\u00f6nm\u00fc\u015f bir volkan\u0131n zirvesinde heyecan verici kayak deneyimi i\u00e7in Erciyes Ski Resort\u2019u ziyaret edin veya Eski \u015eehir b\u00f6lgesinde keyifli bir y\u00fcr\u00fcy\u00fc\u015f yap\u0131n.<\/p>\t\t\t\t\t\t\t\t<\/div>\n\t\t\t\t\t<\/div>\n\t\t\t\t<\/div>\n\t\t<div class=\"elementor-element elementor-element-fe16e3f e-flex e-con-boxed e-con e-parent\" data-id=\"fe16e3f\" data-element_type=\"container\">\n\t\t\t\t\t<div class=\"e-con-inner\">\n\t\t\t\t<div class=\"elementor-element elementor-element-73f6e6e elementor-widget elementor-widget-heading\" data-id=\"73f6e6e\" data-element_type=\"widget\" data-widget_type=\"heading.default\">\n\t\t\t\t\t<h2 class=\"elementor-heading-title elementor-size-default\">\u042f\u0440\u043a\u0430\u044f \u043c\u0435\u0442\u043a\u0430<\/h2>\t\t\t\t<\/div>\n\t\t\t\t\t<\/div>\n\t\t\t\t<\/div>\n\t\t<div class=\"elementor-element elementor-element-afba326 e-flex e-con-boxed e-con e-parent\" data-id=\"afba326\" data-element_type=\"container\">\n\t\t\t\t\t<div class=\"e-con-inner\">\n\t\t<div class=\"elementor-element elementor-element-5fa9d27 e-con-full e-flex e-con e-child\" data-id=\"5fa9d27\" data-element_type=\"container\">\n\t\t\t\t<div class=\"elementor-element elementor-element-6a2aeaf elementor-widget elementor-widget-text-editor\" data-id=\"6a2aeaf\" data-element_type=\"widget\" data-widget_type=\"text-editor.default\">\n\t\t\t\t\t\t\t\t\t<p>\u00a0<\/p><p class=\"s5\"><strong><span class=\"s2\">Fuar Ad\u0131:<\/span><\/strong><span class=\"s7\"> KFF - \u041a\u0430\u0439\u0441\u0435\u0440\u0438 <\/span><span class=\"s7\">\u041c\u0435\u0431\u0435\u043b\u044c<\/span> <span class=\"s7\">\u042f\u0440\u043c\u0430\u0440\u043a\u0430<\/span><span class=\"s7\"><br \/><\/span><strong><span class=\"s2\">Tarih:<\/span><\/strong><span class=\"s7\"> 31 Ocak \u2013 3 \u015eubat 2026<\/span><span class=\"s7\"><br \/><\/span><strong><span class=\"s2\">Yer:<\/span><\/strong><span class=\"s7\"> \u041c\u0435\u0436\u0434\u0443\u043d\u0430\u0440\u043e\u0434\u043d\u044b\u0439 \u0432\u044b\u0441\u0442\u0430\u0432\u043e\u0447\u043d\u044b\u0439 \u0446\u0435\u043d\u0442\u0440 \u041a\u0430\u0439\u0441\u0435\u0440\u0438 OSB<\/span><span class=\"s7\"><br \/><\/span><strong><span class=\"s2\">Organizat\u00f6r:<\/span><\/strong><span class=\"s7\"> Nobel Expo Fuarc\u0131l\u0131k A.\u015e. \u2013 <\/span><a href=\"http:\/\/www.nobelexpo.com\/\"><span class=\"s11\">www.nobelexpo.com<\/span><\/a><span class=\"s7\"><br \/><\/span><strong><span class=\"s2\">Ziyaret Saatleri:<\/span><\/strong><span class=\"s7\"> 10:00 \u2013 18:00 (31 Ocak\u20132 \u015eubat) \/ 10:00 \u2013 17:00 (3 \u015eubat)<\/span><\/p>\t\t\t\t\t\t\t\t<\/div>\n\t\t\t\t<\/div>\n\t\t\t\t<div class=\"elementor-element elementor-element-477f00d elementor-widget elementor-widget-image\" data-id=\"477f00d\" data-element_type=\"widget\" data-widget_type=\"image.default\">\n\t\t\t\t\t\t\t\t\t\t\t\t\t\t\t<img fetchpriority=\"high\" decoding=\"async\" width=\"525\" height=\"218\" src=\"https:\/\/kayserifurniturefair.com\/wp-content\/uploads\/2025\/11\/WhatsApp-Image-2025-11-11-at-13.36.22-1024x426.jpeg\" class=\"attachment-large size-large wp-image-4120\" alt=\"\" srcset=\"https:\/\/kayserifurniturefair.com\/wp-content\/uploads\/2025\/11\/WhatsApp-Image-2025-11-11-at-13.36.22-1024x426.jpeg 1024w, https:\/\/kayserifurniturefair.com\/wp-content\/uploads\/2025\/11\/WhatsApp-Image-2025-11-11-at-13.36.22-300x125.jpeg 300w, https:\/\/kayserifurniturefair.com\/wp-content\/uploads\/2025\/11\/WhatsApp-Image-2025-11-11-at-13.36.22-768x320.jpeg 768w, https:\/\/kayserifurniturefair.com\/wp-content\/uploads\/2025\/11\/WhatsApp-Image-2025-11-11-at-13.36.22-1536x639.jpeg 1536w, https:\/\/kayserifurniturefair.com\/wp-content\/uploads\/2025\/11\/WhatsApp-Image-2025-11-11-at-13.36.22.jpeg 1600w\" sizes=\"(max-width: 525px) 100vw, 525px\" \/>\t\t\t\t\t\t\t\t\t\t\t\t\t\t\t<\/div>\n\t\t\t\t\t<\/div>\n\t\t\t\t<\/div>\n\t\t<div class=\"elementor-element elementor-element-77e71fa e-flex e-con-boxed e-con e-parent\" data-id=\"77e71fa\" data-element_type=\"container\">\n\t\t\t\t\t<div class=\"e-con-inner\">\n\t\t\t\t\t<\/div>\n\t\t\t\t<\/div>\n\t\t\t\t<\/div>","protected":false},"excerpt":{"rendered":"<p>Konaklama \u00d6nerilerimiz WYNDHAM \u0130\u015f odakl\u0131 konaklamaya uygun, geni\u015f odalar\u0131 ve toplant\u0131 alanlar\u0131yla \u00f6ne \u00e7\u0131kar. \u015eehir merkezine ve ula\u015f\u0131m hatlar\u0131na yak\u0131n konumuyla fuar s\u00fcresince pratik bir deneyim sunar.\u00d6ne \u00e7\u0131kanlar: \u00dccretsiz Wi-Fi, kahvalt\u0131 opsiyonu, fitness. IBIS Kompakt ve i\u015flevsel odalar\u0131yla pratik konaklama arayan kat\u0131l\u0131mc\u0131lar i\u00e7in idealdir. H\u0131zl\u0131 check-in ve temel i\u015f seyahati ihtiya\u00e7lar\u0131na uygun hizmetler sunar.\u00d6ne \u00e7\u0131kanlar: [&hellip;]<\/p>","protected":false},"author":1,"featured_media":0,"parent":0,"menu_order":0,"comment_status":"closed","ping_status":"closed","template":"","meta":{"footnotes":""},"class_list":["post-4231","page","type-page","status-publish","hentry"],"_links":{"self":[{"href":"https:\/\/kayserifurniturefair.com\/ru\/wp-json\/wp\/v2\/pages\/4231","targetHints":{"allow":["GET"]}}],"collection":[{"href":"https:\/\/kayserifurniturefair.com\/ru\/wp-json\/wp\/v2\/pages"}],"about":[{"href":"https:\/\/kayserifurniturefair.com\/ru\/wp-json\/wp\/v2\/types\/page"}],"author":[{"embeddable":true,"href":"https:\/\/kayserifurniturefair.com\/ru\/wp-json\/wp\/v2\/users\/1"}],"replies":[{"embeddable":true,"href":"https:\/\/kayserifurniturefair.com\/ru\/wp-json\/wp\/v2\/comments?post=4231"}],"version-history":[{"count":11,"href":"https:\/\/kayserifurniturefair.com\/ru\/wp-json\/wp\/v2\/pages\/4231\/revisions"}],"predecessor-version":[{"id":4332,"href":"https:\/\/kayserifurniturefair.com\/ru\/wp-json\/wp\/v2\/pages\/4231\/revisions\/4332"}],"wp:attachment":[{"href":"https:\/\/kayserifurniturefair.com\/ru\/wp-json\/wp\/v2\/media?parent=4231"}],"curies":[{"name":"wp","href":"https:\/\/api.w.org\/{rel}","templated":true}]}}